{"id":1442,"date":"2026-01-20T12:08:23","date_gmt":"2026-01-20T12:08:23","guid":{"rendered":"https:\/\/bonuskongcasino.com\/app-2\/"},"modified":"2026-03-19T08:38:01","modified_gmt":"2026-03-19T08:38:01","slug":"app","status":"publish","type":"page","link":"https:\/\/betsamurocasino.org\/de\/app\/","title":{"rendered":"App"},"content":{"rendered":"<h1>Betsamuro Mobile-Plattform<\/h1>\n<p>Die Betsamuro-App ist eine moderne mobile L\u00f6sung, die schnellen Zugriff auf Casinospiele ohne komplizierte Installation erm\u00f6glicht. Sie basiert auf aktuellen Webtechnologien und verf\u00fcgt \u00fcber eine einfache, \u00fcbersichtliche Benutzeroberfl\u00e4che. Die Plattform funktioniert sowohl auf Mobilger\u00e4ten als auch auf Desktop-Computern, ohne dass es dabei zu nennenswerten Unterschieden in der Benutzerfreundlichkeit kommt.<\/p>\n<p>Betsamuro bietet Spielern Zugang zu einer gro\u00dfen Auswahl an Online-Slots, Live-Casino-Angeboten und Tischspielen und gew\u00e4hrleistet dabei eine stabile Leistung, klare Grafiken und sichere Transaktionen. Die App verbindet Komfort mit einem einheitlichen Nutzererlebnis auf verschiedenen Ger\u00e4ten.<\/p>\n<div class=\"banner-wrap\" aria-label=\"Banner\"><img src=\"https:\/\/betsamurocasino.org\/wp-content\/uploads\/2026\/03\/banner-desktop.webp\" class=\"w-100 d-none d-lg-block img-pc main-banner-img\" alt=\"betsamuro banner desktop\" fetchpriority=\"high\" decoding=\"async\"><img src=\"https:\/\/betsamurocasino.org\/wp-content\/uploads\/2026\/03\/banner-mobile.webp\" class=\"w-100 d-none d-md-block d-lg-none main-banner-img\" alt=\"betsamuro banner mobile\" fetchpriority=\"high\" decoding=\"async\"><img src=\"https:\/\/betsamurocasino.org\/wp-content\/uploads\/2026\/03\/banner-mobile.webp\" class=\"w-100 d-md-none\" alt=\"betsamuro banner mobile\" fetchpriority=\"high\" decoding=\"async\"><div class=\"banner-description\">\n<div class=\"banner-title\">Willkommensboni<\/div>\n<p class=\"banner-header-title\">1500 \u20ac<\/p>\n<div class=\"banner-header-AdditionalText\">+ 250 Freispiele<\/div>\n<button data-item=\"homepage_banner_link\" class=\"goto m-button m-gradient-border m-button--primary m-button--large banner-button btn-orange\">\n            <div class=\"m-button-content\">\n                <span>Jetzt anmelden<\/span>\n                <span><\/span>\n            <\/div>\n        <\/button>\n<\/div>\n<div class=\"WelcomePack\">\n<p><img loading=\"lazy\" decoding=\"async\" class=\"alignnone size-full wp-image-1853\" src=\"https:\/\/betsamurocasino.org\/wp-content\/uploads\/2026\/03\/welcome-crown.png\" alt=\"welcome crown\" width=\"25\" height=\"26\" \/><\/p>\n<div class=\"WelcomePack-Info\">W\u00f6chentlicher Cashback von bis zu 25 %<\/div>\n<p><img loading=\"lazy\" decoding=\"async\" class=\"alignnone size-full wp-image-1853\" src=\"https:\/\/betsamurocasino.org\/wp-content\/uploads\/2026\/03\/welcome-crown.png\" alt=\"welcome crown\" width=\"25\" height=\"26\" \/><\/p>\n<\/div>\n<\/div>\n<h2>Die Betsamuro-App auf dem Handy nutzen<\/h2>\n<p>Die Betsamuro-App ist f\u00fcr mobiles Gaming ausgelegt und f\u00fcr eine stabile Nutzung auf Smartphones und Tablets optimiert. Sie unterst\u00fctzt die g\u00e4ngigsten Ger\u00e4te und ist so konzipiert, dass sie reibungslos l\u00e4uft \u2013 mit schnellen Ladezeiten und einer f\u00fcr kleinere Bildschirme angepassten Benutzeroberfl\u00e4che.<\/p>\n<p>Mit der Betsamuro-App k\u00f6nnen Spieler in verschiedenen Situationen auf ihre Lieblingsspiele zugreifen, egal ob zu Hause oder unterwegs, wenn sie keinen Zugang zu ihrem Desktop-Ger\u00e4t haben. Die Benutzeroberfl\u00e4che ist \u00fcbersichtlich, was die Navigation erleichtert, und die Plattform verf\u00fcgt \u00fcber Sicherheitsma\u00dfnahmen zum Schutz personenbezogener Daten und Zahlungsvorg\u00e4nge.<\/p>\n<p>Das Betsamuro Mobile Casino richtet sich an Nutzer, die sich im Vergleich zum Desktop-Zugang eine flexiblere Spielm\u00f6glichkeit w\u00fcnschen. Es erm\u00f6glicht den Spielern, Smartphones und Tablets zu nutzen, ohne auf die wichtigsten Spielkategorien oder die visuelle Qualit\u00e4t der Plattform verzichten zu m\u00fcssen. Die gesamte Spielauswahl steht in Echtzeit zur Verf\u00fcgung.<\/p>\n<p><div class=\"scrollable-content-wrap my-5\"><div class=\"scrollable-content-inner\"><h2>Betsamuro Android-App<\/h2>\n<p>Die Android-Version von Betsamuro wird als Progressive Web Application (PWA) angeboten, wodurch Nutzer auf die Plattform zugreifen k\u00f6nnen, ohne APK-Dateien herunterladen zu m\u00fcssen. Dieser Ansatz verringert die Abh\u00e4ngigkeit von Installationsdateien von Drittanbietern und erm\u00f6glicht einen direkteren Zugriff \u00fcber den Browser.<\/p>\n<p>Das PWA-Format vereinfacht die Installation und erm\u00f6glicht automatische Updates, einschlie\u00dflich neuer Funktionen und Spielinhalte. Um die App auf dem Startbildschirm zu platzieren, muss der Nutzer lediglich die entsprechende Option auf der mobilen Version der Website nutzen. Danach steht das Symbol f\u00fcr den schnellen Zugriff zur Verf\u00fcgung.<\/p>\n<p>Die Android-Version bietet alle wichtigen Funktionen der Plattform, darunter Echtgeldtransaktionen, Benachrichtigungen zu aktuellen Angeboten und Zugriff auf den gesamten Spielekatalog, wie beispielsweise Online-Slots, Live-Casino und Tischspiele. In Bezug auf Aufbau und Navigation \u00e4hnelt sie stark der Desktop-Version, was die Bedienung vereinfacht.<\/p>\n<p>Doch was sind die wichtigsten Merkmale unserer Betsamuro-App? Lassen Sie uns diese kurz aufz\u00e4hlen:<\/p>\n<ul>\n<li>Eine zu 100 % responsive Benutzeroberfl\u00e4che, die sich an verschiedene Bildschirmgr\u00f6\u00dfen anpasst.<\/li>\n<li>Schnelles Gameplay mit stabiler Leistung auch in Spitzenzeiten.<\/li>\n<li>Zugang zu Online-Slots, Live-Casino und Crash-Spielen.<\/li>\n<li>Durch Verschl\u00fcsselungstechnologie gesicherte Transaktionen.<\/li>\n<li>Kompatibilit\u00e4t mit Android- und iOS-Ger\u00e4ten.<\/li>\n<li>Zugriff ohne langwierige Downloads oder komplizierte Installationen.<\/li>\n<\/ul>\n<p>Die Betsamuro-App wurde als praktische Alternative f\u00fcr Nutzer entwickelt, die einen direkten und unkomplizierten Zugang zur Plattform bevorzugen.<\/p>\n<h3>Betsamuro Casino PWA und APK<\/h3>\n<p>Bei Betsamuro wird die Plattform im Einklang mit den aktuellen digitalen Trends entwickelt, was sich auch in der Umstellung auf eine webbasierte Anwendung widerspiegelt. Durch den Einsatz der PWA-Technologie wird der Bedarf an herk\u00f6mmlichen APK-Dateien reduziert, wodurch zus\u00e4tzliche Installationsschritte aus unbekannten Quellen vermieden werden.<\/p>\n<p>Die PWA-Version ist auf schnelles Laden und umfassende Kompatibilit\u00e4t mit modernen Android-Ger\u00e4ten ausgelegt. Die Betsamuro-App kann direkt \u00fcber den Browser hinzugef\u00fcgt werden und aktualisiert sich automatisch, sodass Nutzer aktuelle Funktionen und technische Verbesserungen erhalten, ohne selbst etwas tun zu m\u00fcssen. Dieses System tr\u00e4gt zu einem nahtloseren Nutzererlebnis bei, indem es Probleme im Zusammenhang mit Updates und Kompatibilit\u00e4t reduziert.<\/p>\n<p>Warum ist eine PWA besser?<\/p>\n<table>\n<tbody>\n<tr>\n<td>Besonderheiten des Betsamuro Casinos<\/td>\n<td>PWA<\/td>\n<td>APK<\/td>\n<\/tr>\n<tr>\n<td>Sicherheit<\/td>\n<td>H\u00f6here Sicherheit durch browserbasierten Zugriff.<\/td>\n<td>Ein erh\u00f6htes Risiko besteht, wenn Dateien aus unbekannten Quellen heruntergeladen werden.<\/td>\n<\/tr>\n<tr>\n<td>So installieren Sie<\/td>\n<td>Wird direkt \u00fcber den Webbrowser installiert.<\/td>\n<td>Muss manuell heruntergeladen und installiert werden.<\/td>\n<\/tr>\n<tr>\n<td>Aktualisierungen<\/td>\n<td>Wird im Browser automatisch aktualisiert.<\/td>\n<td>Muss in der Regel manuell aktualisiert werden.<\/td>\n<\/tr>\n<tr>\n<td>Kompatibilit\u00e4t<\/td>\n<td>Funktioniert mit den meisten modernen Android-Ger\u00e4ten und Browsern.<\/td>\n<td>Je nach Ger\u00e4t oder System-Updates k\u00f6nnen Kompatibilit\u00e4tsprobleme auftreten.<\/td>\n<\/tr>\n<tr>\n<td>Ladegeschwindigkeit<\/td>\n<td>L\u00e4dt schnell und sorgt f\u00fcr eine fl\u00fcssigere Bedienung.<\/td>\n<td>Die Geschwindigkeit kann je nach Ger\u00e4t und installierter Version variieren.<\/td>\n<\/tr>\n<tr>\n<td>Wartung und Aktualisierungen:<\/td>\n<td>Es ist kein manuelles Update erforderlich. Die Benutzer erhalten automatisch Zugriff auf die aktuelle Version.<\/td>\n<td>Es sind manuelle Aktualisierungen erforderlich.<\/td>\n<\/tr>\n<tr>\n<td>Benutzererfahrung:<\/td>\n<td>Bietet ein stabileres Erlebnis, da es weniger St\u00f6rungen durch Software und Kompatibilit\u00e4tsprobleme gibt.<\/td>\n<td>Aktualisierungen und technische Probleme k\u00f6nnen die Benutzerfreundlichkeit beeintr\u00e4chtigen.<\/td>\n<\/tr>\n<tr>\n<td>Vertrieb:<\/td>\n<td>Direkt \u00fcber den Browser zug\u00e4nglich, ohne dass ein Download erforderlich ist.<\/td>\n<td>In der Regel werden sie \u00fcber Gesch\u00e4fte vertrieben, die ihre eigenen Regeln und Genehmigungsverfahren haben.<\/td>\n<\/tr>\n<\/tbody>\n<\/table>\n<p><img loading=\"lazy\" decoding=\"async\" class=\"alignnone size-full wp-image-1893\" src=\"https:\/\/betsamurocasino.org\/wp-content\/uploads\/2026\/03\/Betsamuro-Casino-for-Android.webp\" alt=\"Betsamuro Casino for Android\" width=\"1248\" height=\"536\" srcset=\"https:\/\/betsamurocasino.org\/wp-content\/uploads\/2026\/03\/Betsamuro-Casino-for-Android.webp 1248w, https:\/\/betsamurocasino.org\/wp-content\/uploads\/2026\/03\/Betsamuro-Casino-for-Android-300x129.webp 300w, https:\/\/betsamurocasino.org\/wp-content\/uploads\/2026\/03\/Betsamuro-Casino-for-Android-1024x440.webp 1024w, https:\/\/betsamurocasino.org\/wp-content\/uploads\/2026\/03\/Betsamuro-Casino-for-Android-768x330.webp 768w\" sizes=\"auto, (max-width: 1248px) 100vw, 1248px\" \/><\/p>\n<\/div><\/div><div style=\"clear: both\"><\/div><div class=\"d-flex justify-content-center\"><button data-item=\"decouvrez_link\" data-group=\"website_links\" class=\"goto fw-bold rounded-pill btn btn-orange\" aria-label=\"Laden Sie die Betsamuro-App herunter\" >Laden Sie die Betsamuro-App herunter<\/button><\/div><div class=\"scrollable-content-wrap my-5\"><div class=\"scrollable-content-inner\"><h2>Betsamuro Casino iOS-App<\/h2>\n<p>Das Betsamuro Casino bietet au\u00dferdem eine PWA-Option f\u00fcr iPhone- und iPad-Nutzer an. Zur Installation muss der Nutzer die Website in Safari \u00f6ffnen und im Freigabemen\u00fc die Option \u201eZum Startbildschirm hinzuf\u00fcgen\u201c ausw\u00e4hlen. Nach dem Hinzuf\u00fcgen bietet die App direkten Zugriff auf Online-Slots, Live-Casino-Spiele und f\u00fcr Apple-Ger\u00e4te optimierte Tischspiele.<\/p>\n<p>Die iOS-Version wurde mit Blick auf die Leistung entwickelt, um Verz\u00f6gerungen w\u00e4hrend des Spiels zu minimieren. Grafiken und Animationen sind f\u00fcr Apple-Ger\u00e4te optimiert, w\u00e4hrend zahlungsbezogene Vorg\u00e4nge durch Verschl\u00fcsselungs- und Verifizierungsma\u00dfnahmen gesch\u00fctzt sind. Dies tr\u00e4gt dazu bei, eine sicherere Umgebung f\u00fcr die mobile Nutzung zu schaffen.<\/p>\n<p><img loading=\"lazy\" decoding=\"async\" class=\"alignnone size-full wp-image-1901\" src=\"https:\/\/betsamurocasino.org\/wp-content\/uploads\/2026\/03\/Betsamuro-Casino-for-iOS.webp\" alt=\"Betsamuro Casino for iOS\" width=\"1248\" height=\"536\" srcset=\"https:\/\/betsamurocasino.org\/wp-content\/uploads\/2026\/03\/Betsamuro-Casino-for-iOS.webp 1248w, https:\/\/betsamurocasino.org\/wp-content\/uploads\/2026\/03\/Betsamuro-Casino-for-iOS-300x129.webp 300w, https:\/\/betsamurocasino.org\/wp-content\/uploads\/2026\/03\/Betsamuro-Casino-for-iOS-1024x440.webp 1024w, https:\/\/betsamurocasino.org\/wp-content\/uploads\/2026\/03\/Betsamuro-Casino-for-iOS-768x330.webp 768w\" sizes=\"auto, (max-width: 1248px) 100vw, 1248px\" \/><\/p>\n<\/div><\/div><div style=\"clear: both\"><\/div><div class=\"d-flex justify-content-center\"><button data-item=\"decouvrez_link\" data-group=\"website_links\" class=\"goto fw-bold rounded-pill btn btn-orange\" aria-label=\"Betsamuro herunterladen\" >Betsamuro herunterladen<\/button><\/div><div class=\"scrollable-content-wrap my-5\"><div class=\"scrollable-content-inner\"><h2>Windows- und macOS-Anwendungen<\/h2>\n<p>Neben der mobilen Version ist das Betsamuro Casino auch als Desktop-Version f\u00fcr Nutzer von Windows und macOS verf\u00fcgbar. Die Desktop-Version ist f\u00fcr gr\u00f6\u00dfere Bildschirme optimiert und verf\u00fcgt \u00fcber eine \u00fcbersichtliche Benutzeroberfl\u00e4che f\u00fcr den Zugriff auf das Konto und die Verwaltung des Spielgeschehens.<\/p>\n<p>Spieler k\u00f6nnen das gesamte Angebot der Plattform nutzen, darunter Online-Slots, Live-Casino-Spiele, Baccarat und Poker, und dabei die \u00fcblichen Zahlungsfunktionen verwenden. F\u00fcr einen schnelleren Zugriff k\u00f6nnen zudem Desktop-Verkn\u00fcpfungen erstellt werden. Die Desktop-Version verf\u00fcgt \u00fcber dieselben wichtigen Sicherheitsfunktionen wie die mobile Version sowie einen Live-Chat-Support f\u00fcr direkte Hilfe.<\/p>\n<p><img loading=\"lazy\" decoding=\"async\" class=\"alignnone size-full wp-image-1877\" src=\"https:\/\/betsamurocasino.org\/wp-content\/uploads\/2026\/03\/Betsamuro-Application-for-PC.webp\" alt=\"Betsamuro Application for PC\" width=\"1248\" height=\"536\" srcset=\"https:\/\/betsamurocasino.org\/wp-content\/uploads\/2026\/03\/Betsamuro-Application-for-PC.webp 1248w, https:\/\/betsamurocasino.org\/wp-content\/uploads\/2026\/03\/Betsamuro-Application-for-PC-300x129.webp 300w, https:\/\/betsamurocasino.org\/wp-content\/uploads\/2026\/03\/Betsamuro-Application-for-PC-1024x440.webp 1024w, https:\/\/betsamurocasino.org\/wp-content\/uploads\/2026\/03\/Betsamuro-Application-for-PC-768x330.webp 768w\" sizes=\"auto, (max-width: 1248px) 100vw, 1248px\" \/><\/p>\n<\/div><\/div><div style=\"clear: both\"><\/div><div class=\"d-flex justify-content-center\"><button data-item=\"decouvrez_link\" data-group=\"website_links\" class=\"goto fw-bold rounded-pill btn btn-orange\" aria-label=\"Laden Sie die Betsamuro-App herunter\" >Laden Sie die Betsamuro-App herunter<\/button><\/div><div class=\"scrollable-content-wrap my-5\"><div class=\"scrollable-content-inner\"><h2>FAQ<\/h2>\n<h3>Muss man ein Konto erstellen, um die Betsamuro-App nutzen zu k\u00f6nnen?<\/h3>\n<p>Um auf alle Funktionen der Plattform zugreifen zu k\u00f6nnen, darunter Echtgeldtransaktionen, Spielfunktionen und die Kontoverifizierung, m\u00fcssen Nutzer ein registriertes Konto erstellen. Der Registrierungsprozess in der Betsamuro-App ist einfach und nimmt nicht viel Zeit in Anspruch. Nach der Registrierung k\u00f6nnen Spieler ihr Konto auf verschiedenen Ger\u00e4ten nutzen.<\/p>\n<h3>Bietet die Bet Samuro Casino-App einen Kundensupport an?<\/h3>\n<p>Bet Samuro bietet einen Kundensupport rund um die Uhr. Nutzer k\u00f6nnen das Support-Team per Live-Chat, E-Mail und \u00fcber den FAQ-Bereich kontaktieren. Es wird Unterst\u00fctzung bei technischen Problemen, Fragen zum Konto und Zahlungsangelegenheiten angeboten, was den Nutzern hilft, Probleme bei der Nutzung der Plattform zu l\u00f6sen.<\/p>\n<h3>Wie kann ich die Betsamuro Casino-App aktualisieren?<\/h3>\n<p>F\u00fcr mobile Nutzer wird die Betsamuro-App automatisch \u00fcber die Web-App oder im PWA-Format aktualisiert. In den meisten F\u00e4llen sind keine manuellen Schritte erforderlich. So k\u00f6nnen Nutzer auf die neuesten Funktionen und Sicherheitsverbesserungen zugreifen, ohne Updates separat installieren zu m\u00fcssen.<\/p>\n<\/div><\/div><\/p>\n","protected":false},"excerpt":{"rendered":"<p>Betsamuro Mobile-Plattform Die Betsamuro-App ist eine moderne mobile L\u00f6sung, die schnellen Zugriff auf Casinospiele ohne komplizierte Installation erm\u00f6glicht. Sie basiert auf aktuellen Webtechnologien und verf\u00fcgt \u00fcber eine einfache, \u00fcbersichtliche Benutzeroberfl\u00e4che. Die Plattform funktioniert sowohl auf Mobilger\u00e4ten als auch auf Desktop-Computern, ohne dass es dabei zu nennenswerten Unterschieden in der Benutzerfreundlichkeit kommt. Betsamuro bietet Spielern Zugang [&hellip;]<\/p>\n","protected":false},"author":1,"featured_media":0,"parent":0,"menu_order":0,"comment_status":"closed","ping_status":"closed","template":"template-builder.php","meta":{"_acf_changed":false,"inline_featured_image":false,"footnotes":""},"class_list":["post-1442","page","type-page","status-publish","hentry"],"acf":[],"yoast_head":"<!-- This site is optimized with the Yoast SEO plugin v27.3 - https:\/\/yoast.com\/product\/yoast-seo-wordpress\/ -->\n<title>Betsamuro-App herunterladen | iOS &amp; Android<\/title>\n<meta name=\"description\" content=\"Die Betsamuro-App gew\u00e4hrleistet ein reibungsloses Spielerlebnis auf Android-, iOS-, Windows- und macOS-Plattformen und bietet dar\u00fcber hinaus Kontosynchronisierung, regelm\u00e4\u00dfige Updates sowie integrierten Kundensupport f\u00fcr eine einfache Nutzung.\" \/>\n<meta name=\"robots\" content=\"index, follow, max-snippet:-1, max-image-preview:large, max-video-preview:-1\" \/>\n<link rel=\"canonical\" href=\"https:\/\/betsamurocasino.org\/de\/app\/\" \/>\n<meta property=\"og:locale\" content=\"de_DE\" \/>\n<meta property=\"og:type\" content=\"article\" \/>\n<meta property=\"og:title\" content=\"Betsamuro-App herunterladen | iOS &amp; Android\" \/>\n<meta property=\"og:description\" content=\"Die Betsamuro-App gew\u00e4hrleistet ein reibungsloses Spielerlebnis auf Android-, iOS-, Windows- und macOS-Plattformen und bietet dar\u00fcber hinaus Kontosynchronisierung, regelm\u00e4\u00dfige Updates sowie integrierten Kundensupport f\u00fcr eine einfache Nutzung.\" \/>\n<meta property=\"og:url\" content=\"https:\/\/betsamurocasino.org\/de\/app\/\" \/>\n<meta property=\"og:site_name\" content=\"betsamuro\" \/>\n<meta property=\"article:modified_time\" content=\"2026-03-19T08:38:01+00:00\" \/>\n<meta name=\"twitter:card\" content=\"summary_large_image\" \/>\n<meta name=\"twitter:label1\" content=\"Gesch\u00e4tzte Lesezeit\" \/>\n\t<meta name=\"twitter:data1\" content=\"2\u00a0Minuten\" \/>\n<script type=\"application\/ld+json\" class=\"yoast-schema-graph\">{\"@context\":\"https:\\\/\\\/schema.org\",\"@graph\":[{\"@type\":\"WebPage\",\"@id\":\"https:\\\/\\\/betsamurocasino.org\\\/de\\\/app\\\/\",\"url\":\"https:\\\/\\\/betsamurocasino.org\\\/de\\\/app\\\/\",\"name\":\"Betsamuro-App herunterladen | iOS & Android\",\"isPartOf\":{\"@id\":\"https:\\\/\\\/betsamurocasino.org\\\/de\\\/#website\"},\"datePublished\":\"2026-01-20T12:08:23+00:00\",\"dateModified\":\"2026-03-19T08:38:01+00:00\",\"description\":\"Die Betsamuro-App gew\u00e4hrleistet ein reibungsloses Spielerlebnis auf Android-, iOS-, Windows- und macOS-Plattformen und bietet dar\u00fcber hinaus Kontosynchronisierung, regelm\u00e4\u00dfige Updates sowie integrierten Kundensupport f\u00fcr eine einfache Nutzung.\",\"breadcrumb\":{\"@id\":\"https:\\\/\\\/betsamurocasino.org\\\/de\\\/app\\\/#breadcrumb\"},\"inLanguage\":\"de\",\"potentialAction\":[{\"@type\":\"ReadAction\",\"target\":[\"https:\\\/\\\/betsamurocasino.org\\\/de\\\/app\\\/\"]}]},{\"@type\":\"BreadcrumbList\",\"@id\":\"https:\\\/\\\/betsamurocasino.org\\\/de\\\/app\\\/#breadcrumb\",\"itemListElement\":[{\"@type\":\"ListItem\",\"position\":1,\"name\":\"Betsamuro\",\"item\":\"https:\\\/\\\/betsamurocasino.org\\\/de\\\/\"},{\"@type\":\"ListItem\",\"position\":2,\"name\":\"App\"}]},{\"@type\":\"WebSite\",\"@id\":\"https:\\\/\\\/betsamurocasino.org\\\/de\\\/#website\",\"url\":\"https:\\\/\\\/betsamurocasino.org\\\/de\\\/\",\"name\":\"Betsamuro\",\"description\":\"\",\"publisher\":{\"@id\":\"https:\\\/\\\/betsamurocasino.org\\\/de\\\/#organization\"},\"potentialAction\":[{\"@type\":\"SearchAction\",\"target\":{\"@type\":\"EntryPoint\",\"urlTemplate\":\"https:\\\/\\\/betsamurocasino.org\\\/de\\\/?s={search_term_string}\"},\"query-input\":{\"@type\":\"PropertyValueSpecification\",\"valueRequired\":true,\"valueName\":\"search_term_string\"}}],\"inLanguage\":\"de\"},{\"@type\":\"Organization\",\"@id\":\"https:\\\/\\\/betsamurocasino.org\\\/de\\\/#organization\",\"name\":\"Betsamuro\",\"url\":\"https:\\\/\\\/betsamurocasino.org\\\/de\\\/\",\"logo\":{\"@type\":\"ImageObject\",\"inLanguage\":\"de\",\"@id\":\"https:\\\/\\\/betsamurocasino.org\\\/de\\\/#\\\/schema\\\/logo\\\/image\\\/\",\"url\":\"https:\\\/\\\/betsamurocasino.org\\\/wp-content\\\/uploads\\\/2026\\\/03\\\/betsamuro-logo.png\",\"contentUrl\":\"https:\\\/\\\/betsamurocasino.org\\\/wp-content\\\/uploads\\\/2026\\\/03\\\/betsamuro-logo.png\",\"width\":150,\"height\":29,\"caption\":\"Betsamuro\"},\"image\":{\"@id\":\"https:\\\/\\\/betsamurocasino.org\\\/de\\\/#\\\/schema\\\/logo\\\/image\\\/\"}}]}<\/script>\n<!-- \/ Yoast SEO plugin. -->","yoast_head_json":{"title":"Betsamuro-App herunterladen | iOS & Android","description":"Die Betsamuro-App gew\u00e4hrleistet ein reibungsloses Spielerlebnis auf Android-, iOS-, Windows- und macOS-Plattformen und bietet dar\u00fcber hinaus Kontosynchronisierung, regelm\u00e4\u00dfige Updates sowie integrierten Kundensupport f\u00fcr eine einfache Nutzung.","robots":{"index":"index","follow":"follow","max-snippet":"max-snippet:-1","max-image-preview":"max-image-preview:large","max-video-preview":"max-video-preview:-1"},"canonical":"https:\/\/betsamurocasino.org\/de\/app\/","og_locale":"de_DE","og_type":"article","og_title":"Betsamuro-App herunterladen | iOS & Android","og_description":"Die Betsamuro-App gew\u00e4hrleistet ein reibungsloses Spielerlebnis auf Android-, iOS-, Windows- und macOS-Plattformen und bietet dar\u00fcber hinaus Kontosynchronisierung, regelm\u00e4\u00dfige Updates sowie integrierten Kundensupport f\u00fcr eine einfache Nutzung.","og_url":"https:\/\/betsamurocasino.org\/de\/app\/","og_site_name":"betsamuro","article_modified_time":"2026-03-19T08:38:01+00:00","twitter_card":"summary_large_image","twitter_misc":{"Gesch\u00e4tzte Lesezeit":"2\u00a0Minuten"},"schema":{"@context":"https:\/\/schema.org","@graph":[{"@type":"WebPage","@id":"https:\/\/betsamurocasino.org\/de\/app\/","url":"https:\/\/betsamurocasino.org\/de\/app\/","name":"Betsamuro-App herunterladen | iOS & Android","isPartOf":{"@id":"https:\/\/betsamurocasino.org\/de\/#website"},"datePublished":"2026-01-20T12:08:23+00:00","dateModified":"2026-03-19T08:38:01+00:00","description":"Die Betsamuro-App gew\u00e4hrleistet ein reibungsloses Spielerlebnis auf Android-, iOS-, Windows- und macOS-Plattformen und bietet dar\u00fcber hinaus Kontosynchronisierung, regelm\u00e4\u00dfige Updates sowie integrierten Kundensupport f\u00fcr eine einfache Nutzung.","breadcrumb":{"@id":"https:\/\/betsamurocasino.org\/de\/app\/#breadcrumb"},"inLanguage":"de","potentialAction":[{"@type":"ReadAction","target":["https:\/\/betsamurocasino.org\/de\/app\/"]}]},{"@type":"BreadcrumbList","@id":"https:\/\/betsamurocasino.org\/de\/app\/#breadcrumb","itemListElement":[{"@type":"ListItem","position":1,"name":"Betsamuro","item":"https:\/\/betsamurocasino.org\/de\/"},{"@type":"ListItem","position":2,"name":"App"}]},{"@type":"WebSite","@id":"https:\/\/betsamurocasino.org\/de\/#website","url":"https:\/\/betsamurocasino.org\/de\/","name":"Betsamuro","description":"","publisher":{"@id":"https:\/\/betsamurocasino.org\/de\/#organization"},"potentialAction":[{"@type":"SearchAction","target":{"@type":"EntryPoint","urlTemplate":"https:\/\/betsamurocasino.org\/de\/?s={search_term_string}"},"query-input":{"@type":"PropertyValueSpecification","valueRequired":true,"valueName":"search_term_string"}}],"inLanguage":"de"},{"@type":"Organization","@id":"https:\/\/betsamurocasino.org\/de\/#organization","name":"Betsamuro","url":"https:\/\/betsamurocasino.org\/de\/","logo":{"@type":"ImageObject","inLanguage":"de","@id":"https:\/\/betsamurocasino.org\/de\/#\/schema\/logo\/image\/","url":"https:\/\/betsamurocasino.org\/wp-content\/uploads\/2026\/03\/betsamuro-logo.png","contentUrl":"https:\/\/betsamurocasino.org\/wp-content\/uploads\/2026\/03\/betsamuro-logo.png","width":150,"height":29,"caption":"Betsamuro"},"image":{"@id":"https:\/\/betsamurocasino.org\/de\/#\/schema\/logo\/image\/"}}]}},"_links":{"self":[{"href":"https:\/\/betsamurocasino.org\/de\/wp-json\/wp\/v2\/pages\/1442","targetHints":{"allow":["GET"]}}],"collection":[{"href":"https:\/\/betsamurocasino.org\/de\/wp-json\/wp\/v2\/pages"}],"about":[{"href":"https:\/\/betsamurocasino.org\/de\/wp-json\/wp\/v2\/types\/page"}],"author":[{"embeddable":true,"href":"https:\/\/betsamurocasino.org\/de\/wp-json\/wp\/v2\/users\/1"}],"replies":[{"embeddable":true,"href":"https:\/\/betsamurocasino.org\/de\/wp-json\/wp\/v2\/comments?post=1442"}],"version-history":[{"count":3,"href":"https:\/\/betsamurocasino.org\/de\/wp-json\/wp\/v2\/pages\/1442\/revisions"}],"predecessor-version":[{"id":2045,"href":"https:\/\/betsamurocasino.org\/de\/wp-json\/wp\/v2\/pages\/1442\/revisions\/2045"}],"wp:attachment":[{"href":"https:\/\/betsamurocasino.org\/de\/wp-json\/wp\/v2\/media?parent=1442"}],"curies":[{"name":"wp","href":"https:\/\/api.w.org\/{rel}","templated":true}]}}