{"id":1483,"date":"2026-01-20T12:11:11","date_gmt":"2026-01-20T12:11:11","guid":{"rendered":"https:\/\/bonuskongcasino.com\/login-and-registration\/"},"modified":"2026-03-19T08:39:11","modified_gmt":"2026-03-19T08:39:11","slug":"anmeldung-und-registrierung","status":"publish","type":"page","link":"https:\/\/betsamurocasino.org\/de\/anmeldung-und-registrierung\/","title":{"rendered":"Anmeldung und Registrierung"},"content":{"rendered":"<h1>Anmeldung und Registrierung bei Betsamuro<\/h1>\n<p>\u00dcber den Betsamuro-Login erhalten Nutzer Zugriff auf die wichtigsten Funktionen der Plattform, darunter Spiele, Kontoeinstellungen und aktuelle Angebote. Die Plattform bietet eine stabile und sichere Umgebung, in der Spieler ihre Profile verwalten und die verf\u00fcgbaren Funktionen ohne unn\u00f6tige Komplikationen nutzen k\u00f6nnen.<\/p>\n<p>Der Anmeldevorgang bei Betsamuro ist unkompliziert und auf einen bequemen Zugang ausgelegt. Die Plattform setzt zudem Sicherheitsma\u00dfnahmen zum Schutz der Benutzerkonten ein, und der Kundensupport steht jederzeit zur Verf\u00fcgung, falls Hilfe ben\u00f6tigt wird.<\/p>\n<p><div class=\"banner-wrap\" aria-label=\"Banner\"><img src=\"https:\/\/betsamurocasino.org\/wp-content\/uploads\/2026\/03\/banner-desktop.webp\" class=\"w-100 d-none d-lg-block img-pc main-banner-img\" alt=\"betsamuro banner desktop\" fetchpriority=\"high\" decoding=\"async\"><img src=\"https:\/\/betsamurocasino.org\/wp-content\/uploads\/2026\/03\/banner-mobile.webp\" class=\"w-100 d-none d-md-block d-lg-none main-banner-img\" alt=\"betsamuro banner mobile\" fetchpriority=\"high\" decoding=\"async\"><img src=\"https:\/\/betsamurocasino.org\/wp-content\/uploads\/2026\/03\/banner-mobile.webp\" class=\"w-100 d-md-none\" alt=\"betsamuro banner mobile\" fetchpriority=\"high\" decoding=\"async\"><div class=\"banner-description\">\n<div class=\"banner-title\">Willkommensboni<\/div>\n<p class=\"banner-header-title\">1500 \u20ac<\/p>\n<div class=\"banner-header-AdditionalText\">+ 250 Freispiele<\/div>\n<button data-item=\"homepage_banner_link\" class=\"goto m-button m-gradient-border m-button--primary m-button--large banner-button btn-orange\">\n            <div class=\"m-button-content\">\n                <span>Jetzt anmelden<\/span>\n                <span><\/span>\n            <\/div>\n        <\/button>\n<\/div>\n<div class=\"WelcomePack\">\n<p><img loading=\"lazy\" decoding=\"async\" class=\"alignnone size-full wp-image-1853\" src=\"https:\/\/betsamurocasino.org\/wp-content\/uploads\/2026\/03\/welcome-crown.png\" alt=\"welcome crown\" width=\"25\" height=\"26\" \/><\/p>\n<div class=\"WelcomePack-Info\">W\u00f6chentlicher Cashback von bis zu 25 %<\/div>\n<p><img loading=\"lazy\" decoding=\"async\" class=\"alignnone size-full wp-image-1853\" src=\"https:\/\/betsamurocasino.org\/wp-content\/uploads\/2026\/03\/welcome-crown.png\" alt=\"welcome crown\" width=\"25\" height=\"26\" \/><\/p>\n<\/div>\n<\/div><div class=\"scrollable-content-wrap my-5\"><div class=\"scrollable-content-inner\"><h2>Neuanmeldung bei Betsamuro<\/h2>\n<p>Durch die Erstellung eines Kontos bei Betsamuro erhalten neue Nutzer Zugang zu den wichtigsten Funktionen der Plattform und den verf\u00fcgbaren Angeboten. Neue Mitglieder k\u00f6nnen ein Willkommenspaket mit Boni von bis zu 1.500 \u20ac + 250 Freispielen nutzen.<\/p>\n<p>Mit der Registrierung erhalten Nutzer au\u00dferdem Zugang zum pers\u00f6nlichen Kontobereich, wo sie sich \u00fcber Werbeaktionen informieren, Turniere einsehen und ihre Aktivit\u00e4ten auf der Plattform verwalten k\u00f6nnen. Das Registrierungssystem ist einfach und schnell gestaltet, sodass der Vorgang in der Regel nur wenige Minuten dauert.<\/p>\n<h2>Erstellen Sie Ihr Konto bei Betsamuro Casino<\/h2>\n<p>Wenn Ihnen das Spielen im Demo-Modus nicht mehr ausreicht und Sie zum Echtgeldspiel wechseln m\u00f6chten, ist der n\u00e4chste Schritt die Erstellung eines pers\u00f6nlichen Kontos bei Betsamuro Casino. Nach Abschluss der Registrierung k\u00f6nnen Nutzer sich bei Betsamuro anmelden und auf die Funktionen der Plattform zugreifen.<\/p>\n<p>Die Kontoer\u00f6ffnung bei Betsamuro Casino beginnt mit einem einfachen Registrierungsvorgang.<\/p>\n<ol>\n<li>In der oberen rechten Ecke der Startseite des Betsamuro Casinos befindet sich eine Schaltfl\u00e4che zur Registrierung.<\/li>\n<li>Geben Sie die erforderlichen Informationen ein, darunter Ihre E-Mail-Adresse und ein sicheres Passwort.<\/li>\n<li>Best\u00e4tigen Sie die eingegebenen Angaben, indem Sie das K\u00e4stchen ankreuzen und den Allgemeinen Gesch\u00e4ftsbedingungen zustimmen.<\/li>\n<li>Nach der Registrierung steht das Konto sofort zur Nutzung bereit und bietet Zugriff auf die wichtigsten Funktionen und Merkmale der Plattform.<\/li>\n<\/ol>\n<p>Der Registrierungsprozess ist so gestaltet, dass Nutzer die Plattform ohne lange Wartezeiten nutzen k\u00f6nnen. Au\u00dferdem wird mehrsprachiger Support angeboten, was den Registrierungs- und Anmeldeprozess f\u00fcr Spieler aus verschiedenen L\u00e4ndern vereinfacht.<\/p>\n<p><img loading=\"lazy\" decoding=\"async\" class=\"alignnone size-full wp-image-1909\" src=\"https:\/\/betsamurocasino.org\/wp-content\/uploads\/2026\/03\/Betsamuro-Login-Page.webp\" alt=\"Betsamuro Login Page\" width=\"1248\" height=\"536\" srcset=\"https:\/\/betsamurocasino.org\/wp-content\/uploads\/2026\/03\/Betsamuro-Login-Page.webp 1248w, https:\/\/betsamurocasino.org\/wp-content\/uploads\/2026\/03\/Betsamuro-Login-Page-300x129.webp 300w, https:\/\/betsamurocasino.org\/wp-content\/uploads\/2026\/03\/Betsamuro-Login-Page-1024x440.webp 1024w, https:\/\/betsamurocasino.org\/wp-content\/uploads\/2026\/03\/Betsamuro-Login-Page-768x330.webp 768w\" sizes=\"auto, (max-width: 1248px) 100vw, 1248px\" \/><\/p>\n<h2>Ein Betsamuro-Konto erstellen und nutzen<\/h2>\n<p>Die Anmeldung bei einem Betsamuro-Konto ist ganz einfach. Gehen Sie oben rechts auf der Website auf die Schaltfl\u00e4che \u201eAnmelden\u201c. Geben Sie dann die registrierte E-Mail-Adresse und das Passwort ein, um auf das Konto zuzugreifen. Nach der Anmeldung k\u00f6nnen Nutzer Einzahlungen vornehmen, den Kontoverlauf einsehen und ihre Profileinstellungen verwalten.<\/p>\n<p>Im Konto-Dashboard k\u00f6nnen Spieler Ein- und Auszahlungen verwalten, Einzahlungslimits festlegen, ihren Spielverlauf einsehen und an Werbeaktionen teilnehmen. Die Benutzeroberfl\u00e4che ist benutzerfreundlich gestaltet, sodass die wichtigsten Optionen zur Kontoverwaltung leicht zu finden und zu bedienen sind.<\/p>\n<p>Zu den weiteren Funktionen geh\u00f6ren das Einladen von Freunden \u00fcber Empfehlungslinks, das Aktualisieren pers\u00f6nlicher Daten und die Aktivierung der Zwei-Faktor-Authentifizierung f\u00fcr zus\u00e4tzlichen Kontoschutz. Die Kombination aus einer \u00fcbersichtlichen Benutzeroberfl\u00e4che und praktischen Konto-Tools macht den Betsamuro-Login zu einem bequemen Zugang zur Plattform.<\/p>\n<h3>Passwort vergessen?<\/h3>\n<p>Sollten Sie aufgrund eines vergessenen Passworts oder eines anderen Problems beim Einloggen Schwierigkeiten haben, auf Ihr Betsamuro-Konto zuzugreifen, ist der Wiederherstellungsprozess ganz einfach gestaltet.<\/p>\n<ol>\n<li>Klicken Sie auf die Schaltfl\u00e4che \u201eBetsamuro-Anmeldung\u201c.<\/li>\n<li>W\u00e4hlen Sie die Option \u201ePasswort vergessen?\u201c.<\/li>\n<li>Geben Sie Ihre registrierte E-Mail-Adresse ein, dann erhalten Sie eine Nachricht mit Anweisungen zum Zur\u00fccksetzen Ihres Passworts.<\/li>\n<li>Befolgen Sie die Anweisungen in der E-Mail.<\/li>\n<li>Melden Sie sich wieder bei Ihrem Konto an.<\/li>\n<\/ol>\n<p>Das Support-Team steht Ihnen auch per Live-Chat oder E-Mail zur Verf\u00fcgung, um Ihnen bei der Kontowiederherstellung oder anderen Problemen mit der Betsamuro-Anmeldung zu helfen. W\u00e4hrend dieses Vorgangs werden Sicherheitsma\u00dfnahmen zum Schutz Ihrer Daten getroffen.<\/p>\n<h3>Konto\u00fcberpr\u00fcfung und Sicherheit bei Betsamuro Casino<\/h3>\n<p>Die Kontoverifizierung ist ein wichtiger Bestandteil des Schutzes eines Betsamuro-Kontos. Im Rahmen des Verifizierungsprozesses m\u00fcssen Nutzer in der Regel Ausweisdokumente wie einen Reisepass oder einen F\u00fchrerschein sowie einen Adressnachweis, beispielsweise eine Strom- oder Gasrechnung, vorlegen. Dieser Schritt dient der Identit\u00e4tspr\u00fcfung, verringert das Betrugsrisiko und erm\u00f6glicht Auszahlungen.<\/p>\n<table>\n<tbody>\n<tr>\n<td>Aspekte des Betsamuro Casinos<\/td>\n<td>Ausf\u00fchrlicher<\/td>\n<\/tr>\n<tr>\n<td>Nachweisdokumente<\/td>\n<td>G\u00fcltiger Ausweis (Reisepass, F\u00fchrerschein), Adressnachweis (Strom-, Gas- oder Wasserrechnung oder Mietvertrag)<\/td>\n<\/tr>\n<tr>\n<td>Zeitrahmen f\u00fcr die \u00dcberpr\u00fcfung<\/td>\n<td>Etwa 48 Stunden nach der Einreichung<\/td>\n<\/tr>\n<tr>\n<td>Vorteil f\u00fcr einen Spieler<\/td>\n<td>Erh\u00f6hte Sicherheit, unbegrenzte Auszahlungslimits<\/td>\n<\/tr>\n<\/tbody>\n<\/table>\n<p>Die \u00fcbliche Bearbeitungszeit f\u00fcr die Verifizierung betr\u00e4gt in der Regel etwa 48 Stunden nach Einreichung der Unterlagen. Sobald die Verifizierung abgeschlossen ist, erh\u00e4lt das Konto einen zus\u00e4tzlichen Schutz und erweiterten Zugriff auf Auszahlungsfunktionen. Betsamuro nutzt zudem SSL-Verschl\u00fcsselung und unterst\u00fctzt zus\u00e4tzliche Sicherheitsfunktionen, darunter die Zwei-Faktor-Authentifizierung, sofern diese verf\u00fcgbar ist.<\/p>\n<h2>FAQ<\/h2>\n<h3>Wie schlie\u00dfe ich die Konto\u00fcberpr\u00fcfung bei Betsamuro Casino ab?<\/h3>\n<p>Um die Konto\u00fcberpr\u00fcfung abzuschlie\u00dfen, melden Sie sich bei Ihrem Betsamuro-Konto an und rufen Sie den Bereich \u201e\u00dcberpr\u00fcfung\u201c auf. Dort m\u00fcssen Sie gut lesbare Kopien eines g\u00fcltigen Ausweises und eines Adressnachweises hochladen. Nach dem Hochladen der Dokumente pr\u00fcft das Support-Team diese und benachrichtigt den Nutzer, sobald die \u00dcberpr\u00fcfung abgeschlossen ist \u2013 in der Regel innerhalb von 48 Stunden. Die \u00dcberpr\u00fcfung tr\u00e4gt zur Verbesserung der Kontosicherheit bei und erm\u00f6glicht den Zugriff auf Auszahlungsfunktionen.<\/p>\n<h3>Wie aktualisiere ich mein Passwort oder meine E-Mail-Adresse?<\/h3>\n<p>Die Kontoeinstellungen k\u00f6nnen \u00fcber das pers\u00f6nliche Dashboard verwaltet werden. Wenn Sie Ihr Passwort \u00e4ndern m\u00f6chten, nutzen Sie die Option \u201ePasswort vergessen?\u201c neben dem Anmeldebereich von Betsamuro. Um Ihre E-Mail-Adresse zu aktualisieren, gehen Sie zum Bereich \u201eKontoinformationen\u201c und befolgen Sie die dort angegebenen Schritte. Aus Sicherheitsgr\u00fcnden empfiehlt es sich, ein sicheres Passwort zu verwenden, das Sie nicht auf anderen Plattformen nutzen. Wenn Sie eine neue E-Mail-Adresse hinzuf\u00fcgen, muss diese \u00fcber den Link best\u00e4tigt werden, der an Ihre E-Mail-Adresse gesendet wird.<\/p>\n<h3>Was soll ich tun, wenn mein Konto gesperrt ist?<\/h3>\n<p>Sollte der Zugriff auf Ihr Konto eingeschr\u00e4nkt sein, wenden Sie sich am besten so schnell wie m\u00f6glich an den Betsamuro-Kundendienst. Ein Konto kann nach mehreren erfolglosen Anmeldeversuchen oder aufgrund eines sicherheitsrelevanten Problems gesperrt werden. In solchen F\u00e4llen \u00fcberpr\u00fcft der Kundendienst die Kontodaten und hilft Ihnen dabei, den Zugriff wiederherzustellen. Zur Best\u00e4tigung der Identit\u00e4t des Nutzers werden m\u00f6glicherweise zus\u00e4tzliche Informationen angefordert, bevor das Konto entsperrt wird.<\/p>\n<\/div><\/div><\/p>\n","protected":false},"excerpt":{"rendered":"<p>Anmeldung und Registrierung bei Betsamuro \u00dcber den Betsamuro-Login erhalten Nutzer Zugriff auf die wichtigsten Funktionen der Plattform, darunter Spiele, Kontoeinstellungen und aktuelle Angebote. Die Plattform bietet eine stabile und sichere Umgebung, in der Spieler ihre Profile verwalten und die verf\u00fcgbaren Funktionen ohne unn\u00f6tige Komplikationen nutzen k\u00f6nnen. Der Anmeldevorgang bei Betsamuro ist unkompliziert und auf einen [&hellip;]<\/p>\n","protected":false},"author":1,"featured_media":0,"parent":0,"menu_order":0,"comment_status":"closed","ping_status":"closed","template":"template-builder.php","meta":{"_acf_changed":false,"inline_featured_image":false,"footnotes":""},"class_list":["post-1483","page","type-page","status-publish","hentry"],"acf":[],"yoast_head":"<!-- This site is optimized with the Yoast SEO plugin v27.3 - https:\/\/yoast.com\/product\/yoast-seo-wordpress\/ -->\n<title>Betsamuro-Login \u2013 Registrieren &amp; Konto verwalten<\/title>\n<meta name=\"description\" content=\"Erstellen, verwalten und verifizieren Sie Ihr Betsamuro Casino-Konto ganz einfach dank schneller Registrierung, nahtloser Kontowiederherstellung und sicherer Kontoschlie\u00dfung \u2013 f\u00fcr Schutz rund um die Uhr \u00fcber den Betsamuro-Login.\" \/>\n<meta name=\"robots\" content=\"index, follow, max-snippet:-1, max-image-preview:large, max-video-preview:-1\" \/>\n<link rel=\"canonical\" href=\"https:\/\/betsamurocasino.org\/de\/anmeldung-und-registrierung\/\" \/>\n<meta property=\"og:locale\" content=\"de_DE\" \/>\n<meta property=\"og:type\" content=\"article\" \/>\n<meta property=\"og:title\" content=\"Betsamuro-Login \u2013 Registrieren &amp; Konto verwalten\" \/>\n<meta property=\"og:description\" content=\"Erstellen, verwalten und verifizieren Sie Ihr Betsamuro Casino-Konto ganz einfach dank schneller Registrierung, nahtloser Kontowiederherstellung und sicherer Kontoschlie\u00dfung \u2013 f\u00fcr Schutz rund um die Uhr \u00fcber den Betsamuro-Login.\" \/>\n<meta property=\"og:url\" content=\"https:\/\/betsamurocasino.org\/de\/anmeldung-und-registrierung\/\" \/>\n<meta property=\"og:site_name\" content=\"betsamuro\" \/>\n<meta property=\"article:modified_time\" content=\"2026-03-19T08:39:11+00:00\" \/>\n<meta name=\"twitter:card\" content=\"summary_large_image\" \/>\n<meta name=\"twitter:label1\" content=\"Gesch\u00e4tzte Lesezeit\" \/>\n\t<meta name=\"twitter:data1\" content=\"1\u00a0Minute\" \/>\n<script type=\"application\/ld+json\" class=\"yoast-schema-graph\">{\"@context\":\"https:\\\/\\\/schema.org\",\"@graph\":[{\"@type\":\"WebPage\",\"@id\":\"https:\\\/\\\/betsamurocasino.org\\\/de\\\/anmeldung-und-registrierung\\\/\",\"url\":\"https:\\\/\\\/betsamurocasino.org\\\/de\\\/anmeldung-und-registrierung\\\/\",\"name\":\"Betsamuro-Login \u2013 Registrieren & Konto verwalten\",\"isPartOf\":{\"@id\":\"https:\\\/\\\/betsamurocasino.org\\\/de\\\/#website\"},\"datePublished\":\"2026-01-20T12:11:11+00:00\",\"dateModified\":\"2026-03-19T08:39:11+00:00\",\"description\":\"Erstellen, verwalten und verifizieren Sie Ihr Betsamuro Casino-Konto ganz einfach dank schneller Registrierung, nahtloser Kontowiederherstellung und sicherer Kontoschlie\u00dfung \u2013 f\u00fcr Schutz rund um die Uhr \u00fcber den Betsamuro-Login.\",\"breadcrumb\":{\"@id\":\"https:\\\/\\\/betsamurocasino.org\\\/de\\\/anmeldung-und-registrierung\\\/#breadcrumb\"},\"inLanguage\":\"de\",\"potentialAction\":[{\"@type\":\"ReadAction\",\"target\":[\"https:\\\/\\\/betsamurocasino.org\\\/de\\\/anmeldung-und-registrierung\\\/\"]}]},{\"@type\":\"BreadcrumbList\",\"@id\":\"https:\\\/\\\/betsamurocasino.org\\\/de\\\/anmeldung-und-registrierung\\\/#breadcrumb\",\"itemListElement\":[{\"@type\":\"ListItem\",\"position\":1,\"name\":\"Betsamuro\",\"item\":\"https:\\\/\\\/betsamurocasino.org\\\/de\\\/\"},{\"@type\":\"ListItem\",\"position\":2,\"name\":\"Anmeldung und Registrierung\"}]},{\"@type\":\"WebSite\",\"@id\":\"https:\\\/\\\/betsamurocasino.org\\\/de\\\/#website\",\"url\":\"https:\\\/\\\/betsamurocasino.org\\\/de\\\/\",\"name\":\"Betsamuro\",\"description\":\"\",\"publisher\":{\"@id\":\"https:\\\/\\\/betsamurocasino.org\\\/de\\\/#organization\"},\"potentialAction\":[{\"@type\":\"SearchAction\",\"target\":{\"@type\":\"EntryPoint\",\"urlTemplate\":\"https:\\\/\\\/betsamurocasino.org\\\/de\\\/?s={search_term_string}\"},\"query-input\":{\"@type\":\"PropertyValueSpecification\",\"valueRequired\":true,\"valueName\":\"search_term_string\"}}],\"inLanguage\":\"de\"},{\"@type\":\"Organization\",\"@id\":\"https:\\\/\\\/betsamurocasino.org\\\/de\\\/#organization\",\"name\":\"Betsamuro\",\"url\":\"https:\\\/\\\/betsamurocasino.org\\\/de\\\/\",\"logo\":{\"@type\":\"ImageObject\",\"inLanguage\":\"de\",\"@id\":\"https:\\\/\\\/betsamurocasino.org\\\/de\\\/#\\\/schema\\\/logo\\\/image\\\/\",\"url\":\"https:\\\/\\\/betsamurocasino.org\\\/wp-content\\\/uploads\\\/2026\\\/03\\\/betsamuro-logo.png\",\"contentUrl\":\"https:\\\/\\\/betsamurocasino.org\\\/wp-content\\\/uploads\\\/2026\\\/03\\\/betsamuro-logo.png\",\"width\":150,\"height\":29,\"caption\":\"Betsamuro\"},\"image\":{\"@id\":\"https:\\\/\\\/betsamurocasino.org\\\/de\\\/#\\\/schema\\\/logo\\\/image\\\/\"}}]}<\/script>\n<!-- \/ Yoast SEO plugin. -->","yoast_head_json":{"title":"Betsamuro-Login \u2013 Registrieren & Konto verwalten","description":"Erstellen, verwalten und verifizieren Sie Ihr Betsamuro Casino-Konto ganz einfach dank schneller Registrierung, nahtloser Kontowiederherstellung und sicherer Kontoschlie\u00dfung \u2013 f\u00fcr Schutz rund um die Uhr \u00fcber den Betsamuro-Login.","robots":{"index":"index","follow":"follow","max-snippet":"max-snippet:-1","max-image-preview":"max-image-preview:large","max-video-preview":"max-video-preview:-1"},"canonical":"https:\/\/betsamurocasino.org\/de\/anmeldung-und-registrierung\/","og_locale":"de_DE","og_type":"article","og_title":"Betsamuro-Login \u2013 Registrieren & Konto verwalten","og_description":"Erstellen, verwalten und verifizieren Sie Ihr Betsamuro Casino-Konto ganz einfach dank schneller Registrierung, nahtloser Kontowiederherstellung und sicherer Kontoschlie\u00dfung \u2013 f\u00fcr Schutz rund um die Uhr \u00fcber den Betsamuro-Login.","og_url":"https:\/\/betsamurocasino.org\/de\/anmeldung-und-registrierung\/","og_site_name":"betsamuro","article_modified_time":"2026-03-19T08:39:11+00:00","twitter_card":"summary_large_image","twitter_misc":{"Gesch\u00e4tzte Lesezeit":"1\u00a0Minute"},"schema":{"@context":"https:\/\/schema.org","@graph":[{"@type":"WebPage","@id":"https:\/\/betsamurocasino.org\/de\/anmeldung-und-registrierung\/","url":"https:\/\/betsamurocasino.org\/de\/anmeldung-und-registrierung\/","name":"Betsamuro-Login \u2013 Registrieren & Konto verwalten","isPartOf":{"@id":"https:\/\/betsamurocasino.org\/de\/#website"},"datePublished":"2026-01-20T12:11:11+00:00","dateModified":"2026-03-19T08:39:11+00:00","description":"Erstellen, verwalten und verifizieren Sie Ihr Betsamuro Casino-Konto ganz einfach dank schneller Registrierung, nahtloser Kontowiederherstellung und sicherer Kontoschlie\u00dfung \u2013 f\u00fcr Schutz rund um die Uhr \u00fcber den Betsamuro-Login.","breadcrumb":{"@id":"https:\/\/betsamurocasino.org\/de\/anmeldung-und-registrierung\/#breadcrumb"},"inLanguage":"de","potentialAction":[{"@type":"ReadAction","target":["https:\/\/betsamurocasino.org\/de\/anmeldung-und-registrierung\/"]}]},{"@type":"BreadcrumbList","@id":"https:\/\/betsamurocasino.org\/de\/anmeldung-und-registrierung\/#breadcrumb","itemListElement":[{"@type":"ListItem","position":1,"name":"Betsamuro","item":"https:\/\/betsamurocasino.org\/de\/"},{"@type":"ListItem","position":2,"name":"Anmeldung und Registrierung"}]},{"@type":"WebSite","@id":"https:\/\/betsamurocasino.org\/de\/#website","url":"https:\/\/betsamurocasino.org\/de\/","name":"Betsamuro","description":"","publisher":{"@id":"https:\/\/betsamurocasino.org\/de\/#organization"},"potentialAction":[{"@type":"SearchAction","target":{"@type":"EntryPoint","urlTemplate":"https:\/\/betsamurocasino.org\/de\/?s={search_term_string}"},"query-input":{"@type":"PropertyValueSpecification","valueRequired":true,"valueName":"search_term_string"}}],"inLanguage":"de"},{"@type":"Organization","@id":"https:\/\/betsamurocasino.org\/de\/#organization","name":"Betsamuro","url":"https:\/\/betsamurocasino.org\/de\/","logo":{"@type":"ImageObject","inLanguage":"de","@id":"https:\/\/betsamurocasino.org\/de\/#\/schema\/logo\/image\/","url":"https:\/\/betsamurocasino.org\/wp-content\/uploads\/2026\/03\/betsamuro-logo.png","contentUrl":"https:\/\/betsamurocasino.org\/wp-content\/uploads\/2026\/03\/betsamuro-logo.png","width":150,"height":29,"caption":"Betsamuro"},"image":{"@id":"https:\/\/betsamurocasino.org\/de\/#\/schema\/logo\/image\/"}}]}},"_links":{"self":[{"href":"https:\/\/betsamurocasino.org\/de\/wp-json\/wp\/v2\/pages\/1483","targetHints":{"allow":["GET"]}}],"collection":[{"href":"https:\/\/betsamurocasino.org\/de\/wp-json\/wp\/v2\/pages"}],"about":[{"href":"https:\/\/betsamurocasino.org\/de\/wp-json\/wp\/v2\/types\/page"}],"author":[{"embeddable":true,"href":"https:\/\/betsamurocasino.org\/de\/wp-json\/wp\/v2\/users\/1"}],"replies":[{"embeddable":true,"href":"https:\/\/betsamurocasino.org\/de\/wp-json\/wp\/v2\/comments?post=1483"}],"version-history":[{"count":2,"href":"https:\/\/betsamurocasino.org\/de\/wp-json\/wp\/v2\/pages\/1483\/revisions"}],"predecessor-version":[{"id":2046,"href":"https:\/\/betsamurocasino.org\/de\/wp-json\/wp\/v2\/pages\/1483\/revisions\/2046"}],"wp:attachment":[{"href":"https:\/\/betsamurocasino.org\/de\/wp-json\/wp\/v2\/media?parent=1483"}],"curies":[{"name":"wp","href":"https:\/\/api.w.org\/{rel}","templated":true}]}}