{"id":1449,"date":"2026-01-20T12:08:23","date_gmt":"2026-01-20T12:08:23","guid":{"rendered":"https:\/\/bonuskongcasino.com\/app-2\/"},"modified":"2026-03-19T12:06:10","modified_gmt":"2026-03-19T12:06:10","slug":"aplicacion","status":"publish","type":"page","link":"https:\/\/betsamurocasino.org\/es\/aplicacion\/","title":{"rendered":"Aplicaci\u00f3n"},"content":{"rendered":"<h1>Plataforma m\u00f3vil Betsamuro<\/h1>\n<p>La aplicaci\u00f3n Betsamuro es una soluci\u00f3n m\u00f3vil moderna que ofrece un acceso r\u00e1pido a los juegos de casino sin necesidad de un proceso de instalaci\u00f3n complicado. Est\u00e1 desarrollada con tecnolog\u00edas web actuales y cuenta con una interfaz sencilla y clara. La plataforma funciona tanto en dispositivos m\u00f3viles como en ordenadores de sobremesa sin grandes diferencias en cuanto a su facilidad de uso.<\/p>\n<p>Betsamuro ofrece a los jugadores acceso a una amplia variedad de tragaperras online, juegos de casino en vivo y juegos de mesa, al tiempo que garantiza un rendimiento estable, gr\u00e1ficos n\u00edtidos y transacciones seguras. La aplicaci\u00f3n combina la comodidad con un funcionamiento fluido en distintos dispositivos.<\/p>\n<div class=\"banner-wrap\" aria-label=\"Banner\"><img src=\"https:\/\/betsamurocasino.org\/wp-content\/uploads\/2026\/03\/banner-desktop.webp\" class=\"w-100 d-none d-lg-block img-pc main-banner-img\" alt=\"betsamuro banner desktop\" fetchpriority=\"high\" decoding=\"async\"><img src=\"https:\/\/betsamurocasino.org\/wp-content\/uploads\/2026\/03\/banner-mobile.webp\" class=\"w-100 d-none d-md-block d-lg-none main-banner-img\" alt=\"betsamuro banner mobile\" fetchpriority=\"high\" decoding=\"async\"><img src=\"https:\/\/betsamurocasino.org\/wp-content\/uploads\/2026\/03\/banner-mobile.webp\" class=\"w-100 d-md-none\" alt=\"betsamuro banner mobile\" fetchpriority=\"high\" decoding=\"async\"><div class=\"banner-description\">\n<div class=\"banner-title\">Bonos de bienvenida<\/div>\n<p class=\"banner-header-title\">1500 \u20ac<\/p>\n<div class=\"banner-header-AdditionalText\">+ 250 Tiradas gratis<\/div>\n<button data-item=\"homepage_banner_link\" class=\"goto m-button m-gradient-border m-button--primary m-button--large banner-button btn-orange\">\n            <div class=\"m-button-content\">\n                <span>Reg\u00edstrate ahora<\/span>\n                <span><\/span>\n            <\/div>\n        <\/button>\n<\/div>\n<div class=\"WelcomePack\">\n<p><img loading=\"lazy\" decoding=\"async\" class=\"alignnone size-full wp-image-1857\" src=\"https:\/\/betsamurocasino.org\/wp-content\/uploads\/2026\/03\/welcome-crown.png\" alt=\"welcome crown\" width=\"25\" height=\"26\" \/><\/p>\n<div class=\"WelcomePack-Info\">Reembolso semanal de hasta el 25 %<\/div>\n<p><img loading=\"lazy\" decoding=\"async\" class=\"alignnone size-full wp-image-1857\" src=\"https:\/\/betsamurocasino.org\/wp-content\/uploads\/2026\/03\/welcome-crown.png\" alt=\"welcome crown\" width=\"25\" height=\"26\" \/><\/p>\n<\/div>\n<\/div>\n<h2>C\u00f3mo usar la aplicaci\u00f3n Betsamuro en el m\u00f3vil<\/h2>\n<p>La aplicaci\u00f3n Betsamuro est\u00e1 adaptada para juegos m\u00f3viles y optimizada para un uso estable en tel\u00e9fonos inteligentes y tabletas. Es compatible con los principales dispositivos y est\u00e1 dise\u00f1ada para funcionar con fluidez, con una carga r\u00e1pida y una interfaz de usuario adaptada a pantallas m\u00e1s peque\u00f1as.<\/p>\n<p>Con la aplicaci\u00f3n Betsamuro, los jugadores pueden acceder a sus juegos favoritos en diferentes situaciones, ya sea en casa o cuando no tienen a mano su ordenador. La interfaz es sencilla, lo que facilita la navegaci\u00f3n, y la plataforma cuenta con medidas de seguridad destinadas a proteger los datos personales y las transacciones de pago.<\/p>\n<p>El casino m\u00f3vil de Betsamuro est\u00e1 dirigido a usuarios que buscan una forma m\u00e1s flexible de jugar en comparaci\u00f3n con el acceso desde el ordenador. Permite a los jugadores utilizar smartphones y tabletas sin perder acceso a las principales categor\u00edas de juegos ni a la calidad visual de la plataforma. Toda la selecci\u00f3n de juegos sigue estando disponible en tiempo real.<\/p>\n<p><div class=\"scrollable-content-wrap my-5\"><div class=\"scrollable-content-inner\"><h2>Aplicaci\u00f3n m\u00f3vil Betsamuro para Android<\/h2>\n<p>La versi\u00f3n para Android de Betsamuro se ofrece como una aplicaci\u00f3n web progresiva (PWA), lo que permite a los usuarios acceder a la plataforma sin necesidad de descargar archivos APK. Este enfoque reduce la dependencia de archivos de instalaci\u00f3n de terceros y facilita un acceso m\u00e1s directo a trav\u00e9s del navegador.<\/p>\n<p>El formato PWA simplifica la instalaci\u00f3n y permite actualizaciones autom\u00e1ticas, incluidas nuevas funciones y contenidos adicionales del juego. Para colocar la aplicaci\u00f3n en la pantalla de inicio, el usuario solo tiene que utilizar la opci\u00f3n correspondiente en la versi\u00f3n m\u00f3vil del sitio web. A partir de ese momento, el icono estar\u00e1 disponible para un acceso r\u00e1pido.<\/p>\n<p>La versi\u00f3n para Android conserva las funciones principales de la plataforma, incluidas las transacciones con dinero real, las notificaciones sobre ofertas actuales y el acceso al cat\u00e1logo completo de juegos, como las tragaperras online, el casino en vivo y los juegos de mesa. En cuanto a la estructura y la navegaci\u00f3n, se mantiene muy similar a la versi\u00f3n para ordenador, lo que facilita su uso.<\/p>\n<p>Pero, \u00bfcu\u00e1les son las principales caracter\u00edsticas de nuestra aplicaci\u00f3n Betsamuro? Ve\u00e1moslas r\u00e1pidamente:<\/p>\n<ul>\n<li>Interfaz 100 % adaptativa que se ajusta a diferentes tama\u00f1os de pantalla.<\/li>\n<li>Juego \u00e1gil con un rendimiento estable incluso en momentos de m\u00e1xima actividad.<\/li>\n<li>Acceso a tragaperras online, casino en vivo y juegos de tipo \u00abcrash\u00bb.<\/li>\n<li>Transacciones protegidas mediante tecnolog\u00eda de cifrado.<\/li>\n<li>Compatibilidad con dispositivos Android e iOS.<\/li>\n<li>Accede sin largas descargas ni instalaciones complicadas.<\/li>\n<\/ul>\n<p>La aplicaci\u00f3n Betsamuro se ha dise\u00f1ado como una alternativa pr\u00e1ctica para los usuarios que prefieren un acceso directo y sencillo a la plataforma.<\/p>\n<h3>Aplicaci\u00f3n web progresiva (PWA) y APK de Betsamuro Casino<\/h3>\n<p>En Betsamuro, la plataforma se ha desarrollado siguiendo las tendencias digitales actuales, y el paso a una aplicaci\u00f3n basada en web refleja ese enfoque. El uso de la tecnolog\u00eda PWA reduce la necesidad de los archivos APK tradicionales, lo que ayuda a evitar pasos de instalaci\u00f3n adicionales desde fuentes desconocidas.<\/p>\n<p>La versi\u00f3n PWA est\u00e1 dise\u00f1ada para una carga r\u00e1pida y una amplia compatibilidad con los dispositivos Android modernos. La aplicaci\u00f3n Betsamuro se puede a\u00f1adir directamente a trav\u00e9s del navegador y se actualiza autom\u00e1ticamente, por lo que los usuarios disfrutan de las \u00faltimas funciones y mejoras t\u00e9cnicas sin necesidad de realizar ninguna acci\u00f3n manual. Este sistema contribuye a ofrecer una experiencia m\u00e1s fluida al reducir los problemas relacionados con las actualizaciones y la compatibilidad.<\/p>\n<p>\u00bfPor qu\u00e9 es mejor una PWA?<\/p>\n<table>\n<tbody>\n<tr>\n<td>Caracter\u00edsticas del Casino Betsamuro<\/td>\n<td>PWA<\/td>\n<td>APK<\/td>\n<\/tr>\n<tr>\n<td>Seguridad<\/td>\n<td>Mayor seguridad gracias al acceso a trav\u00e9s del navegador.<\/td>\n<td>El riesgo es mayor cuando se descargan archivos de fuentes desconocidas.<\/td>\n<\/tr>\n<tr>\n<td>C\u00f3mo instalar<\/td>\n<td>Se instala directamente a trav\u00e9s del navegador web.<\/td>\n<td>Es necesario descargarlo e instalarlo manualmente.<\/td>\n<\/tr>\n<tr>\n<td>Actualizaciones<\/td>\n<td>Se actualiza autom\u00e1ticamente en el navegador.<\/td>\n<td>Normalmente requiere una actualizaci\u00f3n manual.<\/td>\n<\/tr>\n<tr>\n<td>Compatibilidad<\/td>\n<td>Funciona con la mayor\u00eda de los dispositivos y navegadores Android modernos.<\/td>\n<td>Pueden surgir problemas de compatibilidad dependiendo del dispositivo o de las actualizaciones del sistema.<\/td>\n<\/tr>\n<tr>\n<td>Velocidad de carga<\/td>\n<td>Se carga r\u00e1pidamente y ofrece un funcionamiento m\u00e1s fluido.<\/td>\n<td>La velocidad puede variar en funci\u00f3n del dispositivo y de la versi\u00f3n instalada.<\/td>\n<\/tr>\n<tr>\n<td>Mantenimiento y actualizaciones:<\/td>\n<td>No es necesario realizar ninguna actualizaci\u00f3n manual. Los usuarios acceden a la versi\u00f3n actual autom\u00e1ticamente.<\/td>\n<td>Es necesario realizar actualizaciones manuales.<\/td>\n<\/tr>\n<tr>\n<td>Experiencia del usuario:<\/td>\n<td>Ofrece una experiencia m\u00e1s estable gracias a que se producen menos interrupciones relacionadas con el software y la compatibilidad.<\/td>\n<td>Las actualizaciones y los problemas t\u00e9cnicos pueden afectar a la usabilidad.<\/td>\n<\/tr>\n<tr>\n<td>Distribuci\u00f3n:<\/td>\n<td>Se puede acceder directamente a trav\u00e9s del navegador sin necesidad de descargarlo.<\/td>\n<td>Por lo general, se distribuyen a trav\u00e9s de tiendas que cuentan con sus propias normas y procesos de aprobaci\u00f3n.<\/td>\n<\/tr>\n<\/tbody>\n<\/table>\n<p><img loading=\"lazy\" decoding=\"async\" class=\"alignnone wp-image-1897 size-full\" src=\"https:\/\/betsamurocasino.org\/wp-content\/uploads\/2026\/03\/Betsamuro-Casino-for-Android.webp\" alt=\"Betsamuro Casino for Android\" width=\"1248\" height=\"536\" srcset=\"https:\/\/betsamurocasino.org\/wp-content\/uploads\/2026\/03\/Betsamuro-Casino-for-Android.webp 1248w, https:\/\/betsamurocasino.org\/wp-content\/uploads\/2026\/03\/Betsamuro-Casino-for-Android-300x129.webp 300w, https:\/\/betsamurocasino.org\/wp-content\/uploads\/2026\/03\/Betsamuro-Casino-for-Android-1024x440.webp 1024w, https:\/\/betsamurocasino.org\/wp-content\/uploads\/2026\/03\/Betsamuro-Casino-for-Android-768x330.webp 768w\" sizes=\"auto, (max-width: 1248px) 100vw, 1248px\" \/><\/p>\n<\/div><\/div><div style=\"clear: both\"><\/div><div class=\"d-flex justify-content-center\"><button data-item=\"decouvrez_link\" data-group=\"website_links\" class=\"goto fw-bold rounded-pill btn btn-orange\" aria-label=\"Descarga la aplicaci\u00f3n Betsamuro\" >Descarga la aplicaci\u00f3n Betsamuro<\/button><\/div><div class=\"scrollable-content-wrap my-5\"><div class=\"scrollable-content-inner\"><h2>Aplicaci\u00f3n m\u00f3vil de Betsamuro Casino para iOS<\/h2>\n<p>Betsamuro Casino tambi\u00e9n ofrece una opci\u00f3n de aplicaci\u00f3n web progresiva (PWA) para usuarios de iPhone y iPad. Para instalarla, el usuario debe abrir la p\u00e1gina web en Safari y seleccionar la opci\u00f3n \u00abA\u00f1adir a la pantalla de inicio\u00bb en el men\u00fa para compartir. Una vez a\u00f1adida, la aplicaci\u00f3n permite acceder directamente a las tragaperras online, los juegos de casino en vivo y los juegos de mesa optimizados para dispositivos Apple.<\/p>\n<p>La versi\u00f3n para iOS se ha dise\u00f1ado pensando en el rendimiento, con el objetivo de reducir los retrasos durante el juego. Los gr\u00e1ficos y las animaciones se han adaptado a los dispositivos de Apple, mientras que las acciones relacionadas con los pagos est\u00e1n protegidas mediante medidas de cifrado y verificaci\u00f3n. Esto contribuye a crear un entorno m\u00e1s seguro para el uso m\u00f3vil.<\/p>\n<p><img loading=\"lazy\" decoding=\"async\" class=\"alignnone size-full wp-image-1905\" src=\"https:\/\/betsamurocasino.org\/wp-content\/uploads\/2026\/03\/Betsamuro-Casino-for-iOS.webp\" alt=\"Betsamuro Casino for iOS\" width=\"1248\" height=\"536\" srcset=\"https:\/\/betsamurocasino.org\/wp-content\/uploads\/2026\/03\/Betsamuro-Casino-for-iOS.webp 1248w, https:\/\/betsamurocasino.org\/wp-content\/uploads\/2026\/03\/Betsamuro-Casino-for-iOS-300x129.webp 300w, https:\/\/betsamurocasino.org\/wp-content\/uploads\/2026\/03\/Betsamuro-Casino-for-iOS-1024x440.webp 1024w, https:\/\/betsamurocasino.org\/wp-content\/uploads\/2026\/03\/Betsamuro-Casino-for-iOS-768x330.webp 768w\" sizes=\"auto, (max-width: 1248px) 100vw, 1248px\" \/><\/p>\n<\/div><\/div><div style=\"clear: both\"><\/div><div class=\"d-flex justify-content-center\"><button data-item=\"decouvrez_link\" data-group=\"website_links\" class=\"goto fw-bold rounded-pill btn btn-orange\" aria-label=\"Descargar Betsamuro\" >Descargar Betsamuro<\/button><\/div><div class=\"scrollable-content-wrap my-5\"><div class=\"scrollable-content-inner\"><h2>Aplicaciones para Windows y macOS<\/h2>\n<p>Adem\u00e1s de la versi\u00f3n m\u00f3vil, Betsamuro Casino tambi\u00e9n est\u00e1 disponible en formato de escritorio para usuarios de Windows y macOS. La versi\u00f3n de escritorio est\u00e1 adaptada a pantallas m\u00e1s grandes e incluye una interfaz optimizada para acceder a la cuenta y gestionar el juego.<\/p>\n<p>Los jugadores pueden disfrutar de toda la gama de contenidos de la plataforma, incluyendo tragaperras online, juegos de casino en vivo, baccarat y p\u00f3quer, con las funciones de transacci\u00f3n habituales. Tambi\u00e9n se pueden crear accesos directos en el escritorio para un acceso m\u00e1s r\u00e1pido. La versi\u00f3n de escritorio incluye las mismas funciones de seguridad clave que la versi\u00f3n m\u00f3vil, adem\u00e1s de un servicio de chat en vivo para recibir asistencia directa.<\/p>\n<p><img loading=\"lazy\" decoding=\"async\" class=\"alignnone size-full wp-image-1881\" src=\"https:\/\/betsamurocasino.org\/wp-content\/uploads\/2026\/03\/Betsamuro-Application-for-PC.webp\" alt=\"Betsamuro Application for PC\" width=\"1248\" height=\"536\" srcset=\"https:\/\/betsamurocasino.org\/wp-content\/uploads\/2026\/03\/Betsamuro-Application-for-PC.webp 1248w, https:\/\/betsamurocasino.org\/wp-content\/uploads\/2026\/03\/Betsamuro-Application-for-PC-300x129.webp 300w, https:\/\/betsamurocasino.org\/wp-content\/uploads\/2026\/03\/Betsamuro-Application-for-PC-1024x440.webp 1024w, https:\/\/betsamurocasino.org\/wp-content\/uploads\/2026\/03\/Betsamuro-Application-for-PC-768x330.webp 768w\" sizes=\"auto, (max-width: 1248px) 100vw, 1248px\" \/><\/p>\n<\/div><\/div><div style=\"clear: both\"><\/div><div class=\"d-flex justify-content-center\"><button data-item=\"decouvrez_link\" data-group=\"website_links\" class=\"goto fw-bold rounded-pill btn btn-orange\" aria-label=\"Descarga la aplicaci\u00f3n Betsamuro\" >Descarga la aplicaci\u00f3n Betsamuro<\/button><\/div><div class=\"scrollable-content-wrap my-5\"><div class=\"scrollable-content-inner\"><h2>FAQ<\/h2>\n<h3>\u00bfEs necesario crear una cuenta para utilizar la aplicaci\u00f3n Betsamuro?<\/h3>\n<p>Para acceder a todas las funciones de la plataforma, incluidas las transacciones con dinero real, las funciones de juego y la verificaci\u00f3n de la cuenta, los usuarios deben crear una cuenta registrada. El proceso de registro en la aplicaci\u00f3n Betsamuro es sencillo y no lleva mucho tiempo. Una vez registrados, los jugadores pueden utilizar su cuenta en diferentes dispositivos.<\/p>\n<h3>\u00bfOfrece la aplicaci\u00f3n de Bet Samuro Casino servicio de atenci\u00f3n al cliente?<\/h3>\n<p>Bet Samuro ofrece atenci\u00f3n al cliente las 24 horas del d\u00eda, los 7 d\u00edas de la semana. Los usuarios pueden ponerse en contacto con el equipo de atenci\u00f3n al cliente a trav\u00e9s del chat en vivo, el correo electr\u00f3nico y la secci\u00f3n de preguntas frecuentes. Se ofrece asistencia para problemas t\u00e9cnicos, consultas relacionadas con la cuenta y cuestiones de pago, lo que ayuda a los usuarios a resolver cualquier incidencia que surja durante el uso de la plataforma.<\/p>\n<h3>\u00bfC\u00f3mo puedo actualizar la aplicaci\u00f3n de Betsamuro Casino?<\/h3>\n<p>Para los usuarios de dispositivos m\u00f3viles, la aplicaci\u00f3n Betsamuro se actualiza autom\u00e1ticamente a trav\u00e9s de la aplicaci\u00f3n web o en formato PWA. En la mayor\u00eda de los casos, no es necesario realizar ninguna acci\u00f3n manual. Esto permite a los usuarios acceder a las \u00faltimas funciones y mejoras de seguridad sin tener que instalar las actualizaciones por separado.<\/p>\n<\/div><\/div><\/p>\n","protected":false},"excerpt":{"rendered":"<p>Plataforma m\u00f3vil Betsamuro La aplicaci\u00f3n Betsamuro es una soluci\u00f3n m\u00f3vil moderna que ofrece un acceso r\u00e1pido a los juegos de casino sin necesidad de un proceso de instalaci\u00f3n complicado. Est\u00e1 desarrollada con tecnolog\u00edas web actuales y cuenta con una interfaz sencilla y clara. La plataforma funciona tanto en dispositivos m\u00f3viles como en ordenadores de sobremesa [&hellip;]<\/p>\n","protected":false},"author":1,"featured_media":0,"parent":0,"menu_order":0,"comment_status":"closed","ping_status":"closed","template":"template-builder.php","meta":{"_acf_changed":false,"inline_featured_image":false,"footnotes":""},"class_list":["post-1449","page","type-page","status-publish","hentry"],"acf":[],"yoast_head":"<!-- This site is optimized with the Yoast SEO plugin v27.3 - https:\/\/yoast.com\/product\/yoast-seo-wordpress\/ -->\n<title>Descargar la Betsamuro app | iOS y Android<\/title>\n<meta name=\"description\" content=\"La aplicaci\u00f3n Betsamuro garantiza una experiencia de juego impecable en las plataformas Android, iOS, Windows y macOS, con sincronizaci\u00f3n de cuentas, actualizaciones peri\u00f3dicas y asistencia al cliente integrada para facilitar su uso.\" \/>\n<meta name=\"robots\" content=\"index, follow, max-snippet:-1, max-image-preview:large, max-video-preview:-1\" \/>\n<link rel=\"canonical\" href=\"https:\/\/betsamurocasino.org\/es\/aplicacion\/\" \/>\n<meta property=\"og:locale\" content=\"es_ES\" \/>\n<meta property=\"og:type\" content=\"article\" \/>\n<meta property=\"og:title\" content=\"Descargar la Betsamuro app | iOS y Android\" \/>\n<meta property=\"og:description\" content=\"La aplicaci\u00f3n Betsamuro garantiza una experiencia de juego impecable en las plataformas Android, iOS, Windows y macOS, con sincronizaci\u00f3n de cuentas, actualizaciones peri\u00f3dicas y asistencia al cliente integrada para facilitar su uso.\" \/>\n<meta property=\"og:url\" content=\"https:\/\/betsamurocasino.org\/es\/aplicacion\/\" \/>\n<meta property=\"og:site_name\" content=\"betsamuro\" \/>\n<meta property=\"article:modified_time\" content=\"2026-03-19T12:06:10+00:00\" \/>\n<meta name=\"twitter:card\" content=\"summary_large_image\" \/>\n<meta name=\"twitter:label1\" content=\"Est. reading time\" \/>\n\t<meta name=\"twitter:data1\" content=\"2 minutes\" \/>\n<script type=\"application\/ld+json\" class=\"yoast-schema-graph\">{\"@context\":\"https:\\\/\\\/schema.org\",\"@graph\":[{\"@type\":\"WebPage\",\"@id\":\"https:\\\/\\\/betsamurocasino.org\\\/es\\\/aplicacion\\\/\",\"url\":\"https:\\\/\\\/betsamurocasino.org\\\/es\\\/aplicacion\\\/\",\"name\":\"Descargar la Betsamuro app | iOS y Android\",\"isPartOf\":{\"@id\":\"https:\\\/\\\/betsamurocasino.org\\\/es\\\/#website\"},\"datePublished\":\"2026-01-20T12:08:23+00:00\",\"dateModified\":\"2026-03-19T12:06:10+00:00\",\"description\":\"La aplicaci\u00f3n Betsamuro garantiza una experiencia de juego impecable en las plataformas Android, iOS, Windows y macOS, con sincronizaci\u00f3n de cuentas, actualizaciones peri\u00f3dicas y asistencia al cliente integrada para facilitar su uso.\",\"breadcrumb\":{\"@id\":\"https:\\\/\\\/betsamurocasino.org\\\/es\\\/aplicacion\\\/#breadcrumb\"},\"inLanguage\":\"es-ES\",\"potentialAction\":[{\"@type\":\"ReadAction\",\"target\":[\"https:\\\/\\\/betsamurocasino.org\\\/es\\\/aplicacion\\\/\"]}]},{\"@type\":\"BreadcrumbList\",\"@id\":\"https:\\\/\\\/betsamurocasino.org\\\/es\\\/aplicacion\\\/#breadcrumb\",\"itemListElement\":[{\"@type\":\"ListItem\",\"position\":1,\"name\":\"Betsamuro\",\"item\":\"https:\\\/\\\/betsamurocasino.org\\\/es\\\/\"},{\"@type\":\"ListItem\",\"position\":2,\"name\":\"Aplicaci\u00f3n\"}]},{\"@type\":\"WebSite\",\"@id\":\"https:\\\/\\\/betsamurocasino.org\\\/es\\\/#website\",\"url\":\"https:\\\/\\\/betsamurocasino.org\\\/es\\\/\",\"name\":\"Betsamuro\",\"description\":\"\",\"publisher\":{\"@id\":\"https:\\\/\\\/betsamurocasino.org\\\/es\\\/#organization\"},\"potentialAction\":[{\"@type\":\"SearchAction\",\"target\":{\"@type\":\"EntryPoint\",\"urlTemplate\":\"https:\\\/\\\/betsamurocasino.org\\\/es\\\/?s={search_term_string}\"},\"query-input\":{\"@type\":\"PropertyValueSpecification\",\"valueRequired\":true,\"valueName\":\"search_term_string\"}}],\"inLanguage\":\"es-ES\"},{\"@type\":\"Organization\",\"@id\":\"https:\\\/\\\/betsamurocasino.org\\\/es\\\/#organization\",\"name\":\"Betsamuro\",\"url\":\"https:\\\/\\\/betsamurocasino.org\\\/es\\\/\",\"logo\":{\"@type\":\"ImageObject\",\"inLanguage\":\"es-ES\",\"@id\":\"https:\\\/\\\/betsamurocasino.org\\\/es\\\/#\\\/schema\\\/logo\\\/image\\\/\",\"url\":\"https:\\\/\\\/betsamurocasino.org\\\/wp-content\\\/uploads\\\/2026\\\/03\\\/betsamuro-logo.png\",\"contentUrl\":\"https:\\\/\\\/betsamurocasino.org\\\/wp-content\\\/uploads\\\/2026\\\/03\\\/betsamuro-logo.png\",\"width\":150,\"height\":29,\"caption\":\"Betsamuro\"},\"image\":{\"@id\":\"https:\\\/\\\/betsamurocasino.org\\\/es\\\/#\\\/schema\\\/logo\\\/image\\\/\"}}]}<\/script>\n<!-- \/ Yoast SEO plugin. -->","yoast_head_json":{"title":"Descargar la Betsamuro app | iOS y Android","description":"La aplicaci\u00f3n Betsamuro garantiza una experiencia de juego impecable en las plataformas Android, iOS, Windows y macOS, con sincronizaci\u00f3n de cuentas, actualizaciones peri\u00f3dicas y asistencia al cliente integrada para facilitar su uso.","robots":{"index":"index","follow":"follow","max-snippet":"max-snippet:-1","max-image-preview":"max-image-preview:large","max-video-preview":"max-video-preview:-1"},"canonical":"https:\/\/betsamurocasino.org\/es\/aplicacion\/","og_locale":"es_ES","og_type":"article","og_title":"Descargar la Betsamuro app | iOS y Android","og_description":"La aplicaci\u00f3n Betsamuro garantiza una experiencia de juego impecable en las plataformas Android, iOS, Windows y macOS, con sincronizaci\u00f3n de cuentas, actualizaciones peri\u00f3dicas y asistencia al cliente integrada para facilitar su uso.","og_url":"https:\/\/betsamurocasino.org\/es\/aplicacion\/","og_site_name":"betsamuro","article_modified_time":"2026-03-19T12:06:10+00:00","twitter_card":"summary_large_image","twitter_misc":{"Est. reading time":"2 minutes"},"schema":{"@context":"https:\/\/schema.org","@graph":[{"@type":"WebPage","@id":"https:\/\/betsamurocasino.org\/es\/aplicacion\/","url":"https:\/\/betsamurocasino.org\/es\/aplicacion\/","name":"Descargar la Betsamuro app | iOS y Android","isPartOf":{"@id":"https:\/\/betsamurocasino.org\/es\/#website"},"datePublished":"2026-01-20T12:08:23+00:00","dateModified":"2026-03-19T12:06:10+00:00","description":"La aplicaci\u00f3n Betsamuro garantiza una experiencia de juego impecable en las plataformas Android, iOS, Windows y macOS, con sincronizaci\u00f3n de cuentas, actualizaciones peri\u00f3dicas y asistencia al cliente integrada para facilitar su uso.","breadcrumb":{"@id":"https:\/\/betsamurocasino.org\/es\/aplicacion\/#breadcrumb"},"inLanguage":"es-ES","potentialAction":[{"@type":"ReadAction","target":["https:\/\/betsamurocasino.org\/es\/aplicacion\/"]}]},{"@type":"BreadcrumbList","@id":"https:\/\/betsamurocasino.org\/es\/aplicacion\/#breadcrumb","itemListElement":[{"@type":"ListItem","position":1,"name":"Betsamuro","item":"https:\/\/betsamurocasino.org\/es\/"},{"@type":"ListItem","position":2,"name":"Aplicaci\u00f3n"}]},{"@type":"WebSite","@id":"https:\/\/betsamurocasino.org\/es\/#website","url":"https:\/\/betsamurocasino.org\/es\/","name":"Betsamuro","description":"","publisher":{"@id":"https:\/\/betsamurocasino.org\/es\/#organization"},"potentialAction":[{"@type":"SearchAction","target":{"@type":"EntryPoint","urlTemplate":"https:\/\/betsamurocasino.org\/es\/?s={search_term_string}"},"query-input":{"@type":"PropertyValueSpecification","valueRequired":true,"valueName":"search_term_string"}}],"inLanguage":"es-ES"},{"@type":"Organization","@id":"https:\/\/betsamurocasino.org\/es\/#organization","name":"Betsamuro","url":"https:\/\/betsamurocasino.org\/es\/","logo":{"@type":"ImageObject","inLanguage":"es-ES","@id":"https:\/\/betsamurocasino.org\/es\/#\/schema\/logo\/image\/","url":"https:\/\/betsamurocasino.org\/wp-content\/uploads\/2026\/03\/betsamuro-logo.png","contentUrl":"https:\/\/betsamurocasino.org\/wp-content\/uploads\/2026\/03\/betsamuro-logo.png","width":150,"height":29,"caption":"Betsamuro"},"image":{"@id":"https:\/\/betsamurocasino.org\/es\/#\/schema\/logo\/image\/"}}]}},"_links":{"self":[{"href":"https:\/\/betsamurocasino.org\/es\/wp-json\/wp\/v2\/pages\/1449","targetHints":{"allow":["GET"]}}],"collection":[{"href":"https:\/\/betsamurocasino.org\/es\/wp-json\/wp\/v2\/pages"}],"about":[{"href":"https:\/\/betsamurocasino.org\/es\/wp-json\/wp\/v2\/types\/page"}],"author":[{"embeddable":true,"href":"https:\/\/betsamurocasino.org\/es\/wp-json\/wp\/v2\/users\/1"}],"replies":[{"embeddable":true,"href":"https:\/\/betsamurocasino.org\/es\/wp-json\/wp\/v2\/comments?post=1449"}],"version-history":[{"count":3,"href":"https:\/\/betsamurocasino.org\/es\/wp-json\/wp\/v2\/pages\/1449\/revisions"}],"predecessor-version":[{"id":2085,"href":"https:\/\/betsamurocasino.org\/es\/wp-json\/wp\/v2\/pages\/1449\/revisions\/2085"}],"wp:attachment":[{"href":"https:\/\/betsamurocasino.org\/es\/wp-json\/wp\/v2\/media?parent=1449"}],"curies":[{"name":"wp","href":"https:\/\/api.w.org\/{rel}","templated":true}]}}