{"id":1487,"date":"2026-01-20T12:11:11","date_gmt":"2026-01-20T12:11:11","guid":{"rendered":"https:\/\/bonuskongcasino.com\/login-and-registration\/"},"modified":"2026-03-19T11:53:59","modified_gmt":"2026-03-19T11:53:59","slug":"inicio-de-sesion-y-registro","status":"publish","type":"page","link":"https:\/\/betsamurocasino.org\/es\/inicio-de-sesion-y-registro\/","title":{"rendered":"Inicio de sesi\u00f3n y Registro"},"content":{"rendered":"<h1>Inicio de sesi\u00f3n y registro en la cuenta de Betsamuro<\/h1>\n<p>Al iniciar sesi\u00f3n en Betsamuro, los usuarios pueden acceder a las principales funciones de la plataforma, como los juegos, la configuraci\u00f3n de la cuenta y las ofertas actuales. La plataforma ofrece un entorno estable y seguro en el que los jugadores pueden gestionar sus perfiles y utilizar las funciones disponibles sin complicaciones innecesarias.<\/p>\n<p>El proceso de inicio de sesi\u00f3n en Betsamuro es sencillo y est\u00e1 dise\u00f1ado para facilitar el acceso. La plataforma tambi\u00e9n cuenta con medidas de seguridad para proteger las cuentas de los usuarios, y el servicio de atenci\u00f3n al cliente est\u00e1 disponible en todo momento en caso de que se necesite ayuda.<\/p>\n<p><div class=\"banner-wrap\" aria-label=\"Banner\"><img src=\"https:\/\/betsamurocasino.org\/wp-content\/uploads\/2026\/03\/banner-desktop.webp\" class=\"w-100 d-none d-lg-block img-pc main-banner-img\" alt=\"betsamuro banner desktop\" fetchpriority=\"high\" decoding=\"async\"><img src=\"https:\/\/betsamurocasino.org\/wp-content\/uploads\/2026\/03\/banner-mobile.webp\" class=\"w-100 d-none d-md-block d-lg-none main-banner-img\" alt=\"betsamuro banner mobile\" fetchpriority=\"high\" decoding=\"async\"><img src=\"https:\/\/betsamurocasino.org\/wp-content\/uploads\/2026\/03\/banner-mobile.webp\" class=\"w-100 d-md-none\" alt=\"betsamuro banner mobile\" fetchpriority=\"high\" decoding=\"async\"><div class=\"banner-description\">\n<div class=\"banner-title\">Bonos de bienvenida<\/div>\n<p class=\"banner-header-title\">1500 \u20ac<\/p>\n<div class=\"banner-header-AdditionalText\">+ 250 Tiradas gratis<\/div>\n<button data-item=\"homepage_banner_link\" class=\"goto m-button m-gradient-border m-button--primary m-button--large banner-button btn-orange\">\n            <div class=\"m-button-content\">\n                <span>Reg\u00edstrate ahora<\/span>\n                <span><\/span>\n            <\/div>\n        <\/button>\n<\/div>\n<div class=\"WelcomePack\">\n<p><img loading=\"lazy\" decoding=\"async\" class=\"alignnone size-full wp-image-1857\" src=\"https:\/\/betsamurocasino.org\/wp-content\/uploads\/2026\/03\/welcome-crown.png\" alt=\"welcome crown\" width=\"25\" height=\"26\" \/><\/p>\n<div class=\"WelcomePack-Info\">Reembolso semanal de hasta el 25 %<\/div>\n<p><img loading=\"lazy\" decoding=\"async\" class=\"alignnone size-full wp-image-1857\" src=\"https:\/\/betsamurocasino.org\/wp-content\/uploads\/2026\/03\/welcome-crown.png\" alt=\"welcome crown\" width=\"25\" height=\"26\" \/><\/p>\n<\/div>\n<\/div><div class=\"scrollable-content-wrap my-5\"><div class=\"scrollable-content-inner\"><h2>Registro de nuevos usuarios en Betsamuro<\/h2>\n<p>Al crear una cuenta en Betsamuro, los nuevos usuarios obtienen acceso a las principales funciones de la plataforma y a las ofertas disponibles. Los nuevos miembros pueden disfrutar de un paquete de bienvenida con bonificaciones de hasta 1.500 \u20ac + 250 tiradas gratis.<\/p>\n<p>Al registrarse, tambi\u00e9n se obtiene acceso al \u00e1rea de la cuenta personal, donde los usuarios pueden consultar las promociones, ver los torneos y gestionar su actividad en la plataforma. El sistema de registro est\u00e1 dise\u00f1ado para ser sencillo y r\u00e1pido, por lo que el proceso suele durar solo unos minutos.<\/p>\n<h2>Crea tu cuenta en Betsamuro Casino<\/h2>\n<p>Si el modo de demostraci\u00f3n ya no te basta y quieres pasar a jugar con dinero real, el siguiente paso es crear una cuenta personal en Betsamuro Casino. Una vez completado el registro, los usuarios pueden iniciar sesi\u00f3n en Betsamuro y acceder a las funciones de la plataforma.<\/p>\n<p>El proceso para abrir una cuenta en Betsamuro Casino comienza con un sencillo procedimiento de registro.<\/p>\n<ol>\n<li>En la esquina superior derecha de la p\u00e1gina de inicio del Casino Betsamuro hay un bot\u00f3n de registro.<\/li>\n<li>Introduce la informaci\u00f3n necesaria, incluyendo tu direcci\u00f3n de correo electr\u00f3nico y una contrase\u00f1a segura.<\/li>\n<li>Confirme los datos introducidos marcando la casilla y aceptando los t\u00e9rminos y condiciones.<\/li>\n<li>Una vez completado el registro, la cuenta queda disponible para su uso inmediato, con acceso a las principales funciones y caracter\u00edsticas de la plataforma.<\/li>\n<\/ol>\n<p>El proceso de registro est\u00e1 dise\u00f1ado para que los usuarios puedan empezar a utilizar la plataforma sin demoras. Adem\u00e1s, se ofrece asistencia multiling\u00fce, lo que facilita el proceso de registro e inicio de sesi\u00f3n a los jugadores de diferentes pa\u00edses.<\/p>\n<p><img loading=\"lazy\" decoding=\"async\" class=\"alignnone size-full wp-image-1913\" src=\"https:\/\/betsamurocasino.org\/wp-content\/uploads\/2026\/03\/Betsamuro-Login-Page.webp\" alt=\"Betsamuro Login Page\" width=\"1248\" height=\"536\" srcset=\"https:\/\/betsamurocasino.org\/wp-content\/uploads\/2026\/03\/Betsamuro-Login-Page.webp 1248w, https:\/\/betsamurocasino.org\/wp-content\/uploads\/2026\/03\/Betsamuro-Login-Page-300x129.webp 300w, https:\/\/betsamurocasino.org\/wp-content\/uploads\/2026\/03\/Betsamuro-Login-Page-1024x440.webp 1024w, https:\/\/betsamurocasino.org\/wp-content\/uploads\/2026\/03\/Betsamuro-Login-Page-768x330.webp 768w\" sizes=\"auto, (max-width: 1248px) 100vw, 1248px\" \/><\/p>\n<h2>Creaci\u00f3n y uso de una cuenta de Betsamuro<\/h2>\n<p>Iniciar sesi\u00f3n en una cuenta de Betsamuro es muy sencillo. Dir\u00edgete a la esquina superior derecha de la p\u00e1gina y selecciona el bot\u00f3n \u00abIniciar sesi\u00f3n\u00bb. A continuaci\u00f3n, introduce la direcci\u00f3n de correo electr\u00f3nico y la contrase\u00f1a registradas para acceder a la cuenta. Una vez iniciada la sesi\u00f3n, los usuarios pueden realizar dep\u00f3sitos, consultar el historial de la cuenta y gestionar la configuraci\u00f3n del perfil.<\/p>\n<p>En el panel de control de la cuenta, los jugadores pueden gestionar sus dep\u00f3sitos y retiradas, establecer l\u00edmites de dep\u00f3sito, consultar el historial de juego y participar en promociones. La interfaz est\u00e1 dise\u00f1ada para facilitar su uso, por lo que las principales opciones de gesti\u00f3n de la cuenta son f\u00e1ciles de encontrar y utilizar.<\/p>\n<p>Entre las funciones adicionales se incluyen invitar a amigos a trav\u00e9s de enlaces de recomendaci\u00f3n, actualizar la informaci\u00f3n personal y activar la autenticaci\u00f3n de dos factores para una mayor protecci\u00f3n de la cuenta. La combinaci\u00f3n de una interfaz clara y unas pr\u00e1cticas herramientas de gesti\u00f3n de la cuenta hace que el inicio de sesi\u00f3n en Betsamuro sea un c\u00f3modo punto de acceso a la plataforma.<\/p>\n<h3>\u00bfHas olvidado tu contrase\u00f1a?<\/h3>\n<p>Si tienes problemas para acceder a tu cuenta de Betsamuro porque has olvidado la contrase\u00f1a o por cualquier otro motivo relacionado con el inicio de sesi\u00f3n, el proceso de recuperaci\u00f3n est\u00e1 pensado para que sea sencillo.<\/p>\n<ol>\n<li>Haz clic en el bot\u00f3n de inicio de sesi\u00f3n de Betsamuro.<\/li>\n<li>Selecciona la opci\u00f3n \u00ab\u00bfHas olvidado tu contrase\u00f1a?\u00bb.<\/li>\n<li>Introduce tu direcci\u00f3n de correo electr\u00f3nico registrada y te enviaremos un mensaje con instrucciones para restablecer la contrase\u00f1a.<\/li>\n<li>Sigue las instrucciones que figuran en el correo electr\u00f3nico.<\/li>\n<li>Vuelve a iniciar sesi\u00f3n en tu cuenta.<\/li>\n<\/ol>\n<p>El equipo de atenci\u00f3n al cliente tambi\u00e9n est\u00e1 disponible a trav\u00e9s del chat en vivo o por correo electr\u00f3nico para ayudar con la recuperaci\u00f3n de la cuenta u otros problemas de inicio de sesi\u00f3n en Betsamuro. Durante este proceso, se aplican medidas de seguridad para proteger la informaci\u00f3n de los usuarios.<\/p>\n<h3>Verificaci\u00f3n de la cuenta y seguridad en Betsamuro Casino<\/h3>\n<p>La verificaci\u00f3n de la cuenta es un paso importante para proteger una cuenta de Betsamuro. El proceso de verificaci\u00f3n suele requerir que los usuarios proporcionen documentos de identidad, como un pasaporte o un permiso de conducir, as\u00ed como un justificante de domicilio, por ejemplo, una factura de servicios p\u00fablicos. Este paso ayuda a confirmar la identidad, reducir el riesgo de fraude y habilitar el acceso a los retiros.<\/p>\n<table>\n<tbody>\n<tr>\n<td>Aspecto del Casino Betsamuro<\/td>\n<td>M\u00e1s detallado<\/td>\n<\/tr>\n<tr>\n<td>Documentos de verificaci\u00f3n<\/td>\n<td>Documento de identidad v\u00e1lido (pasaporte, permiso de conducir), justificante de domicilio (factura de servicios p\u00fablicos o de la vivienda)<\/td>\n<\/tr>\n<tr>\n<td>Plazo para la comprobaci\u00f3n<\/td>\n<td>Aproximadamente 48 horas despu\u00e9s de la presentaci\u00f3n<\/td>\n<\/tr>\n<tr>\n<td>Ventaja para un jugador<\/td>\n<td>Mayor seguridad, sin l\u00edmites de retirada<\/td>\n<\/tr>\n<\/tbody>\n<\/table>\n<p>El plazo de tramitaci\u00f3n habitual para la verificaci\u00f3n suele ser de unas 48 horas tras el env\u00edo de los documentos. Una vez completada la verificaci\u00f3n, la cuenta cuenta con un nivel adicional de protecci\u00f3n y un acceso m\u00e1s amplio a las funciones de retirada de fondos. Betsamuro tambi\u00e9n utiliza cifrado SSL y admite herramientas de seguridad adicionales, incluida la autenticaci\u00f3n de dos factores cuando est\u00e1 disponible.<\/p>\n<h2>FAQ<\/h2>\n<h3>\u00bfC\u00f3mo puedo completar el proceso de verificaci\u00f3n de la cuenta de Betsamuro Casino?<\/h3>\n<p>Para completar la verificaci\u00f3n de la cuenta, inicia sesi\u00f3n en tu cuenta de Betsamuro y accede a la secci\u00f3n de verificaci\u00f3n. All\u00ed, deber\u00e1s subir copias n\u00edtidas de un documento de identidad v\u00e1lido y un justificante de domicilio. Una vez enviados los documentos, el equipo de atenci\u00f3n al cliente los revisar\u00e1 e informar\u00e1 al usuario cuando se haya completado la verificaci\u00f3n, normalmente en un plazo de 48 horas. La verificaci\u00f3n contribuye a mejorar la seguridad de la cuenta y permite acceder a las funciones de retirada de fondos.<\/p>\n<h3>\u00bfC\u00f3mo actualizar la contrase\u00f1a o la direcci\u00f3n de correo electr\u00f3nico?<\/h3>\n<p>La gesti\u00f3n de la configuraci\u00f3n de la cuenta se realiza a trav\u00e9s del panel de control personal. Si necesitas cambiar tu contrase\u00f1a, utiliza la opci\u00f3n \u00ab\u00bfHas olvidado tu contrase\u00f1a?\u00bb situada junto a la secci\u00f3n de inicio de sesi\u00f3n de Betsamuro. Para actualizar tu direcci\u00f3n de correo electr\u00f3nico, ve al \u00e1rea de informaci\u00f3n de la cuenta y sigue los pasos indicados. Por motivos de seguridad, es recomendable utilizar una contrase\u00f1a segura que no se utilice en otras plataformas. Al a\u00f1adir una nueva direcci\u00f3n de correo electr\u00f3nico, tambi\u00e9n deber\u00e1s confirmarla a trav\u00e9s del enlace que se enviar\u00e1 a tu bandeja de entrada.<\/p>\n<h3>\u00bfQu\u00e9 debo hacer si mi cuenta est\u00e1 bloqueada?<\/h3>\n<p>Si se te ha restringido el acceso a tu cuenta, lo mejor es que te pongas en contacto con el equipo de atenci\u00f3n al cliente de Betsamuro lo antes posible. Una cuenta puede bloquearse tras varios intentos fallidos de inicio de sesi\u00f3n o debido a un problema relacionado con la seguridad. En tales casos, el equipo de atenci\u00f3n al cliente comprueba los datos de la cuenta y te ayuda a recuperar el acceso. Es posible que se te solicite informaci\u00f3n adicional para confirmar tu identidad antes de desbloquear la cuenta.<\/p>\n<\/div><\/div><\/p>\n","protected":false},"excerpt":{"rendered":"<p>Inicio de sesi\u00f3n y registro en la cuenta de Betsamuro Al iniciar sesi\u00f3n en Betsamuro, los usuarios pueden acceder a las principales funciones de la plataforma, como los juegos, la configuraci\u00f3n de la cuenta y las ofertas actuales. La plataforma ofrece un entorno estable y seguro en el que los jugadores pueden gestionar sus perfiles [&hellip;]<\/p>\n","protected":false},"author":1,"featured_media":0,"parent":0,"menu_order":0,"comment_status":"closed","ping_status":"closed","template":"template-builder.php","meta":{"_acf_changed":false,"inline_featured_image":false,"footnotes":""},"class_list":["post-1487","page","type-page","status-publish","hentry"],"acf":[],"yoast_head":"<!-- This site is optimized with the Yoast SEO plugin v27.3 - https:\/\/yoast.com\/product\/yoast-seo-wordpress\/ -->\n<title>Betsamuro Login: reg\u00edstrate y gestiona tu cuenta<\/title>\n<meta name=\"description\" content=\"Crea, gestiona y verifica f\u00e1cilmente tu cuenta de Betsamuro Casino gracias a un registro r\u00e1pido, una recuperaci\u00f3n de cuenta sin complicaciones y un cierre de cuenta seguro, lo que garantiza una protecci\u00f3n las 24 horas del d\u00eda, los 7 d\u00edas de la semana, a trav\u00e9s de Betsamuro Login.\" \/>\n<meta name=\"robots\" content=\"index, follow, max-snippet:-1, max-image-preview:large, max-video-preview:-1\" \/>\n<link rel=\"canonical\" href=\"https:\/\/betsamurocasino.org\/es\/inicio-de-sesion-y-registro\/\" \/>\n<meta property=\"og:locale\" content=\"es_ES\" \/>\n<meta property=\"og:type\" content=\"article\" \/>\n<meta property=\"og:title\" content=\"Betsamuro Login: reg\u00edstrate y gestiona tu cuenta\" \/>\n<meta property=\"og:description\" content=\"Crea, gestiona y verifica f\u00e1cilmente tu cuenta de Betsamuro Casino gracias a un registro r\u00e1pido, una recuperaci\u00f3n de cuenta sin complicaciones y un cierre de cuenta seguro, lo que garantiza una protecci\u00f3n las 24 horas del d\u00eda, los 7 d\u00edas de la semana, a trav\u00e9s de Betsamuro Login.\" \/>\n<meta property=\"og:url\" content=\"https:\/\/betsamurocasino.org\/es\/inicio-de-sesion-y-registro\/\" \/>\n<meta property=\"og:site_name\" content=\"betsamuro\" \/>\n<meta property=\"article:modified_time\" content=\"2026-03-19T11:53:59+00:00\" \/>\n<meta name=\"twitter:card\" content=\"summary_large_image\" \/>\n<meta name=\"twitter:label1\" content=\"Est. reading time\" \/>\n\t<meta name=\"twitter:data1\" content=\"1 minute\" \/>\n<script type=\"application\/ld+json\" class=\"yoast-schema-graph\">{\"@context\":\"https:\\\/\\\/schema.org\",\"@graph\":[{\"@type\":\"WebPage\",\"@id\":\"https:\\\/\\\/betsamurocasino.org\\\/es\\\/inicio-de-sesion-y-registro\\\/\",\"url\":\"https:\\\/\\\/betsamurocasino.org\\\/es\\\/inicio-de-sesion-y-registro\\\/\",\"name\":\"Betsamuro Login: reg\u00edstrate y gestiona tu cuenta\",\"isPartOf\":{\"@id\":\"https:\\\/\\\/betsamurocasino.org\\\/es\\\/#website\"},\"datePublished\":\"2026-01-20T12:11:11+00:00\",\"dateModified\":\"2026-03-19T11:53:59+00:00\",\"description\":\"Crea, gestiona y verifica f\u00e1cilmente tu cuenta de Betsamuro Casino gracias a un registro r\u00e1pido, una recuperaci\u00f3n de cuenta sin complicaciones y un cierre de cuenta seguro, lo que garantiza una protecci\u00f3n las 24 horas del d\u00eda, los 7 d\u00edas de la semana, a trav\u00e9s de Betsamuro Login.\",\"breadcrumb\":{\"@id\":\"https:\\\/\\\/betsamurocasino.org\\\/es\\\/inicio-de-sesion-y-registro\\\/#breadcrumb\"},\"inLanguage\":\"es-ES\",\"potentialAction\":[{\"@type\":\"ReadAction\",\"target\":[\"https:\\\/\\\/betsamurocasino.org\\\/es\\\/inicio-de-sesion-y-registro\\\/\"]}]},{\"@type\":\"BreadcrumbList\",\"@id\":\"https:\\\/\\\/betsamurocasino.org\\\/es\\\/inicio-de-sesion-y-registro\\\/#breadcrumb\",\"itemListElement\":[{\"@type\":\"ListItem\",\"position\":1,\"name\":\"Betsamuro\",\"item\":\"https:\\\/\\\/betsamurocasino.org\\\/es\\\/\"},{\"@type\":\"ListItem\",\"position\":2,\"name\":\"Inicio de sesi\u00f3n y Registro\"}]},{\"@type\":\"WebSite\",\"@id\":\"https:\\\/\\\/betsamurocasino.org\\\/es\\\/#website\",\"url\":\"https:\\\/\\\/betsamurocasino.org\\\/es\\\/\",\"name\":\"Betsamuro\",\"description\":\"\",\"publisher\":{\"@id\":\"https:\\\/\\\/betsamurocasino.org\\\/es\\\/#organization\"},\"potentialAction\":[{\"@type\":\"SearchAction\",\"target\":{\"@type\":\"EntryPoint\",\"urlTemplate\":\"https:\\\/\\\/betsamurocasino.org\\\/es\\\/?s={search_term_string}\"},\"query-input\":{\"@type\":\"PropertyValueSpecification\",\"valueRequired\":true,\"valueName\":\"search_term_string\"}}],\"inLanguage\":\"es-ES\"},{\"@type\":\"Organization\",\"@id\":\"https:\\\/\\\/betsamurocasino.org\\\/es\\\/#organization\",\"name\":\"Betsamuro\",\"url\":\"https:\\\/\\\/betsamurocasino.org\\\/es\\\/\",\"logo\":{\"@type\":\"ImageObject\",\"inLanguage\":\"es-ES\",\"@id\":\"https:\\\/\\\/betsamurocasino.org\\\/es\\\/#\\\/schema\\\/logo\\\/image\\\/\",\"url\":\"https:\\\/\\\/betsamurocasino.org\\\/wp-content\\\/uploads\\\/2026\\\/03\\\/betsamuro-logo.png\",\"contentUrl\":\"https:\\\/\\\/betsamurocasino.org\\\/wp-content\\\/uploads\\\/2026\\\/03\\\/betsamuro-logo.png\",\"width\":150,\"height\":29,\"caption\":\"Betsamuro\"},\"image\":{\"@id\":\"https:\\\/\\\/betsamurocasino.org\\\/es\\\/#\\\/schema\\\/logo\\\/image\\\/\"}}]}<\/script>\n<!-- \/ Yoast SEO plugin. -->","yoast_head_json":{"title":"Betsamuro Login: reg\u00edstrate y gestiona tu cuenta","description":"Crea, gestiona y verifica f\u00e1cilmente tu cuenta de Betsamuro Casino gracias a un registro r\u00e1pido, una recuperaci\u00f3n de cuenta sin complicaciones y un cierre de cuenta seguro, lo que garantiza una protecci\u00f3n las 24 horas del d\u00eda, los 7 d\u00edas de la semana, a trav\u00e9s de Betsamuro Login.","robots":{"index":"index","follow":"follow","max-snippet":"max-snippet:-1","max-image-preview":"max-image-preview:large","max-video-preview":"max-video-preview:-1"},"canonical":"https:\/\/betsamurocasino.org\/es\/inicio-de-sesion-y-registro\/","og_locale":"es_ES","og_type":"article","og_title":"Betsamuro Login: reg\u00edstrate y gestiona tu cuenta","og_description":"Crea, gestiona y verifica f\u00e1cilmente tu cuenta de Betsamuro Casino gracias a un registro r\u00e1pido, una recuperaci\u00f3n de cuenta sin complicaciones y un cierre de cuenta seguro, lo que garantiza una protecci\u00f3n las 24 horas del d\u00eda, los 7 d\u00edas de la semana, a trav\u00e9s de Betsamuro Login.","og_url":"https:\/\/betsamurocasino.org\/es\/inicio-de-sesion-y-registro\/","og_site_name":"betsamuro","article_modified_time":"2026-03-19T11:53:59+00:00","twitter_card":"summary_large_image","twitter_misc":{"Est. reading time":"1 minute"},"schema":{"@context":"https:\/\/schema.org","@graph":[{"@type":"WebPage","@id":"https:\/\/betsamurocasino.org\/es\/inicio-de-sesion-y-registro\/","url":"https:\/\/betsamurocasino.org\/es\/inicio-de-sesion-y-registro\/","name":"Betsamuro Login: reg\u00edstrate y gestiona tu cuenta","isPartOf":{"@id":"https:\/\/betsamurocasino.org\/es\/#website"},"datePublished":"2026-01-20T12:11:11+00:00","dateModified":"2026-03-19T11:53:59+00:00","description":"Crea, gestiona y verifica f\u00e1cilmente tu cuenta de Betsamuro Casino gracias a un registro r\u00e1pido, una recuperaci\u00f3n de cuenta sin complicaciones y un cierre de cuenta seguro, lo que garantiza una protecci\u00f3n las 24 horas del d\u00eda, los 7 d\u00edas de la semana, a trav\u00e9s de Betsamuro Login.","breadcrumb":{"@id":"https:\/\/betsamurocasino.org\/es\/inicio-de-sesion-y-registro\/#breadcrumb"},"inLanguage":"es-ES","potentialAction":[{"@type":"ReadAction","target":["https:\/\/betsamurocasino.org\/es\/inicio-de-sesion-y-registro\/"]}]},{"@type":"BreadcrumbList","@id":"https:\/\/betsamurocasino.org\/es\/inicio-de-sesion-y-registro\/#breadcrumb","itemListElement":[{"@type":"ListItem","position":1,"name":"Betsamuro","item":"https:\/\/betsamurocasino.org\/es\/"},{"@type":"ListItem","position":2,"name":"Inicio de sesi\u00f3n y Registro"}]},{"@type":"WebSite","@id":"https:\/\/betsamurocasino.org\/es\/#website","url":"https:\/\/betsamurocasino.org\/es\/","name":"Betsamuro","description":"","publisher":{"@id":"https:\/\/betsamurocasino.org\/es\/#organization"},"potentialAction":[{"@type":"SearchAction","target":{"@type":"EntryPoint","urlTemplate":"https:\/\/betsamurocasino.org\/es\/?s={search_term_string}"},"query-input":{"@type":"PropertyValueSpecification","valueRequired":true,"valueName":"search_term_string"}}],"inLanguage":"es-ES"},{"@type":"Organization","@id":"https:\/\/betsamurocasino.org\/es\/#organization","name":"Betsamuro","url":"https:\/\/betsamurocasino.org\/es\/","logo":{"@type":"ImageObject","inLanguage":"es-ES","@id":"https:\/\/betsamurocasino.org\/es\/#\/schema\/logo\/image\/","url":"https:\/\/betsamurocasino.org\/wp-content\/uploads\/2026\/03\/betsamuro-logo.png","contentUrl":"https:\/\/betsamurocasino.org\/wp-content\/uploads\/2026\/03\/betsamuro-logo.png","width":150,"height":29,"caption":"Betsamuro"},"image":{"@id":"https:\/\/betsamurocasino.org\/es\/#\/schema\/logo\/image\/"}}]}},"_links":{"self":[{"href":"https:\/\/betsamurocasino.org\/es\/wp-json\/wp\/v2\/pages\/1487","targetHints":{"allow":["GET"]}}],"collection":[{"href":"https:\/\/betsamurocasino.org\/es\/wp-json\/wp\/v2\/pages"}],"about":[{"href":"https:\/\/betsamurocasino.org\/es\/wp-json\/wp\/v2\/types\/page"}],"author":[{"embeddable":true,"href":"https:\/\/betsamurocasino.org\/es\/wp-json\/wp\/v2\/users\/1"}],"replies":[{"embeddable":true,"href":"https:\/\/betsamurocasino.org\/es\/wp-json\/wp\/v2\/comments?post=1487"}],"version-history":[{"count":3,"href":"https:\/\/betsamurocasino.org\/es\/wp-json\/wp\/v2\/pages\/1487\/revisions"}],"predecessor-version":[{"id":2079,"href":"https:\/\/betsamurocasino.org\/es\/wp-json\/wp\/v2\/pages\/1487\/revisions\/2079"}],"wp:attachment":[{"href":"https:\/\/betsamurocasino.org\/es\/wp-json\/wp\/v2\/media?parent=1487"}],"curies":[{"name":"wp","href":"https:\/\/api.w.org\/{rel}","templated":true}]}}