{"id":1440,"date":"2026-01-20T12:08:23","date_gmt":"2026-01-20T12:08:23","guid":{"rendered":"https:\/\/bonuskongcasino.com\/app\/"},"modified":"2026-03-19T08:11:05","modified_gmt":"2026-03-19T08:11:05","slug":"app","status":"publish","type":"page","link":"https:\/\/betsamurocasino.org\/fr\/app\/","title":{"rendered":"App"},"content":{"rendered":"<h1>Plateforme mobile Betsamuro<\/h1>\n<p>L&rsquo;application Betsamuro est une solution mobile moderne qui permet d&rsquo;acc\u00e9der rapidement aux jeux de casino sans proc\u00e9dure d&rsquo;installation compliqu\u00e9e. Elle est con\u00e7ue \u00e0 l&rsquo;aide des technologies web actuelles et dispose d&rsquo;une interface simple et claire. La plateforme fonctionne aussi bien sur les appareils mobiles que sur les ordinateurs de bureau, sans diff\u00e9rence notable en termes de convivialit\u00e9.<\/p>\n<p>Betsamuro offre aux joueurs un large choix de machines \u00e0 sous en ligne, de jeux de casino en direct et de jeux de table, tout en garantissant une performance stable, des graphismes nets et des transactions s\u00e9curis\u00e9es. L&rsquo;application allie praticit\u00e9 et fonctionnement fluide sur diff\u00e9rents appareils.<\/p>\n<div class=\"banner-wrap\" aria-label=\"Banner\"><img src=\"https:\/\/betsamurocasino.org\/wp-content\/uploads\/2026\/03\/banner-desktop.webp\" class=\"w-100 d-none d-lg-block img-pc main-banner-img\" alt=\"betsamuro banner desktop\" fetchpriority=\"high\" decoding=\"async\"><img src=\"https:\/\/betsamurocasino.org\/wp-content\/uploads\/2026\/03\/banner-mobile.webp\" class=\"w-100 d-none d-md-block d-lg-none main-banner-img\" alt=\"betsamuro banner mobile\" fetchpriority=\"high\" decoding=\"async\"><img src=\"https:\/\/betsamurocasino.org\/wp-content\/uploads\/2026\/03\/banner-mobile.webp\" class=\"w-100 d-md-none\" alt=\"betsamuro banner mobile\" fetchpriority=\"high\" decoding=\"async\"><div class=\"banner-description\">\n<div class=\"banner-title\">Bonus de bienvenue<\/div>\n<p class=\"banner-header-title\">1500 \u20ac<\/p>\n<div class=\"banner-header-AdditionalText\">+ 250 Tours gratuits<\/div>\n<button data-item=\"homepage_banner_link\" class=\"goto m-button m-gradient-border m-button--primary m-button--large banner-button btn-orange\">\n            <div class=\"m-button-content\">\n                <span>Inscrivez-vous d\u00e8s maintenant<\/span>\n                <span><\/span>\n            <\/div>\n        <\/button>\n<\/div>\n<div class=\"WelcomePack\">\n<p><img loading=\"lazy\" decoding=\"async\" class=\"alignnone size-full wp-image-1852\" src=\"https:\/\/betsamurocasino.org\/wp-content\/uploads\/2026\/03\/welcome-crown.png\" alt=\"welcome crown\" width=\"25\" height=\"26\" \/><\/p>\n<div class=\"WelcomePack-Info\">Cashback hebdomadaire jusqu&rsquo;\u00e0 25 %<\/div>\n<p><img loading=\"lazy\" decoding=\"async\" class=\"alignnone size-full wp-image-1852\" src=\"https:\/\/betsamurocasino.org\/wp-content\/uploads\/2026\/03\/welcome-crown.png\" alt=\"welcome crown\" width=\"25\" height=\"26\" \/><\/p>\n<\/div>\n<\/div>\n<h2>Utilisation de l&rsquo;application Betsamuro sur mobile<\/h2>\n<p>L&rsquo;application Betsamuro est con\u00e7ue pour le jeu mobile et optimis\u00e9e pour une utilisation fluide sur smartphones et tablettes. Elle est compatible avec les principaux appareils et con\u00e7ue pour fonctionner sans heurts, avec des chargements rapides et une interface utilisateur adapt\u00e9e aux petits \u00e9crans.<\/p>\n<p>Gr\u00e2ce \u00e0 l&rsquo;application Betsamuro, les joueurs peuvent acc\u00e9der \u00e0 leurs jeux pr\u00e9f\u00e9r\u00e9s en toute circonstance, qu&rsquo;ils soient chez eux ou loin de leur ordinateur. L&rsquo;interface est intuitive, ce qui facilite la navigation, et la plateforme met en \u0153uvre des mesures de s\u00e9curit\u00e9 destin\u00e9es \u00e0 prot\u00e9ger les donn\u00e9es personnelles et les transactions financi\u00e8res.<\/p>\n<p>Le casino mobile Betsamuro s&rsquo;adresse aux utilisateurs qui recherchent une exp\u00e9rience de jeu plus flexible que celle offerte par l&rsquo;acc\u00e8s sur ordinateur. Il permet aux joueurs d&rsquo;utiliser leurs smartphones et leurs tablettes sans pour autant perdre l&rsquo;acc\u00e8s aux principales cat\u00e9gories de jeux ni \u00e0 la qualit\u00e9 visuelle de la plateforme. L&rsquo;int\u00e9gralit\u00e9 de la s\u00e9lection de jeux reste disponible en temps r\u00e9el.<\/p>\n<p><div class=\"scrollable-content-wrap my-5\"><div class=\"scrollable-content-inner\"><h2>Application mobile Betsamuro pour Android<\/h2>\n<p>La version Android de Betsamuro est propos\u00e9e sous forme d&rsquo;application web progressive (PWA), ce qui permet aux utilisateurs d&rsquo;acc\u00e9der \u00e0 la plateforme sans avoir \u00e0 t\u00e9l\u00e9charger de fichiers APK. Cette approche r\u00e9duit la d\u00e9pendance vis-\u00e0-vis des fichiers d&rsquo;installation tiers et rend l&rsquo;acc\u00e8s plus direct via le navigateur.<\/p>\n<p>Le format PWA simplifie l&rsquo;installation et permet des mises \u00e0 jour automatiques, notamment l&rsquo;ajout de nouvelles fonctionnalit\u00e9s et de nouveaux jeux. Pour ajouter l&rsquo;application \u00e0 l&rsquo;\u00e9cran d&rsquo;accueil, il suffit \u00e0 l&rsquo;utilisateur d&rsquo;utiliser l&rsquo;option pr\u00e9vue \u00e0 cet effet sur la version mobile du site. L&rsquo;ic\u00f4ne est alors disponible pour un acc\u00e8s rapide.<\/p>\n<p>La version Android conserve les principales fonctionnalit\u00e9s de la plateforme, notamment les transactions en argent r\u00e9el, les notifications concernant les offres en cours et l&rsquo;acc\u00e8s \u00e0 l&rsquo;int\u00e9gralit\u00e9 du catalogue de jeux, comme les machines \u00e0 sous en ligne, le casino en direct et les jeux de table. En termes de structure et de navigation, elle reste tr\u00e8s proche de la version pour ordinateur, ce qui la rend plus facile \u00e0 utiliser.<\/p>\n<p>Mais quelles sont les principales caract\u00e9ristiques de notre application Betsamuro ? Passons-les rapidement en revue :<\/p>\n<ul>\n<li>Une interface 100 % responsive qui s&rsquo;adapte \u00e0 diff\u00e9rentes tailles d&rsquo;\u00e9cran.<\/li>\n<li>Un gameplay fluide avec des performances stables, m\u00eame aux heures de pointe.<\/li>\n<li>Acc\u00e8s aux machines \u00e0 sous en ligne, au casino en direct et aux jeux crash.<\/li>\n<li>Transactions s\u00e9curis\u00e9es gr\u00e2ce \u00e0 la technologie de cryptage.<\/li>\n<li>Compatibilit\u00e9 avec les appareils Android et iOS.<\/li>\n<li>Acc\u00e9dez-y sans t\u00e9l\u00e9chargement fastidieux ni installation compliqu\u00e9e.<\/li>\n<\/ul>\n<p>L&rsquo;application Betsamuro a \u00e9t\u00e9 con\u00e7ue comme une alternative pratique pour les utilisateurs qui pr\u00e9f\u00e8rent un acc\u00e8s direct et simplifi\u00e9 \u00e0 la plateforme.<\/p>\n<h3>Application Web progressive (PWA) et APK du casino Betsamuro<\/h3>\n<p>Chez Betsamuro, la plateforme est d\u00e9velopp\u00e9e en phase avec les tendances num\u00e9riques actuelles, et le passage \u00e0 une application web s&rsquo;inscrit dans cette d\u00e9marche. L&rsquo;utilisation de la technologie PWA r\u00e9duit le recours aux fichiers APK traditionnels, ce qui permet d&rsquo;\u00e9viter des \u00e9tapes d&rsquo;installation suppl\u00e9mentaires \u00e0 partir de sources inconnues.<\/p>\n<p>La version PWA est con\u00e7ue pour offrir un chargement rapide et une large compatibilit\u00e9 avec les appareils Android modernes. L&rsquo;application Betsamuro peut \u00eatre ajout\u00e9e directement via le navigateur et se met \u00e0 jour automatiquement, ce qui permet aux utilisateurs de b\u00e9n\u00e9ficier des derni\u00e8res fonctionnalit\u00e9s et am\u00e9liorations techniques sans intervention manuelle. Ce syst\u00e8me contribue \u00e0 offrir une exp\u00e9rience plus fluide en r\u00e9duisant les probl\u00e8mes li\u00e9s aux mises \u00e0 jour et \u00e0 la compatibilit\u00e9.<\/p>\n<p>Pourquoi les PWA sont-elles meilleures ?<\/p>\n<table>\n<tbody>\n<tr>\n<td>Caract\u00e9ristiques du casino Betsamuro<\/td>\n<td>PWA<\/td>\n<td>APK<\/td>\n<\/tr>\n<tr>\n<td>S\u00e9curit\u00e9<\/td>\n<td>Une s\u00e9curit\u00e9 renforc\u00e9e gr\u00e2ce \u00e0 un acc\u00e8s via un navigateur.<\/td>\n<td>Le risque est plus \u00e9lev\u00e9 lorsque les fichiers sont t\u00e9l\u00e9charg\u00e9s \u00e0 partir de sources inconnues.<\/td>\n<\/tr>\n<tr>\n<td>Comment installer<\/td>\n<td>S&rsquo;installe directement via le navigateur Web.<\/td>\n<td>N\u00e9cessite un t\u00e9l\u00e9chargement et une installation manuels.<\/td>\n<\/tr>\n<tr>\n<td>Mises \u00e0 jour<\/td>\n<td>Mise \u00e0 jour automatique dans le navigateur.<\/td>\n<td>N\u00e9cessite g\u00e9n\u00e9ralement une mise \u00e0 jour manuelle.<\/td>\n<\/tr>\n<tr>\n<td>Compatibilit\u00e9<\/td>\n<td>Fonctionne avec la plupart des appareils Android et des navigateurs r\u00e9cents.<\/td>\n<td>Des probl\u00e8mes de compatibilit\u00e9 peuvent survenir en fonction de l&rsquo;appareil ou des mises \u00e0 jour du syst\u00e8me.<\/td>\n<\/tr>\n<tr>\n<td>Vitesse de chargement<\/td>\n<td>Se charge rapidement et offre une utilisation plus fluide.<\/td>\n<td>La vitesse peut varier en fonction de l&rsquo;appareil et de la version install\u00e9e.<\/td>\n<\/tr>\n<tr>\n<td>Maintenance et mises \u00e0 jour :<\/td>\n<td>Aucune mise \u00e0 jour manuelle n&rsquo;est n\u00e9cessaire. Les utilisateurs acc\u00e8dent automatiquement \u00e0 la version actuelle.<\/td>\n<td>Des mises \u00e0 jour manuelles sont n\u00e9cessaires.<\/td>\n<\/tr>\n<tr>\n<td>Exp\u00e9rience utilisateur :<\/td>\n<td>Offre une exp\u00e9rience plus stable gr\u00e2ce \u00e0 la r\u00e9duction des probl\u00e8mes li\u00e9s aux logiciels et \u00e0 la compatibilit\u00e9.<\/td>\n<td>Les mises \u00e0 jour et les probl\u00e8mes techniques peuvent nuire \u00e0 la facilit\u00e9 d&rsquo;utilisation.<\/td>\n<\/tr>\n<tr>\n<td>Distribution :<\/td>\n<td>Accessible directement via le navigateur, sans passer par la boutique.<\/td>\n<td>Ces produits sont g\u00e9n\u00e9ralement distribu\u00e9s par des magasins qui appliquent leurs propres r\u00e8gles et proc\u00e9dures d&rsquo;autorisation.<\/td>\n<\/tr>\n<\/tbody>\n<\/table>\n<p><img loading=\"lazy\" decoding=\"async\" class=\"alignnone size-full wp-image-1892\" src=\"https:\/\/betsamurocasino.org\/wp-content\/uploads\/2026\/03\/Betsamuro-Casino-for-Android.webp\" alt=\"Betsamuro Casino for Android\" width=\"1248\" height=\"536\" srcset=\"https:\/\/betsamurocasino.org\/wp-content\/uploads\/2026\/03\/Betsamuro-Casino-for-Android.webp 1248w, https:\/\/betsamurocasino.org\/wp-content\/uploads\/2026\/03\/Betsamuro-Casino-for-Android-300x129.webp 300w, https:\/\/betsamurocasino.org\/wp-content\/uploads\/2026\/03\/Betsamuro-Casino-for-Android-1024x440.webp 1024w, https:\/\/betsamurocasino.org\/wp-content\/uploads\/2026\/03\/Betsamuro-Casino-for-Android-768x330.webp 768w\" sizes=\"auto, (max-width: 1248px) 100vw, 1248px\" \/><\/p>\n<\/div><\/div><div style=\"clear: both\"><\/div><div class=\"d-flex justify-content-center\"><button data-item=\"decouvrez_link\" data-group=\"website_links\" class=\"goto fw-bold rounded-pill btn btn-orange\" aria-label=\"T\u00e9l\u00e9chargez l&#039;application Betsamuro\" >T\u00e9l\u00e9chargez l&#039;application Betsamuro<\/button><\/div><div class=\"scrollable-content-wrap my-5\"><div class=\"scrollable-content-inner\"><h2>Application mobile Betsamuro Casino pour iOS<\/h2>\n<p>Le casino Betsamuro propose \u00e9galement une application PWA pour les utilisateurs d&rsquo;iPhone et d&rsquo;iPad. Pour l&rsquo;installer, il suffit d&rsquo;ouvrir le site dans Safari et de s\u00e9lectionner l&rsquo;option \u00ab Ajouter \u00e0 l&rsquo;\u00e9cran d&rsquo;accueil \u00bb dans le menu de partage. Une fois ajout\u00e9e, l&rsquo;application permet d&rsquo;acc\u00e9der directement aux machines \u00e0 sous en ligne, aux jeux de casino en direct et aux jeux de table optimis\u00e9s pour les appareils Apple.<\/p>\n<p>La version iOS a \u00e9t\u00e9 con\u00e7ue dans un souci de performance, afin de r\u00e9duire les temps de latence pendant le jeu. Les graphismes et les animations sont adapt\u00e9s aux appareils Apple, tandis que les op\u00e9rations de paiement sont s\u00e9curis\u00e9es par des mesures de cryptage et de v\u00e9rification. Cela contribue \u00e0 cr\u00e9er un environnement plus s\u00fbr pour l&rsquo;utilisation mobile.<\/p>\n<p><img loading=\"lazy\" decoding=\"async\" class=\"alignnone size-full wp-image-1900\" src=\"https:\/\/betsamurocasino.org\/wp-content\/uploads\/2026\/03\/Betsamuro-Casino-for-iOS.webp\" alt=\"Betsamuro Casino for iOS\" width=\"1248\" height=\"536\" srcset=\"https:\/\/betsamurocasino.org\/wp-content\/uploads\/2026\/03\/Betsamuro-Casino-for-iOS.webp 1248w, https:\/\/betsamurocasino.org\/wp-content\/uploads\/2026\/03\/Betsamuro-Casino-for-iOS-300x129.webp 300w, https:\/\/betsamurocasino.org\/wp-content\/uploads\/2026\/03\/Betsamuro-Casino-for-iOS-1024x440.webp 1024w, https:\/\/betsamurocasino.org\/wp-content\/uploads\/2026\/03\/Betsamuro-Casino-for-iOS-768x330.webp 768w\" sizes=\"auto, (max-width: 1248px) 100vw, 1248px\" \/><\/p>\n<\/div><\/div><div style=\"clear: both\"><\/div><div class=\"d-flex justify-content-center\"><button data-item=\"decouvrez_link\" data-group=\"website_links\" class=\"goto fw-bold rounded-pill btn btn-orange\" aria-label=\"T\u00e9l\u00e9charger Betsamuro\" >T\u00e9l\u00e9charger Betsamuro<\/button><\/div><div class=\"scrollable-content-wrap my-5\"><div class=\"scrollable-content-inner\"><h2>Applications Windows et macOS<\/h2>\n<p>Outre la version mobile, Betsamuro Casino est \u00e9galement disponible en version bureau pour les utilisateurs de Windows et de macOS. La version bureau est adapt\u00e9e aux \u00e9crans plus grands et propose une interface simplifi\u00e9e pour acc\u00e9der \u00e0 son compte et g\u00e9rer son jeu.<\/p>\n<p>Les joueurs peuvent profiter de l&rsquo;ensemble du contenu de la plateforme, notamment les machines \u00e0 sous en ligne, les jeux de casino en direct, le baccarat et le poker, tout en b\u00e9n\u00e9ficiant des fonctionnalit\u00e9s de transaction habituelles. Il est \u00e9galement possible de cr\u00e9er des raccourcis sur le bureau pour un acc\u00e8s plus rapide. La version pour ordinateur de bureau int\u00e8gre les m\u00eames fonctionnalit\u00e9s de s\u00e9curit\u00e9 essentielles que la version mobile, ainsi qu&rsquo;un service d&rsquo;assistance par chat en direct pour une aide imm\u00e9diate.<\/p>\n<p><img loading=\"lazy\" decoding=\"async\" class=\"alignnone size-full wp-image-1876\" src=\"https:\/\/betsamurocasino.org\/wp-content\/uploads\/2026\/03\/Betsamuro-Application-for-PC.webp\" alt=\"Betsamuro Application for PC\" width=\"1248\" height=\"536\" srcset=\"https:\/\/betsamurocasino.org\/wp-content\/uploads\/2026\/03\/Betsamuro-Application-for-PC.webp 1248w, https:\/\/betsamurocasino.org\/wp-content\/uploads\/2026\/03\/Betsamuro-Application-for-PC-300x129.webp 300w, https:\/\/betsamurocasino.org\/wp-content\/uploads\/2026\/03\/Betsamuro-Application-for-PC-1024x440.webp 1024w, https:\/\/betsamurocasino.org\/wp-content\/uploads\/2026\/03\/Betsamuro-Application-for-PC-768x330.webp 768w\" sizes=\"auto, (max-width: 1248px) 100vw, 1248px\" \/><\/p>\n<\/div><\/div><div style=\"clear: both\"><\/div><div class=\"d-flex justify-content-center\"><button data-item=\"decouvrez_link\" data-group=\"website_links\" class=\"goto fw-bold rounded-pill btn btn-orange\" aria-label=\"T\u00e9l\u00e9chargez l&#039;application Betsamuro\" >T\u00e9l\u00e9chargez l&#039;application Betsamuro<\/button><\/div><div class=\"scrollable-content-wrap my-5\"><div class=\"scrollable-content-inner\"><h2>FAQ<\/h2>\n<h3>Faut-il cr\u00e9er un compte pour utiliser l&rsquo;application Betsamuro ?<\/h3>\n<p>Pour acc\u00e9der \u00e0 toutes les fonctionnalit\u00e9s de la plateforme, notamment les transactions en argent r\u00e9el, les fonctions de jeu et la v\u00e9rification du compte, les utilisateurs doivent cr\u00e9er un compte enregistr\u00e9. La proc\u00e9dure d&rsquo;inscription dans l&rsquo;application Betsamuro est simple et ne prend pas beaucoup de temps. Une fois inscrits, les joueurs peuvent utiliser leur compte sur diff\u00e9rents appareils.<\/p>\n<h3>L&rsquo;application Bet Samuro Casino propose-t-elle un service client ?<\/h3>\n<p>Bet Samuro propose un service client disponible 24 heures sur 24, 7 jours sur 7. Les utilisateurs peuvent contacter l&rsquo;\u00e9quipe d&rsquo;assistance via le chat en direct, par e-mail ou via la rubrique FAQ. Une assistance est disponible pour les probl\u00e8mes techniques, les questions relatives au compte et les questions de paiement, ce qui aide les utilisateurs \u00e0 r\u00e9soudre leurs probl\u00e8mes lors de l&rsquo;utilisation de la plateforme.<\/p>\n<h3>Comment mettre \u00e0 jour l&rsquo;application Betsamuro Casino ?<\/h3>\n<p>Pour les utilisateurs mobiles, l&rsquo;application Betsamuro se met \u00e0 jour automatiquement via l&rsquo;application web ou au format PWA. Dans la plupart des cas, aucune intervention manuelle n&rsquo;est n\u00e9cessaire. Cela permet aux utilisateurs d&rsquo;acc\u00e9der aux derni\u00e8res fonctionnalit\u00e9s et aux am\u00e9liorations en mati\u00e8re de s\u00e9curit\u00e9 sans avoir \u00e0 installer les mises \u00e0 jour s\u00e9par\u00e9ment.<\/p>\n<\/div><\/div><\/p>\n","protected":false},"excerpt":{"rendered":"<p>Plateforme mobile Betsamuro L&rsquo;application Betsamuro est une solution mobile moderne qui permet d&rsquo;acc\u00e9der rapidement aux jeux de casino sans proc\u00e9dure d&rsquo;installation compliqu\u00e9e. Elle est con\u00e7ue \u00e0 l&rsquo;aide des technologies web actuelles et dispose d&rsquo;une interface simple et claire. La plateforme fonctionne aussi bien sur les appareils mobiles que sur les ordinateurs de bureau, sans diff\u00e9rence [&hellip;]<\/p>\n","protected":false},"author":1,"featured_media":0,"parent":0,"menu_order":0,"comment_status":"closed","ping_status":"closed","template":"template-builder.php","meta":{"_acf_changed":false,"inline_featured_image":false,"footnotes":""},"class_list":["post-1440","page","type-page","status-publish","hentry"],"acf":[],"yoast_head":"<!-- This site is optimized with the Yoast SEO plugin v27.3 - https:\/\/yoast.com\/product\/yoast-seo-wordpress\/ -->\n<title>T\u00e9l\u00e9charger Betsamuro app | iOS et Android<\/title>\n<meta name=\"description\" content=\"L&#039;application Betsamuro garantit une exp\u00e9rience de jeu fluide sur les plateformes Android, iOS, Windows et macOS, avec synchronisation des comptes, mises \u00e0 jour r\u00e9guli\u00e8res et assistance client int\u00e9gr\u00e9e pour une utilisation simplifi\u00e9e.\" \/>\n<meta name=\"robots\" content=\"index, follow, max-snippet:-1, max-image-preview:large, max-video-preview:-1\" \/>\n<link rel=\"canonical\" href=\"https:\/\/betsamurocasino.org\/fr\/app\/\" \/>\n<meta property=\"og:locale\" content=\"fr_FR\" \/>\n<meta property=\"og:type\" content=\"article\" \/>\n<meta property=\"og:title\" content=\"T\u00e9l\u00e9charger Betsamuro app | iOS et Android\" \/>\n<meta property=\"og:description\" content=\"L&#039;application Betsamuro garantit une exp\u00e9rience de jeu fluide sur les plateformes Android, iOS, Windows et macOS, avec synchronisation des comptes, mises \u00e0 jour r\u00e9guli\u00e8res et assistance client int\u00e9gr\u00e9e pour une utilisation simplifi\u00e9e.\" \/>\n<meta property=\"og:url\" content=\"https:\/\/betsamurocasino.org\/fr\/app\/\" \/>\n<meta property=\"og:site_name\" content=\"betsamuro\" \/>\n<meta property=\"article:modified_time\" content=\"2026-03-19T08:11:05+00:00\" \/>\n<meta name=\"twitter:card\" content=\"summary_large_image\" \/>\n<meta name=\"twitter:label1\" content=\"Dur\u00e9e de lecture estim\u00e9e\" \/>\n\t<meta name=\"twitter:data1\" content=\"2 minutes\" \/>\n<script type=\"application\/ld+json\" class=\"yoast-schema-graph\">{\"@context\":\"https:\\\/\\\/schema.org\",\"@graph\":[{\"@type\":\"WebPage\",\"@id\":\"https:\\\/\\\/betsamurocasino.org\\\/fr\\\/app\\\/\",\"url\":\"https:\\\/\\\/betsamurocasino.org\\\/fr\\\/app\\\/\",\"name\":\"T\u00e9l\u00e9charger Betsamuro app | iOS et Android\",\"isPartOf\":{\"@id\":\"https:\\\/\\\/betsamurocasino.org\\\/fr\\\/#website\"},\"datePublished\":\"2026-01-20T12:08:23+00:00\",\"dateModified\":\"2026-03-19T08:11:05+00:00\",\"description\":\"L'application Betsamuro garantit une exp\u00e9rience de jeu fluide sur les plateformes Android, iOS, Windows et macOS, avec synchronisation des comptes, mises \u00e0 jour r\u00e9guli\u00e8res et assistance client int\u00e9gr\u00e9e pour une utilisation simplifi\u00e9e.\",\"breadcrumb\":{\"@id\":\"https:\\\/\\\/betsamurocasino.org\\\/fr\\\/app\\\/#breadcrumb\"},\"inLanguage\":\"fr-FR\",\"potentialAction\":[{\"@type\":\"ReadAction\",\"target\":[\"https:\\\/\\\/betsamurocasino.org\\\/fr\\\/app\\\/\"]}]},{\"@type\":\"BreadcrumbList\",\"@id\":\"https:\\\/\\\/betsamurocasino.org\\\/fr\\\/app\\\/#breadcrumb\",\"itemListElement\":[{\"@type\":\"ListItem\",\"position\":1,\"name\":\"Betsamuro\",\"item\":\"https:\\\/\\\/betsamurocasino.org\\\/fr\\\/\"},{\"@type\":\"ListItem\",\"position\":2,\"name\":\"App\"}]},{\"@type\":\"WebSite\",\"@id\":\"https:\\\/\\\/betsamurocasino.org\\\/fr\\\/#website\",\"url\":\"https:\\\/\\\/betsamurocasino.org\\\/fr\\\/\",\"name\":\"Betsamuro\",\"description\":\"\",\"publisher\":{\"@id\":\"https:\\\/\\\/betsamurocasino.org\\\/fr\\\/#organization\"},\"potentialAction\":[{\"@type\":\"SearchAction\",\"target\":{\"@type\":\"EntryPoint\",\"urlTemplate\":\"https:\\\/\\\/betsamurocasino.org\\\/fr\\\/?s={search_term_string}\"},\"query-input\":{\"@type\":\"PropertyValueSpecification\",\"valueRequired\":true,\"valueName\":\"search_term_string\"}}],\"inLanguage\":\"fr-FR\"},{\"@type\":\"Organization\",\"@id\":\"https:\\\/\\\/betsamurocasino.org\\\/fr\\\/#organization\",\"name\":\"Betsamuro\",\"url\":\"https:\\\/\\\/betsamurocasino.org\\\/fr\\\/\",\"logo\":{\"@type\":\"ImageObject\",\"inLanguage\":\"fr-FR\",\"@id\":\"https:\\\/\\\/betsamurocasino.org\\\/fr\\\/#\\\/schema\\\/logo\\\/image\\\/\",\"url\":\"https:\\\/\\\/betsamurocasino.org\\\/wp-content\\\/uploads\\\/2026\\\/03\\\/betsamuro-logo.png\",\"contentUrl\":\"https:\\\/\\\/betsamurocasino.org\\\/wp-content\\\/uploads\\\/2026\\\/03\\\/betsamuro-logo.png\",\"width\":150,\"height\":29,\"caption\":\"Betsamuro\"},\"image\":{\"@id\":\"https:\\\/\\\/betsamurocasino.org\\\/fr\\\/#\\\/schema\\\/logo\\\/image\\\/\"}}]}<\/script>\n<!-- \/ Yoast SEO plugin. -->","yoast_head_json":{"title":"T\u00e9l\u00e9charger Betsamuro app | iOS et Android","description":"L'application Betsamuro garantit une exp\u00e9rience de jeu fluide sur les plateformes Android, iOS, Windows et macOS, avec synchronisation des comptes, mises \u00e0 jour r\u00e9guli\u00e8res et assistance client int\u00e9gr\u00e9e pour une utilisation simplifi\u00e9e.","robots":{"index":"index","follow":"follow","max-snippet":"max-snippet:-1","max-image-preview":"max-image-preview:large","max-video-preview":"max-video-preview:-1"},"canonical":"https:\/\/betsamurocasino.org\/fr\/app\/","og_locale":"fr_FR","og_type":"article","og_title":"T\u00e9l\u00e9charger Betsamuro app | iOS et Android","og_description":"L'application Betsamuro garantit une exp\u00e9rience de jeu fluide sur les plateformes Android, iOS, Windows et macOS, avec synchronisation des comptes, mises \u00e0 jour r\u00e9guli\u00e8res et assistance client int\u00e9gr\u00e9e pour une utilisation simplifi\u00e9e.","og_url":"https:\/\/betsamurocasino.org\/fr\/app\/","og_site_name":"betsamuro","article_modified_time":"2026-03-19T08:11:05+00:00","twitter_card":"summary_large_image","twitter_misc":{"Dur\u00e9e de lecture estim\u00e9e":"2 minutes"},"schema":{"@context":"https:\/\/schema.org","@graph":[{"@type":"WebPage","@id":"https:\/\/betsamurocasino.org\/fr\/app\/","url":"https:\/\/betsamurocasino.org\/fr\/app\/","name":"T\u00e9l\u00e9charger Betsamuro app | iOS et Android","isPartOf":{"@id":"https:\/\/betsamurocasino.org\/fr\/#website"},"datePublished":"2026-01-20T12:08:23+00:00","dateModified":"2026-03-19T08:11:05+00:00","description":"L'application Betsamuro garantit une exp\u00e9rience de jeu fluide sur les plateformes Android, iOS, Windows et macOS, avec synchronisation des comptes, mises \u00e0 jour r\u00e9guli\u00e8res et assistance client int\u00e9gr\u00e9e pour une utilisation simplifi\u00e9e.","breadcrumb":{"@id":"https:\/\/betsamurocasino.org\/fr\/app\/#breadcrumb"},"inLanguage":"fr-FR","potentialAction":[{"@type":"ReadAction","target":["https:\/\/betsamurocasino.org\/fr\/app\/"]}]},{"@type":"BreadcrumbList","@id":"https:\/\/betsamurocasino.org\/fr\/app\/#breadcrumb","itemListElement":[{"@type":"ListItem","position":1,"name":"Betsamuro","item":"https:\/\/betsamurocasino.org\/fr\/"},{"@type":"ListItem","position":2,"name":"App"}]},{"@type":"WebSite","@id":"https:\/\/betsamurocasino.org\/fr\/#website","url":"https:\/\/betsamurocasino.org\/fr\/","name":"Betsamuro","description":"","publisher":{"@id":"https:\/\/betsamurocasino.org\/fr\/#organization"},"potentialAction":[{"@type":"SearchAction","target":{"@type":"EntryPoint","urlTemplate":"https:\/\/betsamurocasino.org\/fr\/?s={search_term_string}"},"query-input":{"@type":"PropertyValueSpecification","valueRequired":true,"valueName":"search_term_string"}}],"inLanguage":"fr-FR"},{"@type":"Organization","@id":"https:\/\/betsamurocasino.org\/fr\/#organization","name":"Betsamuro","url":"https:\/\/betsamurocasino.org\/fr\/","logo":{"@type":"ImageObject","inLanguage":"fr-FR","@id":"https:\/\/betsamurocasino.org\/fr\/#\/schema\/logo\/image\/","url":"https:\/\/betsamurocasino.org\/wp-content\/uploads\/2026\/03\/betsamuro-logo.png","contentUrl":"https:\/\/betsamurocasino.org\/wp-content\/uploads\/2026\/03\/betsamuro-logo.png","width":150,"height":29,"caption":"Betsamuro"},"image":{"@id":"https:\/\/betsamurocasino.org\/fr\/#\/schema\/logo\/image\/"}}]}},"_links":{"self":[{"href":"https:\/\/betsamurocasino.org\/fr\/wp-json\/wp\/v2\/pages\/1440","targetHints":{"allow":["GET"]}}],"collection":[{"href":"https:\/\/betsamurocasino.org\/fr\/wp-json\/wp\/v2\/pages"}],"about":[{"href":"https:\/\/betsamurocasino.org\/fr\/wp-json\/wp\/v2\/types\/page"}],"author":[{"embeddable":true,"href":"https:\/\/betsamurocasino.org\/fr\/wp-json\/wp\/v2\/users\/1"}],"replies":[{"embeddable":true,"href":"https:\/\/betsamurocasino.org\/fr\/wp-json\/wp\/v2\/comments?post=1440"}],"version-history":[{"count":3,"href":"https:\/\/betsamurocasino.org\/fr\/wp-json\/wp\/v2\/pages\/1440\/revisions"}],"predecessor-version":[{"id":2036,"href":"https:\/\/betsamurocasino.org\/fr\/wp-json\/wp\/v2\/pages\/1440\/revisions\/2036"}],"wp:attachment":[{"href":"https:\/\/betsamurocasino.org\/fr\/wp-json\/wp\/v2\/media?parent=1440"}],"curies":[{"name":"wp","href":"https:\/\/api.w.org\/{rel}","templated":true}]}}