{"id":1482,"date":"2026-01-20T12:11:11","date_gmt":"2026-01-20T12:11:11","guid":{"rendered":"https:\/\/bonuskongcasino.com\/login-and-registration\/"},"modified":"2026-03-19T08:15:09","modified_gmt":"2026-03-19T08:15:09","slug":"connexion-et-inscription","status":"publish","type":"page","link":"https:\/\/betsamurocasino.org\/fr\/connexion-et-inscription\/","title":{"rendered":"Connexion et inscription"},"content":{"rendered":"<h1>Connexion et inscription au compte Betsamuro<\/h1>\n<p>La connexion \u00e0 Betsamuro permet aux utilisateurs d&rsquo;acc\u00e9der aux principales fonctionnalit\u00e9s de la plateforme, notamment aux jeux, aux param\u00e8tres de compte et aux offres en cours. La plateforme offre un environnement stable et s\u00e9curis\u00e9 o\u00f9 les joueurs peuvent g\u00e9rer leur profil et utiliser les fonctionnalit\u00e9s disponibles sans complications inutiles.<\/p>\n<p>La proc\u00e9dure de connexion sur Betsamuro est simple et con\u00e7ue pour faciliter l&rsquo;acc\u00e8s. La plateforme met \u00e9galement en \u0153uvre des mesures de s\u00e9curit\u00e9 pour prot\u00e9ger les comptes des utilisateurs, tandis que le service client reste disponible \u00e0 tout moment en cas de besoin.<\/p>\n<p><div class=\"banner-wrap\" aria-label=\"Banner\"><img src=\"https:\/\/betsamurocasino.org\/wp-content\/uploads\/2026\/03\/banner-desktop.webp\" class=\"w-100 d-none d-lg-block img-pc main-banner-img\" alt=\"betsamuro banner desktop\" fetchpriority=\"high\" decoding=\"async\"><img src=\"https:\/\/betsamurocasino.org\/wp-content\/uploads\/2026\/03\/banner-mobile.webp\" class=\"w-100 d-none d-md-block d-lg-none main-banner-img\" alt=\"betsamuro banner mobile\" fetchpriority=\"high\" decoding=\"async\"><img src=\"https:\/\/betsamurocasino.org\/wp-content\/uploads\/2026\/03\/banner-mobile.webp\" class=\"w-100 d-md-none\" alt=\"betsamuro banner mobile\" fetchpriority=\"high\" decoding=\"async\"><div class=\"banner-description\">\n<div class=\"banner-title\">Bonus de bienvenue<\/div>\n<p class=\"banner-header-title\">1500 \u20ac<\/p>\n<div class=\"banner-header-AdditionalText\">+ 250 Tours gratuits<\/div>\n<button data-item=\"homepage_banner_link\" class=\"goto m-button m-gradient-border m-button--primary m-button--large banner-button btn-orange\">\n            <div class=\"m-button-content\">\n                <span>Inscrivez-vous d\u00e8s maintenant<\/span>\n                <span><\/span>\n            <\/div>\n        <\/button>\n<\/div>\n<div class=\"WelcomePack\">\n<p><img loading=\"lazy\" decoding=\"async\" class=\"alignnone size-full wp-image-1852\" src=\"https:\/\/betsamurocasino.org\/wp-content\/uploads\/2026\/03\/welcome-crown.png\" alt=\"welcome crown\" width=\"25\" height=\"26\" \/><\/p>\n<div class=\"WelcomePack-Info\">Cashback hebdomadaire jusqu&rsquo;\u00e0 25 %<\/div>\n<p><img loading=\"lazy\" decoding=\"async\" class=\"alignnone size-full wp-image-1852\" src=\"https:\/\/betsamurocasino.org\/wp-content\/uploads\/2026\/03\/welcome-crown.png\" alt=\"welcome crown\" width=\"25\" height=\"26\" \/><\/p>\n<\/div>\n<\/div><div class=\"scrollable-content-wrap my-5\"><div class=\"scrollable-content-inner\"><h2>Inscription d&rsquo;un nouvel utilisateur sur Betsamuro<\/h2>\n<p>En cr\u00e9ant un compte sur Betsamuro, les nouveaux utilisateurs ont acc\u00e8s aux principales fonctionnalit\u00e9s de la plateforme et aux offres disponibles. Les nouveaux membres peuvent b\u00e9n\u00e9ficier d&rsquo;un pack de bienvenue comprenant des bonus pouvant atteindre 1 500 \u20ac + 250 tours gratuits.<\/p>\n<p>L&rsquo;inscription donne \u00e9galement acc\u00e8s \u00e0 l&rsquo;espace personnel, o\u00f9 les utilisateurs peuvent consulter les promotions, d\u00e9couvrir les tournois et g\u00e9rer leur activit\u00e9 sur la plateforme. Le syst\u00e8me d&rsquo;inscription est con\u00e7u pour \u00eatre simple et rapide ; le processus ne prend donc g\u00e9n\u00e9ralement que quelques minutes.<\/p>\n<h2>Cr\u00e9ez votre compte sur Betsamuro Casino<\/h2>\n<p>Si le mode d\u00e9mo ne vous suffit plus et que vous souhaitez passer au jeu en argent r\u00e9el, la prochaine \u00e9tape consiste \u00e0 cr\u00e9er un compte personnel sur Betsamuro Casino. Une fois l&rsquo;inscription termin\u00e9e, les utilisateurs peuvent se connecter \u00e0 Betsamuro et acc\u00e9der aux fonctionnalit\u00e9s de la plateforme.<\/p>\n<p>La proc\u00e9dure d&rsquo;ouverture d&rsquo;un compte sur Betsamuro Casino commence par une simple proc\u00e9dure d&rsquo;inscription.<\/p>\n<ol>\n<li>Dans le coin sup\u00e9rieur droit de la page d&rsquo;accueil du casino Betsamuro, vous trouverez un bouton d&rsquo;inscription.<\/li>\n<li>Saisissez les informations requises, notamment votre adresse e-mail et un mot de passe s\u00e9curis\u00e9.<\/li>\n<li>V\u00e9rifiez les informations saisies en cochant la case et en acceptant les conditions g\u00e9n\u00e9rales.<\/li>\n<li>Une fois l&rsquo;inscription effectu\u00e9e, le compte est imm\u00e9diatement op\u00e9rationnel et permet d&rsquo;acc\u00e9der \u00e0 l&rsquo;ensemble des fonctionnalit\u00e9s et options de la plateforme.<\/li>\n<\/ol>\n<p>La proc\u00e9dure d&rsquo;inscription est con\u00e7ue de mani\u00e8re \u00e0 permettre aux utilisateurs de commencer \u00e0 utiliser la plateforme sans d\u00e9lai. Une assistance multilingue est \u00e9galement disponible, ce qui facilite l&rsquo;inscription et la connexion pour les joueurs de diff\u00e9rents pays.<\/p>\n<p><img loading=\"lazy\" decoding=\"async\" class=\"alignnone size-full wp-image-1908\" src=\"https:\/\/betsamurocasino.org\/wp-content\/uploads\/2026\/03\/Betsamuro-Login-Page.webp\" alt=\"Betsamuro Login Page\" width=\"1248\" height=\"536\" srcset=\"https:\/\/betsamurocasino.org\/wp-content\/uploads\/2026\/03\/Betsamuro-Login-Page.webp 1248w, https:\/\/betsamurocasino.org\/wp-content\/uploads\/2026\/03\/Betsamuro-Login-Page-300x129.webp 300w, https:\/\/betsamurocasino.org\/wp-content\/uploads\/2026\/03\/Betsamuro-Login-Page-1024x440.webp 1024w, https:\/\/betsamurocasino.org\/wp-content\/uploads\/2026\/03\/Betsamuro-Login-Page-768x330.webp 768w\" sizes=\"auto, (max-width: 1248px) 100vw, 1248px\" \/><\/p>\n<h2>Cr\u00e9er et utiliser un compte Betsamuro<\/h2>\n<p>La connexion \u00e0 un compte Betsamuro est tr\u00e8s simple. Rendez-vous dans la partie sup\u00e9rieure droite du site et cliquez sur le bouton \u00ab Connexion \u00bb. Saisissez ensuite l&rsquo;adresse e-mail et le mot de passe enregistr\u00e9s pour acc\u00e9der \u00e0 votre compte. Une fois connect\u00e9s, les utilisateurs peuvent effectuer des d\u00e9p\u00f4ts, consulter l&rsquo;historique de leur compte et g\u00e9rer les param\u00e8tres de leur profil.<\/p>\n<p>Dans le tableau de bord du compte, les joueurs peuvent g\u00e9rer leurs d\u00e9p\u00f4ts et leurs retraits, d\u00e9finir des limites de d\u00e9p\u00f4t, consulter l&rsquo;historique de leurs parties et participer \u00e0 des promotions. L&rsquo;interface est con\u00e7ue de mani\u00e8re intuitive, ce qui permet de trouver et d&rsquo;utiliser facilement les principales options de gestion du compte.<\/p>\n<p>Parmi les autres fonctionnalit\u00e9s, on peut citer la possibilit\u00e9 d&rsquo;inviter des amis via des liens de parrainage, la mise \u00e0 jour des informations personnelles et l&rsquo;activation de l&rsquo;authentification \u00e0 deux facteurs pour une protection renforc\u00e9e du compte. Gr\u00e2ce \u00e0 son interface claire et \u00e0 ses outils de gestion de compte pratiques, la connexion \u00e0 Betsamuro constitue un moyen pratique d&rsquo;acc\u00e9der \u00e0 la plateforme.<\/p>\n<h3>Vous avez oubli\u00e9 votre mot de passe ?<\/h3>\n<p>Si vous rencontrez des difficult\u00e9s pour acc\u00e9der \u00e0 votre compte Betsamuro parce que vous avez oubli\u00e9 votre mot de passe ou pour toute autre raison li\u00e9e \u00e0 la connexion, la proc\u00e9dure de r\u00e9cup\u00e9ration est con\u00e7ue pour \u00eatre simple.<\/p>\n<ol>\n<li>Cliquez sur le bouton de connexion Betsamuro.<\/li>\n<li>S\u00e9lectionnez l&rsquo;option \u00ab Mot de passe oubli\u00e9 ? \u00bb.<\/li>\n<li>Saisissez l&rsquo;adresse e-mail que vous avez enregistr\u00e9e ; un message contenant les instructions pour r\u00e9initialiser votre mot de passe vous sera envoy\u00e9.<\/li>\n<li>Suivez les instructions fournies dans l&rsquo;e-mail.<\/li>\n<li>Reconnectez-vous \u00e0 votre compte.<\/li>\n<\/ol>\n<p>L&rsquo;\u00e9quipe d&rsquo;assistance est \u00e9galement disponible par chat en direct ou par e-mail pour vous aider \u00e0 r\u00e9cup\u00e9rer votre compte ou \u00e0 r\u00e9soudre tout autre probl\u00e8me de connexion \u00e0 Betsamuro. Tout au long de ce processus, des mesures de s\u00e9curit\u00e9 sont mises en \u0153uvre pour prot\u00e9ger les informations des utilisateurs.<\/p>\n<h3>V\u00e9rification du compte et s\u00e9curit\u00e9 sur Betsamuro Casino<\/h3>\n<p>La v\u00e9rification du compte est un \u00e9l\u00e9ment essentiel de la protection d&rsquo;un compte Betsamuro. Le processus de v\u00e9rification exige g\u00e9n\u00e9ralement que les utilisateurs fournissent des pi\u00e8ces d&rsquo;identit\u00e9, telles qu&rsquo;un passeport ou un permis de conduire, ainsi qu&rsquo;un justificatif de domicile, par exemple une facture de services publics. Cette \u00e9tape permet de confirmer l&rsquo;identit\u00e9 de l&rsquo;utilisateur, de r\u00e9duire le risque de fraude et de d\u00e9bloquer l&rsquo;acc\u00e8s aux retraits.<\/p>\n<table>\n<tbody>\n<tr>\n<td>Aspect du casino Betsamuro<\/td>\n<td>Plus de d\u00e9tails<\/td>\n<\/tr>\n<tr>\n<td>Documents justificatifs<\/td>\n<td>Une pi\u00e8ce d&rsquo;identit\u00e9 en cours de validit\u00e9 (passeport, permis de conduire), un justificatif de domicile (facture d&rsquo;\u00e9lectricit\u00e9, de gaz ou de loyer)<\/td>\n<\/tr>\n<tr>\n<td>D\u00e9lai de v\u00e9rification<\/td>\n<td>Environ 48 heures apr\u00e8s l&rsquo;envoi<\/td>\n<\/tr>\n<tr>\n<td>Avantage pour un joueur<\/td>\n<td>S\u00e9curit\u00e9 renforc\u00e9e, retraits illimit\u00e9s<\/td>\n<\/tr>\n<\/tbody>\n<\/table>\n<p>Le d\u00e9lai de traitement standard pour la v\u00e9rification est g\u00e9n\u00e9ralement d&rsquo;environ 48 heures apr\u00e8s la soumission des documents. Une fois la v\u00e9rification termin\u00e9e, le compte b\u00e9n\u00e9ficie d&rsquo;un niveau de protection suppl\u00e9mentaire et d&rsquo;un acc\u00e8s \u00e9largi aux fonctions de retrait. Betsamuro utilise \u00e9galement le cryptage SSL et prend en charge des outils de s\u00e9curit\u00e9 suppl\u00e9mentaires, notamment l&rsquo;authentification \u00e0 deux facteurs lorsqu&rsquo;elle est disponible.<\/p>\n<h2>FAQ<\/h2>\n<h3>Comment effectuer la v\u00e9rification de mon compte sur Betsamuro Casino ?<\/h3>\n<p>Pour finaliser la v\u00e9rification de votre compte, connectez-vous \u00e0 votre compte Betsamuro et acc\u00e9dez \u00e0 la section d\u00e9di\u00e9e \u00e0 la v\u00e9rification. Vous devrez y t\u00e9l\u00e9charger des copies lisibles d&rsquo;une pi\u00e8ce d&rsquo;identit\u00e9 en cours de validit\u00e9 et d&rsquo;un justificatif de domicile. Une fois les documents envoy\u00e9s, l&rsquo;\u00e9quipe d&rsquo;assistance les examine et informe l&rsquo;utilisateur d\u00e8s que la v\u00e9rification est termin\u00e9e, g\u00e9n\u00e9ralement dans les 48 heures. La v\u00e9rification permet de renforcer la s\u00e9curit\u00e9 du compte et donne acc\u00e8s aux fonctions de retrait.<\/p>\n<h3>Comment mettre \u00e0 jour son mot de passe ou son adresse e-mail ?<\/h3>\n<p>La gestion des param\u00e8tres de compte s&rsquo;effectue via le tableau de bord personnel. Si vous devez modifier votre mot de passe, utilisez l&rsquo;option \u00ab Mot de passe oubli\u00e9 ? \u00bb situ\u00e9e pr\u00e8s de la section de connexion \u00e0 Betsamuro. Pour mettre \u00e0 jour votre adresse e-mail, rendez-vous dans la section des informations de compte et suivez les \u00e9tapes indiqu\u00e9es. Pour des raisons de s\u00e9curit\u00e9, il est pr\u00e9f\u00e9rable d&rsquo;utiliser un mot de passe fort qui n&rsquo;est pas utilis\u00e9 sur d&rsquo;autres plateformes. Lorsque vous ajoutez une nouvelle adresse e-mail, celle-ci doit \u00e9galement \u00eatre valid\u00e9e via le lien envoy\u00e9 dans votre bo\u00eete de r\u00e9ception.<\/p>\n<h3>Que dois-je faire si mon compte est bloqu\u00e9 ?<\/h3>\n<p>Si l&rsquo;acc\u00e8s \u00e0 votre compte est restreint, la meilleure chose \u00e0 faire est de contacter l&rsquo;\u00e9quipe d&rsquo;assistance de Betsamuro d\u00e8s que possible. Un compte peut \u00eatre bloqu\u00e9 apr\u00e8s plusieurs tentatives de connexion infructueuses ou pour des raisons de s\u00e9curit\u00e9. Dans ce cas, l&rsquo;\u00e9quipe d&rsquo;assistance v\u00e9rifie les informations du compte et vous aide \u00e0 r\u00e9tablir l&rsquo;acc\u00e8s. Des informations suppl\u00e9mentaires peuvent vous \u00eatre demand\u00e9es afin de confirmer votre identit\u00e9 avant que le compte ne soit d\u00e9bloqu\u00e9.<\/p>\n<\/div><\/div><\/p>\n","protected":false},"excerpt":{"rendered":"<p>Connexion et inscription au compte Betsamuro La connexion \u00e0 Betsamuro permet aux utilisateurs d&rsquo;acc\u00e9der aux principales fonctionnalit\u00e9s de la plateforme, notamment aux jeux, aux param\u00e8tres de compte et aux offres en cours. La plateforme offre un environnement stable et s\u00e9curis\u00e9 o\u00f9 les joueurs peuvent g\u00e9rer leur profil et utiliser les fonctionnalit\u00e9s disponibles sans complications inutiles. [&hellip;]<\/p>\n","protected":false},"author":1,"featured_media":0,"parent":0,"menu_order":0,"comment_status":"closed","ping_status":"closed","template":"template-builder.php","meta":{"_acf_changed":false,"inline_featured_image":false,"footnotes":""},"class_list":["post-1482","page","type-page","status-publish","hentry"],"acf":[],"yoast_head":"<!-- This site is optimized with the Yoast SEO plugin v27.3 - https:\/\/yoast.com\/product\/yoast-seo-wordpress\/ -->\n<title>Betsamuro Login \u2013 Inscription et gestion du compte<\/title>\n<meta name=\"description\" content=\"Cr\u00e9ez, g\u00e9rez et v\u00e9rifiez facilement votre compte Betsamuro Casino gr\u00e2ce \u00e0 une inscription rapide, une r\u00e9cup\u00e9ration de compte sans difficult\u00e9 et une cl\u00f4ture de compte s\u00e9curis\u00e9e, le tout avec une protection 24 h\/24 et 7 j\/7 via Betsamuro Login.\" \/>\n<meta name=\"robots\" content=\"index, follow, max-snippet:-1, max-image-preview:large, max-video-preview:-1\" \/>\n<link rel=\"canonical\" href=\"https:\/\/betsamurocasino.org\/fr\/connexion-et-inscription\/\" \/>\n<meta property=\"og:locale\" content=\"fr_FR\" \/>\n<meta property=\"og:type\" content=\"article\" \/>\n<meta property=\"og:title\" content=\"Betsamuro Login \u2013 Inscription et gestion du compte\" \/>\n<meta property=\"og:description\" content=\"Cr\u00e9ez, g\u00e9rez et v\u00e9rifiez facilement votre compte Betsamuro Casino gr\u00e2ce \u00e0 une inscription rapide, une r\u00e9cup\u00e9ration de compte sans difficult\u00e9 et une cl\u00f4ture de compte s\u00e9curis\u00e9e, le tout avec une protection 24 h\/24 et 7 j\/7 via Betsamuro Login.\" \/>\n<meta property=\"og:url\" content=\"https:\/\/betsamurocasino.org\/fr\/connexion-et-inscription\/\" \/>\n<meta property=\"og:site_name\" content=\"betsamuro\" \/>\n<meta property=\"article:modified_time\" content=\"2026-03-19T08:15:09+00:00\" \/>\n<meta name=\"twitter:card\" content=\"summary_large_image\" \/>\n<meta name=\"twitter:label1\" content=\"Dur\u00e9e de lecture estim\u00e9e\" \/>\n\t<meta name=\"twitter:data1\" content=\"1 minute\" \/>\n<script type=\"application\/ld+json\" class=\"yoast-schema-graph\">{\"@context\":\"https:\\\/\\\/schema.org\",\"@graph\":[{\"@type\":\"WebPage\",\"@id\":\"https:\\\/\\\/betsamurocasino.org\\\/fr\\\/connexion-et-inscription\\\/\",\"url\":\"https:\\\/\\\/betsamurocasino.org\\\/fr\\\/connexion-et-inscription\\\/\",\"name\":\"Betsamuro Login \u2013 Inscription et gestion du compte\",\"isPartOf\":{\"@id\":\"https:\\\/\\\/betsamurocasino.org\\\/fr\\\/#website\"},\"datePublished\":\"2026-01-20T12:11:11+00:00\",\"dateModified\":\"2026-03-19T08:15:09+00:00\",\"description\":\"Cr\u00e9ez, g\u00e9rez et v\u00e9rifiez facilement votre compte Betsamuro Casino gr\u00e2ce \u00e0 une inscription rapide, une r\u00e9cup\u00e9ration de compte sans difficult\u00e9 et une cl\u00f4ture de compte s\u00e9curis\u00e9e, le tout avec une protection 24 h\\\/24 et 7 j\\\/7 via Betsamuro Login.\",\"breadcrumb\":{\"@id\":\"https:\\\/\\\/betsamurocasino.org\\\/fr\\\/connexion-et-inscription\\\/#breadcrumb\"},\"inLanguage\":\"fr-FR\",\"potentialAction\":[{\"@type\":\"ReadAction\",\"target\":[\"https:\\\/\\\/betsamurocasino.org\\\/fr\\\/connexion-et-inscription\\\/\"]}]},{\"@type\":\"BreadcrumbList\",\"@id\":\"https:\\\/\\\/betsamurocasino.org\\\/fr\\\/connexion-et-inscription\\\/#breadcrumb\",\"itemListElement\":[{\"@type\":\"ListItem\",\"position\":1,\"name\":\"Betsamuro\",\"item\":\"https:\\\/\\\/betsamurocasino.org\\\/fr\\\/\"},{\"@type\":\"ListItem\",\"position\":2,\"name\":\"Connexion et inscription\"}]},{\"@type\":\"WebSite\",\"@id\":\"https:\\\/\\\/betsamurocasino.org\\\/fr\\\/#website\",\"url\":\"https:\\\/\\\/betsamurocasino.org\\\/fr\\\/\",\"name\":\"Betsamuro\",\"description\":\"\",\"publisher\":{\"@id\":\"https:\\\/\\\/betsamurocasino.org\\\/fr\\\/#organization\"},\"potentialAction\":[{\"@type\":\"SearchAction\",\"target\":{\"@type\":\"EntryPoint\",\"urlTemplate\":\"https:\\\/\\\/betsamurocasino.org\\\/fr\\\/?s={search_term_string}\"},\"query-input\":{\"@type\":\"PropertyValueSpecification\",\"valueRequired\":true,\"valueName\":\"search_term_string\"}}],\"inLanguage\":\"fr-FR\"},{\"@type\":\"Organization\",\"@id\":\"https:\\\/\\\/betsamurocasino.org\\\/fr\\\/#organization\",\"name\":\"Betsamuro\",\"url\":\"https:\\\/\\\/betsamurocasino.org\\\/fr\\\/\",\"logo\":{\"@type\":\"ImageObject\",\"inLanguage\":\"fr-FR\",\"@id\":\"https:\\\/\\\/betsamurocasino.org\\\/fr\\\/#\\\/schema\\\/logo\\\/image\\\/\",\"url\":\"https:\\\/\\\/betsamurocasino.org\\\/wp-content\\\/uploads\\\/2026\\\/03\\\/betsamuro-logo.png\",\"contentUrl\":\"https:\\\/\\\/betsamurocasino.org\\\/wp-content\\\/uploads\\\/2026\\\/03\\\/betsamuro-logo.png\",\"width\":150,\"height\":29,\"caption\":\"Betsamuro\"},\"image\":{\"@id\":\"https:\\\/\\\/betsamurocasino.org\\\/fr\\\/#\\\/schema\\\/logo\\\/image\\\/\"}}]}<\/script>\n<!-- \/ Yoast SEO plugin. -->","yoast_head_json":{"title":"Betsamuro Login \u2013 Inscription et gestion du compte","description":"Cr\u00e9ez, g\u00e9rez et v\u00e9rifiez facilement votre compte Betsamuro Casino gr\u00e2ce \u00e0 une inscription rapide, une r\u00e9cup\u00e9ration de compte sans difficult\u00e9 et une cl\u00f4ture de compte s\u00e9curis\u00e9e, le tout avec une protection 24 h\/24 et 7 j\/7 via Betsamuro Login.","robots":{"index":"index","follow":"follow","max-snippet":"max-snippet:-1","max-image-preview":"max-image-preview:large","max-video-preview":"max-video-preview:-1"},"canonical":"https:\/\/betsamurocasino.org\/fr\/connexion-et-inscription\/","og_locale":"fr_FR","og_type":"article","og_title":"Betsamuro Login \u2013 Inscription et gestion du compte","og_description":"Cr\u00e9ez, g\u00e9rez et v\u00e9rifiez facilement votre compte Betsamuro Casino gr\u00e2ce \u00e0 une inscription rapide, une r\u00e9cup\u00e9ration de compte sans difficult\u00e9 et une cl\u00f4ture de compte s\u00e9curis\u00e9e, le tout avec une protection 24 h\/24 et 7 j\/7 via Betsamuro Login.","og_url":"https:\/\/betsamurocasino.org\/fr\/connexion-et-inscription\/","og_site_name":"betsamuro","article_modified_time":"2026-03-19T08:15:09+00:00","twitter_card":"summary_large_image","twitter_misc":{"Dur\u00e9e de lecture estim\u00e9e":"1 minute"},"schema":{"@context":"https:\/\/schema.org","@graph":[{"@type":"WebPage","@id":"https:\/\/betsamurocasino.org\/fr\/connexion-et-inscription\/","url":"https:\/\/betsamurocasino.org\/fr\/connexion-et-inscription\/","name":"Betsamuro Login \u2013 Inscription et gestion du compte","isPartOf":{"@id":"https:\/\/betsamurocasino.org\/fr\/#website"},"datePublished":"2026-01-20T12:11:11+00:00","dateModified":"2026-03-19T08:15:09+00:00","description":"Cr\u00e9ez, g\u00e9rez et v\u00e9rifiez facilement votre compte Betsamuro Casino gr\u00e2ce \u00e0 une inscription rapide, une r\u00e9cup\u00e9ration de compte sans difficult\u00e9 et une cl\u00f4ture de compte s\u00e9curis\u00e9e, le tout avec une protection 24 h\/24 et 7 j\/7 via Betsamuro Login.","breadcrumb":{"@id":"https:\/\/betsamurocasino.org\/fr\/connexion-et-inscription\/#breadcrumb"},"inLanguage":"fr-FR","potentialAction":[{"@type":"ReadAction","target":["https:\/\/betsamurocasino.org\/fr\/connexion-et-inscription\/"]}]},{"@type":"BreadcrumbList","@id":"https:\/\/betsamurocasino.org\/fr\/connexion-et-inscription\/#breadcrumb","itemListElement":[{"@type":"ListItem","position":1,"name":"Betsamuro","item":"https:\/\/betsamurocasino.org\/fr\/"},{"@type":"ListItem","position":2,"name":"Connexion et inscription"}]},{"@type":"WebSite","@id":"https:\/\/betsamurocasino.org\/fr\/#website","url":"https:\/\/betsamurocasino.org\/fr\/","name":"Betsamuro","description":"","publisher":{"@id":"https:\/\/betsamurocasino.org\/fr\/#organization"},"potentialAction":[{"@type":"SearchAction","target":{"@type":"EntryPoint","urlTemplate":"https:\/\/betsamurocasino.org\/fr\/?s={search_term_string}"},"query-input":{"@type":"PropertyValueSpecification","valueRequired":true,"valueName":"search_term_string"}}],"inLanguage":"fr-FR"},{"@type":"Organization","@id":"https:\/\/betsamurocasino.org\/fr\/#organization","name":"Betsamuro","url":"https:\/\/betsamurocasino.org\/fr\/","logo":{"@type":"ImageObject","inLanguage":"fr-FR","@id":"https:\/\/betsamurocasino.org\/fr\/#\/schema\/logo\/image\/","url":"https:\/\/betsamurocasino.org\/wp-content\/uploads\/2026\/03\/betsamuro-logo.png","contentUrl":"https:\/\/betsamurocasino.org\/wp-content\/uploads\/2026\/03\/betsamuro-logo.png","width":150,"height":29,"caption":"Betsamuro"},"image":{"@id":"https:\/\/betsamurocasino.org\/fr\/#\/schema\/logo\/image\/"}}]}},"_links":{"self":[{"href":"https:\/\/betsamurocasino.org\/fr\/wp-json\/wp\/v2\/pages\/1482","targetHints":{"allow":["GET"]}}],"collection":[{"href":"https:\/\/betsamurocasino.org\/fr\/wp-json\/wp\/v2\/pages"}],"about":[{"href":"https:\/\/betsamurocasino.org\/fr\/wp-json\/wp\/v2\/types\/page"}],"author":[{"embeddable":true,"href":"https:\/\/betsamurocasino.org\/fr\/wp-json\/wp\/v2\/users\/1"}],"replies":[{"embeddable":true,"href":"https:\/\/betsamurocasino.org\/fr\/wp-json\/wp\/v2\/comments?post=1482"}],"version-history":[{"count":3,"href":"https:\/\/betsamurocasino.org\/fr\/wp-json\/wp\/v2\/pages\/1482\/revisions"}],"predecessor-version":[{"id":2039,"href":"https:\/\/betsamurocasino.org\/fr\/wp-json\/wp\/v2\/pages\/1482\/revisions\/2039"}],"wp:attachment":[{"href":"https:\/\/betsamurocasino.org\/fr\/wp-json\/wp\/v2\/media?parent=1482"}],"curies":[{"name":"wp","href":"https:\/\/api.w.org\/{rel}","templated":true}]}}