{"id":1445,"date":"2026-01-20T12:08:23","date_gmt":"2026-01-20T12:08:23","guid":{"rendered":"https:\/\/bonuskongcasino.com\/app\/"},"modified":"2026-03-19T10:01:26","modified_gmt":"2026-03-19T10:01:26","slug":"applicazione","status":"publish","type":"page","link":"https:\/\/betsamurocasino.org\/it\/applicazione\/","title":{"rendered":"Applicazione"},"content":{"rendered":"<h1>Piattaforma mobile Betsamuro<\/h1>\n<p>L&#8217;app Betsamuro \u00e8 una soluzione mobile moderna che consente di accedere rapidamente ai giochi da casin\u00f2 senza complicati processi di installazione. \u00c8 realizzata con le pi\u00f9 recenti tecnologie web e presenta un&#8217;interfaccia semplice e intuitiva. La piattaforma funziona sia su dispositivi mobili che su computer fissi senza particolari differenze in termini di usabilit\u00e0.<\/p>\n<p>Betsamuro offre ai giocatori l&#8217;accesso a un&#8217;ampia gamma di slot online, giochi da casin\u00f2 dal vivo e giochi da tavolo, garantendo al contempo prestazioni stabili, una grafica nitida e transazioni sicure. L&#8217;app unisce la praticit\u00e0 a un funzionamento ottimale su diversi dispositivi.<\/p>\n<div class=\"banner-wrap\" aria-label=\"Banner\"><img src=\"https:\/\/betsamurocasino.org\/wp-content\/uploads\/2026\/03\/banner-desktop.webp\" class=\"w-100 d-none d-lg-block img-pc main-banner-img\" alt=\"betsamuro banner desktop\" fetchpriority=\"high\" decoding=\"async\"><img src=\"https:\/\/betsamurocasino.org\/wp-content\/uploads\/2026\/03\/banner-mobile.webp\" class=\"w-100 d-none d-md-block d-lg-none main-banner-img\" alt=\"betsamuro banner mobile\" fetchpriority=\"high\" decoding=\"async\"><img src=\"https:\/\/betsamurocasino.org\/wp-content\/uploads\/2026\/03\/banner-mobile.webp\" class=\"w-100 d-md-none\" alt=\"betsamuro banner mobile\" fetchpriority=\"high\" decoding=\"async\"><div class=\"banner-description\">\n<div class=\"banner-title\">Bonus di benvenuto<\/div>\n<p class=\"banner-header-title\">1500 \u20ac<\/p>\n<div class=\"banner-header-AdditionalText\">+ 250 Giri gratuiti<\/div>\n<button data-item=\"homepage_banner_link\" class=\"goto m-button m-gradient-border m-button--primary m-button--large banner-button btn-orange\">\n            <div class=\"m-button-content\">\n                <span>Iscriviti ora<\/span>\n                <span><\/span>\n            <\/div>\n        <\/button>\n<\/div>\n<div class=\"WelcomePack\">\n<p><img loading=\"lazy\" decoding=\"async\" class=\"alignnone size-full wp-image-1855\" src=\"https:\/\/betsamurocasino.org\/wp-content\/uploads\/2026\/03\/welcome-crown.png\" alt=\"welcome crown\" width=\"25\" height=\"26\" \/><\/p>\n<div class=\"WelcomePack-Info\">Cashback settimanale fino al 25%<\/div>\n<p><img loading=\"lazy\" decoding=\"async\" class=\"alignnone size-full wp-image-1855\" src=\"https:\/\/betsamurocasino.org\/wp-content\/uploads\/2026\/03\/welcome-crown.png\" alt=\"welcome crown\" width=\"25\" height=\"26\" \/><\/p>\n<\/div>\n<\/div>\n<h2>Come utilizzare l&#8217;app Betsamuro sul cellulare<\/h2>\n<p>L&#8217;app Betsamuro \u00e8 pensata per il gioco su dispositivi mobili ed \u00e8 ottimizzata per un funzionamento stabile su smartphone e tablet. \u00c8 compatibile con i principali dispositivi ed \u00e8 progettata per funzionare in modo fluido, con tempi di caricamento rapidi e un&#8217;interfaccia utente adattata agli schermi pi\u00f9 piccoli.<\/p>\n<p>Grazie all&#8217;app Betsamuro, i giocatori possono accedere ai loro giochi preferiti in diverse situazioni, sia a casa che quando sono lontani dal proprio computer. L&#8217;interfaccia \u00e8 intuitiva, il che semplifica la navigazione, e la piattaforma adotta misure di sicurezza volte a proteggere i dati personali e le transazioni di pagamento.<\/p>\n<p>Il casin\u00f2 mobile Betsamuro \u00e8 pensato per gli utenti che desiderano un modo pi\u00f9 flessibile di giocare rispetto all&#8217;accesso da computer. Consente ai giocatori di utilizzare smartphone e tablet senza rinunciare alle principali categorie di giochi n\u00e9 alla qualit\u00e0 grafica della piattaforma. L&#8217;intera selezione di giochi rimane disponibile in tempo reale.<\/p>\n<p><div class=\"scrollable-content-wrap my-5\"><div class=\"scrollable-content-inner\"><h2>App mobile Betsamuro per Android<\/h2>\n<p>La versione Android di Betsamuro \u00e8 disponibile come applicazione web progressiva (PWA), il che consente agli utenti di accedere alla piattaforma senza dover scaricare file APK. Questo approccio riduce la dipendenza da file di installazione di terze parti e rende l&#8217;accesso pi\u00f9 diretto tramite il browser.<\/p>\n<p>Il formato PWA semplifica l&#8217;installazione e consente gli aggiornamenti automatici, comprese le nuove funzionalit\u00e0 e le aggiunte al gioco. Per aggiungere l&#8217;app alla schermata iniziale, l&#8217;utente deve semplicemente selezionare l&#8217;opzione corrispondente nella versione mobile del sito. A quel punto, l&#8217;icona sar\u00e0 disponibile per un accesso rapido.<\/p>\n<p>La versione per Android mantiene le principali funzionalit\u00e0 della piattaforma, tra cui le transazioni con denaro reale, le notifiche sulle offerte in corso e l&#8217;accesso al catalogo completo dei giochi, come le slot online, il casin\u00f2 dal vivo e i giochi da tavolo. Per quanto riguarda la struttura e la navigazione, rimane molto simile alla versione desktop, il che la rende pi\u00f9 facile da usare.<\/p>\n<p>Ma quali sono le caratteristiche principali della nostra app Betsamuro? Vediamole rapidamente:<\/p>\n<ul>\n<li>Interfaccia al 100% responsive che si adatta alle diverse dimensioni dello schermo.<\/li>\n<li>Gioco veloce con prestazioni stabili anche nei momenti di maggiore affluenza.<\/li>\n<li>Accesso alle slot online, al casin\u00f2 dal vivo e ai giochi crash.<\/li>\n<li>Transazioni protette grazie alla tecnologia di crittografia.<\/li>\n<li>Compatibilit\u00e0 con dispositivi Android e iOS.<\/li>\n<li>Accesso immediato, senza lunghi download n\u00e9 installazioni complesse.<\/li>\n<\/ul>\n<p>L&#8217;app Betsamuro \u00e8 stata concepita come un&#8217;alternativa pratica per gli utenti che preferiscono un accesso diretto e semplificato alla piattaforma.<\/p>\n<h3>Betsamuro Casino: PWA e APK<\/h3>\n<p>Da Betsamuro, la piattaforma \u00e8 sviluppata in linea con le attuali tendenze digitali, e il passaggio a un&#8217;applicazione web riflette proprio questo approccio. L&#8217;uso della tecnologia PWA riduce la necessit\u00e0 dei tradizionali file APK, contribuendo cos\u00ec a evitare ulteriori passaggi di installazione da fonti sconosciute.<\/p>\n<p>La versione PWA \u00e8 progettata per garantire un caricamento rapido e un&#8217;ampia compatibilit\u00e0 con i dispositivi Android di ultima generazione. L&#8217;app Betsamuro pu\u00f2 essere aggiunta direttamente dal browser e si aggiorna automaticamente, consentendo agli utenti di usufruire delle funzionalit\u00e0 pi\u00f9 recenti e dei miglioramenti tecnici senza dover intervenire manualmente. Questo sistema contribuisce a garantire un&#8217;esperienza pi\u00f9 fluida, riducendo i problemi legati agli aggiornamenti e alla compatibilit\u00e0.<\/p>\n<p>Perch\u00e9 le PWA sono migliori?<\/p>\n<table>\n<tbody>\n<tr>\n<td>Caratteristiche del Casin\u00f2 Betsamuro<\/td>\n<td>PWA<\/td>\n<td>APK<\/td>\n<\/tr>\n<tr>\n<td>Sicurezza<\/td>\n<td>Maggiore sicurezza grazie all&#8217;accesso tramite browser.<\/td>\n<td>Il rischio \u00e8 maggiore quando si scaricano file da fonti sconosciute.<\/td>\n<\/tr>\n<tr>\n<td>Come installare<\/td>\n<td>Si installa direttamente tramite il browser web.<\/td>\n<td>\u00c8 necessario scaricarlo e installarlo manualmente.<\/td>\n<\/tr>\n<tr>\n<td>Aggiornamenti<\/td>\n<td>Aggiornamento automatico nel browser.<\/td>\n<td>Di solito richiede un aggiornamento manuale.<\/td>\n<\/tr>\n<tr>\n<td>Compatibilit\u00e0<\/td>\n<td>Funziona con la maggior parte dei dispositivi Android e dei browser pi\u00f9 recenti.<\/td>\n<td>Potrebbero verificarsi problemi di compatibilit\u00e0 a seconda del dispositivo o degli aggiornamenti di sistema.<\/td>\n<\/tr>\n<tr>\n<td>Velocit\u00e0 di caricamento<\/td>\n<td>Si carica rapidamente e garantisce un funzionamento pi\u00f9 fluido.<\/td>\n<td>La velocit\u00e0 pu\u00f2 variare a seconda del dispositivo e della versione installata.<\/td>\n<\/tr>\n<tr>\n<td>Manutenzione e aggiornamenti:<\/td>\n<td>Non \u00e8 necessario alcun aggiornamento manuale. Gli utenti accedono automaticamente alla versione pi\u00f9 recente.<\/td>\n<td>\u00c8 necessario eseguire gli aggiornamenti manualmente.<\/td>\n<\/tr>\n<tr>\n<td>Esperienza utente:<\/td>\n<td>Garantisce un&#8217;esperienza pi\u00f9 stabile grazie alla riduzione dei problemi legati al software e alla compatibilit\u00e0.<\/td>\n<td>Gli aggiornamenti e i problemi tecnici potrebbero influire sull&#8217;usabilit\u00e0.<\/td>\n<\/tr>\n<tr>\n<td>Distribuzione:<\/td>\n<td>Accessibile direttamente dal browser senza bisogno di scaricarlo.<\/td>\n<td>Di solito vengono distribuiti tramite negozi che hanno le proprie regole e procedure di approvazione.<\/td>\n<\/tr>\n<\/tbody>\n<\/table>\n<p><img loading=\"lazy\" decoding=\"async\" class=\"alignnone size-full wp-image-1895\" src=\"https:\/\/betsamurocasino.org\/wp-content\/uploads\/2026\/03\/Betsamuro-Casino-for-Android.webp\" alt=\"Betsamuro Casino for Android\" width=\"1248\" height=\"536\" srcset=\"https:\/\/betsamurocasino.org\/wp-content\/uploads\/2026\/03\/Betsamuro-Casino-for-Android.webp 1248w, https:\/\/betsamurocasino.org\/wp-content\/uploads\/2026\/03\/Betsamuro-Casino-for-Android-300x129.webp 300w, https:\/\/betsamurocasino.org\/wp-content\/uploads\/2026\/03\/Betsamuro-Casino-for-Android-1024x440.webp 1024w, https:\/\/betsamurocasino.org\/wp-content\/uploads\/2026\/03\/Betsamuro-Casino-for-Android-768x330.webp 768w\" sizes=\"auto, (max-width: 1248px) 100vw, 1248px\" \/><\/p>\n<\/div><\/div><div style=\"clear: both\"><\/div><div class=\"d-flex justify-content-center\"><button data-item=\"decouvrez_link\" data-group=\"website_links\" class=\"goto fw-bold rounded-pill btn btn-orange\" aria-label=\"Scarica l&#039;app Betsamuro\" >Scarica l&#039;app Betsamuro<\/button><\/div><div class=\"scrollable-content-wrap my-5\"><div class=\"scrollable-content-inner\"><h2>App mobile Betsamuro Casino per iOS<\/h2>\n<p>Betsamuro Casino offre anche un&#8217;opzione PWA per gli utenti di iPhone e iPad. Per installarla, basta aprire il sito in Safari e selezionare l&#8217;opzione \u00abAggiungi alla schermata Home\u00bb dal menu di condivisione. Una volta aggiunta, l&#8217;app consente di accedere direttamente alle slot online, ai giochi da casin\u00f2 dal vivo e ai giochi da tavolo ottimizzati per i dispositivi Apple.<\/p>\n<p>La versione per iOS \u00e8 stata sviluppata ponendo l&#8217;accento sulle prestazioni, con l&#8217;obiettivo di ridurre i ritardi durante il gioco. La grafica e le animazioni sono state ottimizzate per i dispositivi Apple, mentre le operazioni di pagamento sono protette da misure di crittografia e verifica. Ci\u00f2 contribuisce a creare un ambiente pi\u00f9 sicuro per l&#8217;utilizzo su dispositivi mobili.<\/p>\n<p><img loading=\"lazy\" decoding=\"async\" class=\"alignnone size-full wp-image-1903\" src=\"https:\/\/betsamurocasino.org\/wp-content\/uploads\/2026\/03\/Betsamuro-Casino-for-iOS.webp\" alt=\"Betsamuro Casino for iOS\" width=\"1248\" height=\"536\" srcset=\"https:\/\/betsamurocasino.org\/wp-content\/uploads\/2026\/03\/Betsamuro-Casino-for-iOS.webp 1248w, https:\/\/betsamurocasino.org\/wp-content\/uploads\/2026\/03\/Betsamuro-Casino-for-iOS-300x129.webp 300w, https:\/\/betsamurocasino.org\/wp-content\/uploads\/2026\/03\/Betsamuro-Casino-for-iOS-1024x440.webp 1024w, https:\/\/betsamurocasino.org\/wp-content\/uploads\/2026\/03\/Betsamuro-Casino-for-iOS-768x330.webp 768w\" sizes=\"auto, (max-width: 1248px) 100vw, 1248px\" \/><\/p>\n<\/div><\/div><div style=\"clear: both\"><\/div><div class=\"d-flex justify-content-center\"><button data-item=\"decouvrez_link\" data-group=\"website_links\" class=\"goto fw-bold rounded-pill btn btn-orange\" aria-label=\"Scarica Betsamuro\" >Scarica Betsamuro<\/button><\/div><div class=\"scrollable-content-wrap my-5\"><div class=\"scrollable-content-inner\"><h2>Applicazioni per Windows e macOS<\/h2>\n<p>Oltre alla versione mobile, Betsamuro Casino \u00e8 disponibile anche in versione desktop per gli utenti Windows e macOS. La versione desktop \u00e8 ottimizzata per schermi pi\u00f9 grandi e presenta un&#8217;interfaccia semplificata per l&#8217;accesso all&#8217;account e la gestione del gioco.<\/p>\n<p>I giocatori possono usufruire dell&#8217;intera gamma di contenuti della piattaforma, tra cui slot online, giochi da casin\u00f2 dal vivo, baccarat e poker, con le normali funzionalit\u00e0 di transazione. \u00c8 inoltre possibile creare collegamenti sul desktop per un accesso pi\u00f9 rapido. La versione desktop include le stesse funzionalit\u00e0 di sicurezza fondamentali della versione mobile, oltre all&#8217;assistenza tramite chat dal vivo per un supporto diretto.<\/p>\n<p><img loading=\"lazy\" decoding=\"async\" class=\"alignnone size-full wp-image-1879\" src=\"https:\/\/betsamurocasino.org\/wp-content\/uploads\/2026\/03\/Betsamuro-Application-for-PC.webp\" alt=\"Betsamuro Application for PC\" width=\"1248\" height=\"536\" srcset=\"https:\/\/betsamurocasino.org\/wp-content\/uploads\/2026\/03\/Betsamuro-Application-for-PC.webp 1248w, https:\/\/betsamurocasino.org\/wp-content\/uploads\/2026\/03\/Betsamuro-Application-for-PC-300x129.webp 300w, https:\/\/betsamurocasino.org\/wp-content\/uploads\/2026\/03\/Betsamuro-Application-for-PC-1024x440.webp 1024w, https:\/\/betsamurocasino.org\/wp-content\/uploads\/2026\/03\/Betsamuro-Application-for-PC-768x330.webp 768w\" sizes=\"auto, (max-width: 1248px) 100vw, 1248px\" \/><\/p>\n<\/div><\/div><div style=\"clear: both\"><\/div><div class=\"d-flex justify-content-center\"><button data-item=\"decouvrez_link\" data-group=\"website_links\" class=\"goto fw-bold rounded-pill btn btn-orange\" aria-label=\"Scarica l&#039;app Betsamuro\" >Scarica l&#039;app Betsamuro<\/button><\/div><div class=\"scrollable-content-wrap my-5\"><div class=\"scrollable-content-inner\"><h2>FAQ<\/h2>\n<h3>\u00c8 necessario creare un account per utilizzare l&#8217;app Betsamuro?<\/h3>\n<p>Per accedere a tutte le funzionalit\u00e0 della piattaforma, comprese le transazioni con denaro reale, le funzioni di gioco e la verifica dell&#8217;account, gli utenti devono creare un account registrato. La procedura di registrazione nell&#8217;app Betsamuro \u00e8 semplice e richiede pochissimo tempo. Una volta completata la registrazione, i giocatori possono utilizzare il proprio account su diversi dispositivi.<\/p>\n<h3>L&#8217;app di Bet Samuro Casino offre un servizio di assistenza clienti?<\/h3>\n<p>Bet Samuro offre assistenza clienti 24 ore su 24, 7 giorni su 7. Gli utenti possono contattare il team di assistenza tramite chat live, e-mail e la sezione delle domande frequenti. L&#8217;assistenza \u00e8 disponibile per problemi tecnici, domande relative all&#8217;account e questioni relative ai pagamenti, aiutando cos\u00ec gli utenti a risolvere eventuali difficolt\u00e0 durante l&#8217;utilizzo della piattaforma.<\/p>\n<h3>Come posso aggiornare l&#8217;app di Betsamuro Casino?<\/h3>\n<p>Per gli utenti mobili, l&#8217;app Betsamuro si aggiorna automaticamente tramite l&#8217;app web o in formato PWA. Nella maggior parte dei casi, non \u00e8 richiesta alcuna operazione manuale. Ci\u00f2 consente agli utenti di accedere alle funzionalit\u00e0 pi\u00f9 recenti e ai miglioramenti di sicurezza senza dover installare gli aggiornamenti separatamente.<\/p>\n<\/div><\/div><\/p>\n","protected":false},"excerpt":{"rendered":"<p>Piattaforma mobile Betsamuro L&#8217;app Betsamuro \u00e8 una soluzione mobile moderna che consente di accedere rapidamente ai giochi da casin\u00f2 senza complicati processi di installazione. \u00c8 realizzata con le pi\u00f9 recenti tecnologie web e presenta un&#8217;interfaccia semplice e intuitiva. La piattaforma funziona sia su dispositivi mobili che su computer fissi senza particolari differenze in termini di [&hellip;]<\/p>\n","protected":false},"author":1,"featured_media":0,"parent":0,"menu_order":0,"comment_status":"closed","ping_status":"closed","template":"template-builder.php","meta":{"_acf_changed":false,"inline_featured_image":false,"footnotes":""},"class_list":["post-1445","page","type-page","status-publish","hentry"],"acf":[],"yoast_head":"<!-- This site is optimized with the Yoast SEO plugin v27.3 - https:\/\/yoast.com\/product\/yoast-seo-wordpress\/ -->\n<title>Scarica Betsamuro App | iOS e Android<\/title>\n<meta name=\"description\" content=\"L&#039;app Betsamuro garantisce un&#039;esperienza di gioco impeccabile su piattaforme Android, iOS, Windows e macOS, con sincronizzazione dell&#039;account, aggiornamenti regolari e assistenza clienti integrata per un utilizzo semplice.\" \/>\n<meta name=\"robots\" content=\"index, follow, max-snippet:-1, max-image-preview:large, max-video-preview:-1\" \/>\n<link rel=\"canonical\" href=\"https:\/\/betsamurocasino.org\/it\/applicazione\/\" \/>\n<meta property=\"og:locale\" content=\"it_IT\" \/>\n<meta property=\"og:type\" content=\"article\" \/>\n<meta property=\"og:title\" content=\"Scarica Betsamuro App | iOS e Android\" \/>\n<meta property=\"og:description\" content=\"L&#039;app Betsamuro garantisce un&#039;esperienza di gioco impeccabile su piattaforme Android, iOS, Windows e macOS, con sincronizzazione dell&#039;account, aggiornamenti regolari e assistenza clienti integrata per un utilizzo semplice.\" \/>\n<meta property=\"og:url\" content=\"https:\/\/betsamurocasino.org\/it\/applicazione\/\" \/>\n<meta property=\"og:site_name\" content=\"betsamuro\" \/>\n<meta property=\"article:modified_time\" content=\"2026-03-19T10:01:26+00:00\" \/>\n<meta name=\"twitter:card\" content=\"summary_large_image\" \/>\n<meta name=\"twitter:label1\" content=\"Est. reading time\" \/>\n\t<meta name=\"twitter:data1\" content=\"2 minutes\" \/>\n<script type=\"application\/ld+json\" class=\"yoast-schema-graph\">{\"@context\":\"https:\\\/\\\/schema.org\",\"@graph\":[{\"@type\":\"WebPage\",\"@id\":\"https:\\\/\\\/betsamurocasino.org\\\/it\\\/applicazione\\\/\",\"url\":\"https:\\\/\\\/betsamurocasino.org\\\/it\\\/applicazione\\\/\",\"name\":\"Scarica Betsamuro App | iOS e Android\",\"isPartOf\":{\"@id\":\"https:\\\/\\\/betsamurocasino.org\\\/it\\\/#website\"},\"datePublished\":\"2026-01-20T12:08:23+00:00\",\"dateModified\":\"2026-03-19T10:01:26+00:00\",\"description\":\"L'app Betsamuro garantisce un'esperienza di gioco impeccabile su piattaforme Android, iOS, Windows e macOS, con sincronizzazione dell'account, aggiornamenti regolari e assistenza clienti integrata per un utilizzo semplice.\",\"breadcrumb\":{\"@id\":\"https:\\\/\\\/betsamurocasino.org\\\/it\\\/applicazione\\\/#breadcrumb\"},\"inLanguage\":\"it-IT\",\"potentialAction\":[{\"@type\":\"ReadAction\",\"target\":[\"https:\\\/\\\/betsamurocasino.org\\\/it\\\/applicazione\\\/\"]}]},{\"@type\":\"BreadcrumbList\",\"@id\":\"https:\\\/\\\/betsamurocasino.org\\\/it\\\/applicazione\\\/#breadcrumb\",\"itemListElement\":[{\"@type\":\"ListItem\",\"position\":1,\"name\":\"Betsamuro\",\"item\":\"https:\\\/\\\/betsamurocasino.org\\\/it\\\/\"},{\"@type\":\"ListItem\",\"position\":2,\"name\":\"Applicazione\"}]},{\"@type\":\"WebSite\",\"@id\":\"https:\\\/\\\/betsamurocasino.org\\\/it\\\/#website\",\"url\":\"https:\\\/\\\/betsamurocasino.org\\\/it\\\/\",\"name\":\"Betsamuro\",\"description\":\"\",\"publisher\":{\"@id\":\"https:\\\/\\\/betsamurocasino.org\\\/it\\\/#organization\"},\"potentialAction\":[{\"@type\":\"SearchAction\",\"target\":{\"@type\":\"EntryPoint\",\"urlTemplate\":\"https:\\\/\\\/betsamurocasino.org\\\/it\\\/?s={search_term_string}\"},\"query-input\":{\"@type\":\"PropertyValueSpecification\",\"valueRequired\":true,\"valueName\":\"search_term_string\"}}],\"inLanguage\":\"it-IT\"},{\"@type\":\"Organization\",\"@id\":\"https:\\\/\\\/betsamurocasino.org\\\/it\\\/#organization\",\"name\":\"Betsamuro\",\"url\":\"https:\\\/\\\/betsamurocasino.org\\\/it\\\/\",\"logo\":{\"@type\":\"ImageObject\",\"inLanguage\":\"it-IT\",\"@id\":\"https:\\\/\\\/betsamurocasino.org\\\/it\\\/#\\\/schema\\\/logo\\\/image\\\/\",\"url\":\"https:\\\/\\\/betsamurocasino.org\\\/wp-content\\\/uploads\\\/2026\\\/03\\\/betsamuro-logo.png\",\"contentUrl\":\"https:\\\/\\\/betsamurocasino.org\\\/wp-content\\\/uploads\\\/2026\\\/03\\\/betsamuro-logo.png\",\"width\":150,\"height\":29,\"caption\":\"Betsamuro\"},\"image\":{\"@id\":\"https:\\\/\\\/betsamurocasino.org\\\/it\\\/#\\\/schema\\\/logo\\\/image\\\/\"}}]}<\/script>\n<!-- \/ Yoast SEO plugin. -->","yoast_head_json":{"title":"Scarica Betsamuro App | iOS e Android","description":"L'app Betsamuro garantisce un'esperienza di gioco impeccabile su piattaforme Android, iOS, Windows e macOS, con sincronizzazione dell'account, aggiornamenti regolari e assistenza clienti integrata per un utilizzo semplice.","robots":{"index":"index","follow":"follow","max-snippet":"max-snippet:-1","max-image-preview":"max-image-preview:large","max-video-preview":"max-video-preview:-1"},"canonical":"https:\/\/betsamurocasino.org\/it\/applicazione\/","og_locale":"it_IT","og_type":"article","og_title":"Scarica Betsamuro App | iOS e Android","og_description":"L'app Betsamuro garantisce un'esperienza di gioco impeccabile su piattaforme Android, iOS, Windows e macOS, con sincronizzazione dell'account, aggiornamenti regolari e assistenza clienti integrata per un utilizzo semplice.","og_url":"https:\/\/betsamurocasino.org\/it\/applicazione\/","og_site_name":"betsamuro","article_modified_time":"2026-03-19T10:01:26+00:00","twitter_card":"summary_large_image","twitter_misc":{"Est. reading time":"2 minutes"},"schema":{"@context":"https:\/\/schema.org","@graph":[{"@type":"WebPage","@id":"https:\/\/betsamurocasino.org\/it\/applicazione\/","url":"https:\/\/betsamurocasino.org\/it\/applicazione\/","name":"Scarica Betsamuro App | iOS e Android","isPartOf":{"@id":"https:\/\/betsamurocasino.org\/it\/#website"},"datePublished":"2026-01-20T12:08:23+00:00","dateModified":"2026-03-19T10:01:26+00:00","description":"L'app Betsamuro garantisce un'esperienza di gioco impeccabile su piattaforme Android, iOS, Windows e macOS, con sincronizzazione dell'account, aggiornamenti regolari e assistenza clienti integrata per un utilizzo semplice.","breadcrumb":{"@id":"https:\/\/betsamurocasino.org\/it\/applicazione\/#breadcrumb"},"inLanguage":"it-IT","potentialAction":[{"@type":"ReadAction","target":["https:\/\/betsamurocasino.org\/it\/applicazione\/"]}]},{"@type":"BreadcrumbList","@id":"https:\/\/betsamurocasino.org\/it\/applicazione\/#breadcrumb","itemListElement":[{"@type":"ListItem","position":1,"name":"Betsamuro","item":"https:\/\/betsamurocasino.org\/it\/"},{"@type":"ListItem","position":2,"name":"Applicazione"}]},{"@type":"WebSite","@id":"https:\/\/betsamurocasino.org\/it\/#website","url":"https:\/\/betsamurocasino.org\/it\/","name":"Betsamuro","description":"","publisher":{"@id":"https:\/\/betsamurocasino.org\/it\/#organization"},"potentialAction":[{"@type":"SearchAction","target":{"@type":"EntryPoint","urlTemplate":"https:\/\/betsamurocasino.org\/it\/?s={search_term_string}"},"query-input":{"@type":"PropertyValueSpecification","valueRequired":true,"valueName":"search_term_string"}}],"inLanguage":"it-IT"},{"@type":"Organization","@id":"https:\/\/betsamurocasino.org\/it\/#organization","name":"Betsamuro","url":"https:\/\/betsamurocasino.org\/it\/","logo":{"@type":"ImageObject","inLanguage":"it-IT","@id":"https:\/\/betsamurocasino.org\/it\/#\/schema\/logo\/image\/","url":"https:\/\/betsamurocasino.org\/wp-content\/uploads\/2026\/03\/betsamuro-logo.png","contentUrl":"https:\/\/betsamurocasino.org\/wp-content\/uploads\/2026\/03\/betsamuro-logo.png","width":150,"height":29,"caption":"Betsamuro"},"image":{"@id":"https:\/\/betsamurocasino.org\/it\/#\/schema\/logo\/image\/"}}]}},"_links":{"self":[{"href":"https:\/\/betsamurocasino.org\/it\/wp-json\/wp\/v2\/pages\/1445","targetHints":{"allow":["GET"]}}],"collection":[{"href":"https:\/\/betsamurocasino.org\/it\/wp-json\/wp\/v2\/pages"}],"about":[{"href":"https:\/\/betsamurocasino.org\/it\/wp-json\/wp\/v2\/types\/page"}],"author":[{"embeddable":true,"href":"https:\/\/betsamurocasino.org\/it\/wp-json\/wp\/v2\/users\/1"}],"replies":[{"embeddable":true,"href":"https:\/\/betsamurocasino.org\/it\/wp-json\/wp\/v2\/comments?post=1445"}],"version-history":[{"count":3,"href":"https:\/\/betsamurocasino.org\/it\/wp-json\/wp\/v2\/pages\/1445\/revisions"}],"predecessor-version":[{"id":2061,"href":"https:\/\/betsamurocasino.org\/it\/wp-json\/wp\/v2\/pages\/1445\/revisions\/2061"}],"wp:attachment":[{"href":"https:\/\/betsamurocasino.org\/it\/wp-json\/wp\/v2\/media?parent=1445"}],"curies":[{"name":"wp","href":"https:\/\/api.w.org\/{rel}","templated":true}]}}