{"id":1447,"date":"2026-01-20T12:08:23","date_gmt":"2026-01-20T12:08:23","guid":{"rendered":"https:\/\/bonuskongcasino.com\/app\/"},"modified":"2026-03-19T10:15:32","modified_gmt":"2026-03-19T10:15:32","slug":"aplikacja","status":"publish","type":"page","link":"https:\/\/betsamurocasino.org\/pl\/aplikacja\/","title":{"rendered":"Aplikacja"},"content":{"rendered":"<h1>Platforma mobilna Betsamuro<\/h1>\n<p>Aplikacja Betsamuro to nowoczesne rozwi\u0105zanie mobilne, kt\u00f3re zapewnia szybki dost\u0119p do gier kasynowych bez skomplikowanego procesu instalacji. Zosta\u0142a stworzona przy u\u017cyciu najnowszych technologii internetowych i posiada prosty, przejrzysty interfejs. Platforma dzia\u0142a zar\u00f3wno na urz\u0105dzeniach mobilnych, jak i komputerach stacjonarnych, nie wykazuj\u0105c wi\u0119kszych r\u00f3\u017cnic w zakresie obs\u0142ugi.<\/p>\n<p>Betsamuro zapewnia graczom dost\u0119p do szerokiej gamy automat\u00f3w online, gier kasynowych na \u017cywo oraz gier sto\u0142owych, gwarantuj\u0105c przy tym stabilne dzia\u0142anie, wyra\u017an\u0105 grafik\u0119 i bezpieczne transakcje. Aplikacja \u0142\u0105czy w sobie wygod\u0119 z niezawodnym dzia\u0142aniem na r\u00f3\u017cnych urz\u0105dzeniach.<\/p>\n<div class=\"banner-wrap\" aria-label=\"Banner\"><img src=\"https:\/\/betsamurocasino.org\/wp-content\/uploads\/2026\/03\/banner-desktop.webp\" class=\"w-100 d-none d-lg-block img-pc main-banner-img\" alt=\"betsamuro banner desktop\" fetchpriority=\"high\" decoding=\"async\"><img src=\"https:\/\/betsamurocasino.org\/wp-content\/uploads\/2026\/03\/banner-mobile.webp\" class=\"w-100 d-none d-md-block d-lg-none main-banner-img\" alt=\"betsamuro banner mobile\" fetchpriority=\"high\" decoding=\"async\"><img src=\"https:\/\/betsamurocasino.org\/wp-content\/uploads\/2026\/03\/banner-mobile.webp\" class=\"w-100 d-md-none\" alt=\"betsamuro banner mobile\" fetchpriority=\"high\" decoding=\"async\"><div class=\"banner-description\">\n<div class=\"banner-title\">Bonusy powitalne<\/div>\n<p class=\"banner-header-title\">1500 \u20ac<\/p>\n<div class=\"banner-header-AdditionalText\">+ 250 Darmowe spiny<\/div>\n<button data-item=\"homepage_banner_link\" class=\"goto m-button m-gradient-border m-button--primary m-button--large banner-button btn-orange\">\n            <div class=\"m-button-content\">\n                <span>Zarejestruj si\u0119 teraz<\/span>\n                <span><\/span>\n            <\/div>\n        <\/button>\n<\/div>\n<div class=\"WelcomePack\">\n<p><img loading=\"lazy\" decoding=\"async\" class=\"alignnone size-full wp-image-1856\" src=\"https:\/\/betsamurocasino.org\/wp-content\/uploads\/2026\/03\/welcome-crown.png\" alt=\"welcome crown\" width=\"25\" height=\"26\" \/><\/p>\n<div class=\"WelcomePack-Info\">Cotygodniowy zwrot got\u00f3wki do 25%<\/div>\n<p><img loading=\"lazy\" decoding=\"async\" class=\"alignnone size-full wp-image-1856\" src=\"https:\/\/betsamurocasino.org\/wp-content\/uploads\/2026\/03\/welcome-crown.png\" alt=\"welcome crown\" width=\"25\" height=\"26\" \/><\/p>\n<\/div>\n<\/div>\n<h2>Korzystanie z aplikacji Betsamuro na urz\u0105dzeniach mobilnych<\/h2>\n<p>Aplikacja Betsamuro jest dostosowana do gier mobilnych i zoptymalizowana pod k\u0105tem stabilnego dzia\u0142ania na smartfonach i tabletach. Obs\u0142uguje najpopularniejsze urz\u0105dzenia i zosta\u0142a zaprojektowana tak, by dzia\u0142a\u0107 p\u0142ynnie, charakteryzuj\u0105c si\u0119 szybkim \u0142adowaniem oraz interfejsem u\u017cytkownika dostosowanym do mniejszych ekran\u00f3w.<\/p>\n<p>Dzi\u0119ki aplikacji Betsamuro gracze mog\u0105 korzysta\u0107 ze swoich ulubionych gier w r\u00f3\u017cnych sytuacjach \u2013 zar\u00f3wno w domu, jak i poza domem, gdy nie maj\u0105 dost\u0119pu do komputera stacjonarnego. Interfejs jest przejrzysty, co u\u0142atwia poruszanie si\u0119 po aplikacji, a platforma stosuje \u015brodki bezpiecze\u0144stwa maj\u0105ce na celu ochron\u0119 danych osobowych i transakcji p\u0142atniczych.<\/p>\n<p>Kasyno mobilne Betsamuro jest skierowane do u\u017cytkownik\u00f3w, kt\u00f3rzy poszukuj\u0105 bardziej elastycznego sposobu gry w por\u00f3wnaniu z wersj\u0105 na komputery stacjonarne. Umo\u017cliwia ono graczom korzystanie ze smartfon\u00f3w i tablet\u00f3w bez utraty dost\u0119pu do g\u0142\u00f3wnych kategorii gier ani jako\u015bci graficznej platformy. Pe\u0142na oferta gier pozostaje dost\u0119pna w czasie rzeczywistym.<\/p>\n<p><div class=\"scrollable-content-wrap my-5\"><div class=\"scrollable-content-inner\"><h2>Aplikacja mobilna Betsamuro na Androida<\/h2>\n<p>Wersja Betsamuro na Androida jest dost\u0119pna jako progresywna aplikacja internetowa (PWA), co pozwala u\u017cytkownikom na korzystanie z platformy bez konieczno\u015bci pobierania plik\u00f3w APK. Takie rozwi\u0105zanie zmniejsza zale\u017cno\u015b\u0107 od plik\u00f3w instalacyjnych innych firm i zapewnia bardziej bezpo\u015bredni dost\u0119p za po\u015brednictwem przegl\u0105darki.<\/p>\n<p>Format PWA u\u0142atwia instalacj\u0119 i umo\u017cliwia automatyczne aktualizacje, w tym wprowadzanie nowych funkcji i dodatk\u00f3w do gry. Aby umie\u015bci\u0107 aplikacj\u0119 na ekranie g\u0142\u00f3wnym, wystarczy skorzysta\u0107 z odpowiedniej opcji w mobilnej wersji strony. Po wykonaniu tej czynno\u015bci ikona staje si\u0119 dost\u0119pna i umo\u017cliwia szybki dost\u0119p.<\/p>\n<p>Wersja na Androida zachowuje g\u0142\u00f3wne funkcje platformy, w tym transakcje na prawdziwe pieni\u0105dze, powiadomienia o aktualnych ofertach oraz dost\u0119p do pe\u0142nego katalogu gier, takich jak automaty online, kasyno na \u017cywo i gry sto\u0142owe. Pod wzgl\u0119dem struktury i nawigacji pozostaje ona zbli\u017cona do wersji na komputery stacjonarne, co u\u0142atwia korzystanie z niej.<\/p>\n<p>Jakie s\u0105 zatem g\u0142\u00f3wne cechy naszej aplikacji Betsamuro? Wymie\u0144my je pokr\u00f3tce:<\/p>\n<ul>\n<li>W 100% responsywny interfejs, kt\u00f3ry dostosowuje si\u0119 do r\u00f3\u017cnych rozmiar\u00f3w ekran\u00f3w.<\/li>\n<li>Szybka rozgrywka i stabilna wydajno\u015b\u0107 nawet w godzinach najwi\u0119kszego nat\u0119\u017cenia ruchu.<\/li>\n<li>Dost\u0119p do automat\u00f3w online, kasyna na \u017cywo i gier typu crash.<\/li>\n<li>Transakcje zabezpieczone za pomoc\u0105 technologii szyfrowania.<\/li>\n<li>Kompatybilno\u015b\u0107 z urz\u0105dzeniami z systemem Android i iOS.<\/li>\n<li>Dost\u0119p bez d\u0142ugiego pobierania plik\u00f3w i skomplikowanej instalacji.<\/li>\n<\/ul>\n<p>Aplikacja Betsamuro zosta\u0142a stworzona jako praktyczna alternatywa dla u\u017cytkownik\u00f3w, kt\u00f3rzy preferuj\u0105 bezpo\u015bredni i uproszczony dost\u0119p do platformy.<\/p>\n<h3>Aplikacja PWA i plik APK kasyna Betsamuro<\/h3>\n<p>W Betsamuro platforma jest tworzona zgodnie z aktualnymi trendami cyfrowymi, a przej\u015bcie na aplikacj\u0119 internetow\u0105 stanowi odzwierciedlenie tego podej\u015bcia. Wykorzystanie technologii PWA ogranicza zapotrzebowanie na tradycyjne pliki APK, co pozwala unikn\u0105\u0107 dodatkowych etap\u00f3w instalacji z nieznanych \u017ar\u00f3de\u0142.<\/p>\n<p>Wersja PWA zosta\u0142a zaprojektowana z my\u015bl\u0105 o szybkim \u0142adowaniu i szerokiej kompatybilno\u015bci z nowoczesnymi urz\u0105dzeniami z systemem Android. Aplikacj\u0119 Betsamuro mo\u017cna doda\u0107 bezpo\u015brednio w przegl\u0105darce, a aktualizacje s\u0105 instalowane automatycznie, dzi\u0119ki czemu u\u017cytkownicy otrzymuj\u0105 najnowsze funkcje i ulepszenia techniczne bez konieczno\u015bci wykonywania r\u0119cznych czynno\u015bci. System ten pozwala zapewni\u0107 p\u0142ynniejsze dzia\u0142anie aplikacji, ograniczaj\u0105c problemy zwi\u0105zane z aktualizacjami i kompatybilno\u015bci\u0105.<\/p>\n<p>Dlaczego aplikacje PWA s\u0105 lepsze?<\/p>\n<table>\n<tbody>\n<tr>\n<td>Cechy kasyna Betsamuro<\/td>\n<td>PWA<\/td>\n<td>plik APK<\/td>\n<\/tr>\n<tr>\n<td>Bezpiecze\u0144stwo<\/td>\n<td>Wi\u0119ksze bezpiecze\u0144stwo dzi\u0119ki dost\u0119powi za po\u015brednictwem przegl\u0105darki.<\/td>\n<td>Pobieranie plik\u00f3w z nieznanych \u017ar\u00f3de\u0142 wi\u0105\u017ce si\u0119 z wi\u0119kszym ryzykiem.<\/td>\n<\/tr>\n<tr>\n<td>Jak zainstalowa\u0107<\/td>\n<td>Instalacja odbywa si\u0119 bezpo\u015brednio przez przegl\u0105dark\u0119 internetow\u0105.<\/td>\n<td>Wymaga r\u0119cznego pobrania i instalacji.<\/td>\n<\/tr>\n<tr>\n<td>Aktualizacje<\/td>\n<td>Aktualizowane automatycznie w przegl\u0105darce.<\/td>\n<td>Zazwyczaj wymaga r\u0119cznej aktualizacji.<\/td>\n<\/tr>\n<tr>\n<td>Kompatybilno\u015b\u0107<\/td>\n<td>Dzia\u0142a na wi\u0119kszo\u015bci nowoczesnych urz\u0105dze\u0144 z systemem Android i w wi\u0119kszo\u015bci przegl\u0105darek.<\/td>\n<td>W zale\u017cno\u015bci od urz\u0105dzenia lub aktualizacji systemu mog\u0105 wyst\u0105pi\u0107 problemy z kompatybilno\u015bci\u0105.<\/td>\n<\/tr>\n<tr>\n<td>Szybko\u015b\u0107 \u0142adowania<\/td>\n<td>Szybko si\u0119 \u0142aduje i zapewnia p\u0142ynniejsze dzia\u0142anie.<\/td>\n<td>Szybko\u015b\u0107 mo\u017ce zale\u017ce\u0107 od urz\u0105dzenia i zainstalowanej wersji.<\/td>\n<\/tr>\n<tr>\n<td>Konserwacja i aktualizacje:<\/td>\n<td>Nie jest wymagana r\u0119czna aktualizacja. U\u017cytkownicy uzyskuj\u0105 dost\u0119p do aktualnej wersji automatycznie.<\/td>\n<td>Konieczne jest r\u0119czne aktualizowanie.<\/td>\n<\/tr>\n<tr>\n<td>Do\u015bwiadczenie u\u017cytkownika:<\/td>\n<td>Zapewnia wi\u0119ksz\u0105 stabilno\u015b\u0107 dzia\u0142ania dzi\u0119ki mniejszej liczbie zak\u0142\u00f3ce\u0144 zwi\u0105zanych z oprogramowaniem i kompatybilno\u015bci\u0105.<\/td>\n<td>Aktualizacje i problemy techniczne mog\u0105 wp\u0142ywa\u0107 na funkcjonalno\u015b\u0107 serwisu.<\/td>\n<\/tr>\n<tr>\n<td>Dystrybucja:<\/td>\n<td>Dost\u0119pne bezpo\u015brednio przez przegl\u0105dark\u0119, bez konieczno\u015bci instalowania w sklepie.<\/td>\n<td>Zazwyczaj s\u0105 one dystrybuowane przez sklepy, kt\u00f3re maj\u0105 w\u0142asne zasady i procedury zatwierdzania.<\/td>\n<\/tr>\n<\/tbody>\n<\/table>\n<p><img loading=\"lazy\" decoding=\"async\" class=\"alignnone size-full wp-image-1896\" src=\"https:\/\/betsamurocasino.org\/wp-content\/uploads\/2026\/03\/Betsamuro-Casino-for-Android.webp\" alt=\"Betsamuro Casino for Android\" width=\"1248\" height=\"536\" srcset=\"https:\/\/betsamurocasino.org\/wp-content\/uploads\/2026\/03\/Betsamuro-Casino-for-Android.webp 1248w, https:\/\/betsamurocasino.org\/wp-content\/uploads\/2026\/03\/Betsamuro-Casino-for-Android-300x129.webp 300w, https:\/\/betsamurocasino.org\/wp-content\/uploads\/2026\/03\/Betsamuro-Casino-for-Android-1024x440.webp 1024w, https:\/\/betsamurocasino.org\/wp-content\/uploads\/2026\/03\/Betsamuro-Casino-for-Android-768x330.webp 768w\" sizes=\"auto, (max-width: 1248px) 100vw, 1248px\" \/><\/p>\n<\/div><\/div><div style=\"clear: both\"><\/div><div class=\"d-flex justify-content-center\"><button data-item=\"decouvrez_link\" data-group=\"website_links\" class=\"goto fw-bold rounded-pill btn btn-orange\" aria-label=\"Pobierz aplikacj\u0119 Betsamuro\" >Pobierz aplikacj\u0119 Betsamuro<\/button><\/div><div class=\"scrollable-content-wrap my-5\"><div class=\"scrollable-content-inner\"><h2>Aplikacja mobilna Betsamuro Casino na iOS<\/h2>\n<p>Kasyno Betsamuro oferuje r\u00f3wnie\u017c aplikacj\u0119 PWA dla u\u017cytkownik\u00f3w iPhone&#8217;\u00f3w i iPad\u00f3w. Aby j\u0105 zainstalowa\u0107, nale\u017cy otworzy\u0107 stron\u0119 w przegl\u0105darce Safari i wybra\u0107 opcj\u0119 \u201eDodaj do ekranu g\u0142\u00f3wnego\u201d z menu udost\u0119pniania. Po dodaniu aplikacja zapewnia bezpo\u015bredni dost\u0119p do automat\u00f3w online, gier kasynowych na \u017cywo oraz gier sto\u0142owych zoptymalizowanych pod k\u0105tem urz\u0105dze\u0144 Apple.<\/p>\n<p>Wersja na iOS zosta\u0142a stworzona z my\u015bl\u0105 o wydajno\u015bci, aby ograniczy\u0107 op\u00f3\u017anienia podczas rozgrywki. Grafika i animacje s\u0105 dostosowane do urz\u0105dze\u0144 Apple, a operacje zwi\u0105zane z p\u0142atno\u015bciami s\u0105 zabezpieczone za pomoc\u0105 szyfrowania i mechanizm\u00f3w weryfikacyjnych. Pomaga to stworzy\u0107 bezpieczniejsze \u015brodowisko do korzystania z aplikacji na urz\u0105dzeniach mobilnych.<\/p>\n<p><img loading=\"lazy\" decoding=\"async\" class=\"alignnone size-full wp-image-1904\" src=\"https:\/\/betsamurocasino.org\/wp-content\/uploads\/2026\/03\/Betsamuro-Casino-for-iOS.webp\" alt=\"Betsamuro Casino for iOS\" width=\"1248\" height=\"536\" srcset=\"https:\/\/betsamurocasino.org\/wp-content\/uploads\/2026\/03\/Betsamuro-Casino-for-iOS.webp 1248w, https:\/\/betsamurocasino.org\/wp-content\/uploads\/2026\/03\/Betsamuro-Casino-for-iOS-300x129.webp 300w, https:\/\/betsamurocasino.org\/wp-content\/uploads\/2026\/03\/Betsamuro-Casino-for-iOS-1024x440.webp 1024w, https:\/\/betsamurocasino.org\/wp-content\/uploads\/2026\/03\/Betsamuro-Casino-for-iOS-768x330.webp 768w\" sizes=\"auto, (max-width: 1248px) 100vw, 1248px\" \/><\/p>\n<\/div><\/div><div style=\"clear: both\"><\/div><div class=\"d-flex justify-content-center\"><button data-item=\"decouvrez_link\" data-group=\"website_links\" class=\"goto fw-bold rounded-pill btn btn-orange\" aria-label=\"Pobierz Betsamuro\" >Pobierz Betsamuro<\/button><\/div><div class=\"scrollable-content-wrap my-5\"><div class=\"scrollable-content-inner\"><h2>Aplikacje dla system\u00f3w Windows i macOS<\/h2>\n<p>Opr\u00f3cz wersji mobilnej kasyno Betsamuro jest r\u00f3wnie\u017c dost\u0119pne w wersji na komputery stacjonarne dla u\u017cytkownik\u00f3w system\u00f3w Windows i macOS. Wersja na komputery stacjonarne jest dostosowana do wi\u0119kszych ekran\u00f3w i zawiera uproszczony interfejs umo\u017cliwiaj\u0105cy dost\u0119p do konta oraz zarz\u0105dzanie gr\u0105.<\/p>\n<p>Gracze mog\u0105 korzysta\u0107 z pe\u0142nej oferty platformy, w tym automat\u00f3w online, gier kasynowych na \u017cywo, bakarata i pokera, przy zachowaniu standardowych funkcji transakcyjnych. Mo\u017cliwe jest r\u00f3wnie\u017c utworzenie skr\u00f3t\u00f3w na pulpicie, aby przyspieszy\u0107 dost\u0119p. Wersja na komputery stacjonarne zawiera te same kluczowe funkcje bezpiecze\u0144stwa, co wersja mobilna, a tak\u017ce obs\u0142ug\u0119 czatu na \u017cywo zapewniaj\u0105c\u0105 bezpo\u015bredni\u0105 pomoc.<\/p>\n<p><img loading=\"lazy\" decoding=\"async\" class=\"alignnone size-full wp-image-1880\" src=\"https:\/\/betsamurocasino.org\/wp-content\/uploads\/2026\/03\/Betsamuro-Application-for-PC.webp\" alt=\"Betsamuro Application for PC\" width=\"1248\" height=\"536\" srcset=\"https:\/\/betsamurocasino.org\/wp-content\/uploads\/2026\/03\/Betsamuro-Application-for-PC.webp 1248w, https:\/\/betsamurocasino.org\/wp-content\/uploads\/2026\/03\/Betsamuro-Application-for-PC-300x129.webp 300w, https:\/\/betsamurocasino.org\/wp-content\/uploads\/2026\/03\/Betsamuro-Application-for-PC-1024x440.webp 1024w, https:\/\/betsamurocasino.org\/wp-content\/uploads\/2026\/03\/Betsamuro-Application-for-PC-768x330.webp 768w\" sizes=\"auto, (max-width: 1248px) 100vw, 1248px\" \/><\/p>\n<\/div><\/div><div style=\"clear: both\"><\/div><div class=\"d-flex justify-content-center\"><button data-item=\"decouvrez_link\" data-group=\"website_links\" class=\"goto fw-bold rounded-pill btn btn-orange\" aria-label=\"Pobierz aplikacj\u0119 Betsamuro\" >Pobierz aplikacj\u0119 Betsamuro<\/button><\/div><div class=\"scrollable-content-wrap my-5\"><div class=\"scrollable-content-inner\"><h2>FAQ<\/h2>\n<h3>Czy do korzystania z aplikacji Betsamuro konieczne jest za\u0142o\u017cenie konta?<\/h3>\n<p>Aby uzyska\u0107 dost\u0119p do wszystkich funkcji platformy, w tym transakcji na prawdziwe pieni\u0105dze, funkcji gry oraz weryfikacji konta, u\u017cytkownicy musz\u0105 za\u0142o\u017cy\u0107 konto. Proces rejestracji w aplikacji Betsamuro jest prosty i nie zajmuje du\u017co czasu. Po rejestracji gracze mog\u0105 korzysta\u0107 ze swojego konta na r\u00f3\u017cnych urz\u0105dzeniach.<\/p>\n<h3>Czy aplikacja kasyna Bet Samuro oferuje obs\u0142ug\u0119 klienta?<\/h3>\n<p>Bet Samuro zapewnia obs\u0142ug\u0119 klienta przez ca\u0142\u0105 dob\u0119, siedem dni w tygodniu. U\u017cytkownicy mog\u0105 skontaktowa\u0107 si\u0119 z zespo\u0142em obs\u0142ugi klienta za po\u015brednictwem czatu na \u017cywo, poczty elektronicznej oraz sekcji FAQ. Pomoc obejmuje kwestie techniczne, pytania dotycz\u0105ce konta oraz sprawy zwi\u0105zane z p\u0142atno\u015bciami, co pozwala u\u017cytkownikom rozwi\u0105zywa\u0107 problemy pojawiaj\u0105ce si\u0119 podczas korzystania z platformy.<\/p>\n<h3>Jak zaktualizowa\u0107 aplikacj\u0119 kasyna Betsamuro?<\/h3>\n<p>W przypadku u\u017cytkownik\u00f3w urz\u0105dze\u0144 mobilnych aplikacja Betsamuro aktualizuje si\u0119 automatycznie za po\u015brednictwem aplikacji internetowej lub w formacie PWA. W wi\u0119kszo\u015bci przypadk\u00f3w nie jest wymagana \u017cadna r\u0119czna interwencja. Dzi\u0119ki temu u\u017cytkownicy maj\u0105 dost\u0119p do najnowszych funkcji i ulepsze\u0144 zabezpiecze\u0144 bez konieczno\u015bci osobnego instalowania aktualizacji.<\/p>\n<\/div><\/div><\/p>\n","protected":false},"excerpt":{"rendered":"<p>Platforma mobilna Betsamuro Aplikacja Betsamuro to nowoczesne rozwi\u0105zanie mobilne, kt\u00f3re zapewnia szybki dost\u0119p do gier kasynowych bez skomplikowanego procesu instalacji. Zosta\u0142a stworzona przy u\u017cyciu najnowszych technologii internetowych i posiada prosty, przejrzysty interfejs. Platforma dzia\u0142a zar\u00f3wno na urz\u0105dzeniach mobilnych, jak i komputerach stacjonarnych, nie wykazuj\u0105c wi\u0119kszych r\u00f3\u017cnic w zakresie obs\u0142ugi. Betsamuro zapewnia graczom dost\u0119p do szerokiej [&hellip;]<\/p>\n","protected":false},"author":1,"featured_media":0,"parent":0,"menu_order":0,"comment_status":"closed","ping_status":"closed","template":"template-builder.php","meta":{"_acf_changed":false,"inline_featured_image":false,"footnotes":""},"class_list":["post-1447","page","type-page","status-publish","hentry"],"acf":[],"yoast_head":"<!-- This site is optimized with the Yoast SEO plugin v27.3 - https:\/\/yoast.com\/product\/yoast-seo-wordpress\/ -->\n<title>Pobierz Betsamuro App | iOS i Android<\/title>\n<meta name=\"description\" content=\"Aplikacja Betsamuro zapewnia p\u0142ynn\u0105 rozgrywk\u0119 na platformach Android, iOS, Windows i macOS, a tak\u017ce oferuje synchronizacj\u0119 kont, regularne aktualizacje oraz wbudowan\u0105 obs\u0142ug\u0119 klienta, co znacznie u\u0142atwia korzystanie z aplikacji.\" \/>\n<meta name=\"robots\" content=\"index, follow, max-snippet:-1, max-image-preview:large, max-video-preview:-1\" \/>\n<link rel=\"canonical\" href=\"https:\/\/betsamurocasino.org\/pl\/aplikacja\/\" \/>\n<meta property=\"og:locale\" content=\"pl_PL\" \/>\n<meta property=\"og:type\" content=\"article\" \/>\n<meta property=\"og:title\" content=\"Pobierz Betsamuro App | iOS i Android\" \/>\n<meta property=\"og:description\" content=\"Aplikacja Betsamuro zapewnia p\u0142ynn\u0105 rozgrywk\u0119 na platformach Android, iOS, Windows i macOS, a tak\u017ce oferuje synchronizacj\u0119 kont, regularne aktualizacje oraz wbudowan\u0105 obs\u0142ug\u0119 klienta, co znacznie u\u0142atwia korzystanie z aplikacji.\" \/>\n<meta property=\"og:url\" content=\"https:\/\/betsamurocasino.org\/pl\/aplikacja\/\" \/>\n<meta property=\"og:site_name\" content=\"betsamuro\" \/>\n<meta property=\"article:modified_time\" content=\"2026-03-19T10:15:32+00:00\" \/>\n<meta name=\"twitter:card\" content=\"summary_large_image\" \/>\n<meta name=\"twitter:label1\" content=\"Est. reading time\" \/>\n\t<meta name=\"twitter:data1\" content=\"2 minutes\" \/>\n<script type=\"application\/ld+json\" class=\"yoast-schema-graph\">{\"@context\":\"https:\\\/\\\/schema.org\",\"@graph\":[{\"@type\":\"WebPage\",\"@id\":\"https:\\\/\\\/betsamurocasino.org\\\/pl\\\/aplikacja\\\/\",\"url\":\"https:\\\/\\\/betsamurocasino.org\\\/pl\\\/aplikacja\\\/\",\"name\":\"Pobierz Betsamuro App | iOS i Android\",\"isPartOf\":{\"@id\":\"https:\\\/\\\/betsamurocasino.org\\\/pl\\\/#website\"},\"datePublished\":\"2026-01-20T12:08:23+00:00\",\"dateModified\":\"2026-03-19T10:15:32+00:00\",\"description\":\"Aplikacja Betsamuro zapewnia p\u0142ynn\u0105 rozgrywk\u0119 na platformach Android, iOS, Windows i macOS, a tak\u017ce oferuje synchronizacj\u0119 kont, regularne aktualizacje oraz wbudowan\u0105 obs\u0142ug\u0119 klienta, co znacznie u\u0142atwia korzystanie z aplikacji.\",\"breadcrumb\":{\"@id\":\"https:\\\/\\\/betsamurocasino.org\\\/pl\\\/aplikacja\\\/#breadcrumb\"},\"inLanguage\":\"pl-PL\",\"potentialAction\":[{\"@type\":\"ReadAction\",\"target\":[\"https:\\\/\\\/betsamurocasino.org\\\/pl\\\/aplikacja\\\/\"]}]},{\"@type\":\"BreadcrumbList\",\"@id\":\"https:\\\/\\\/betsamurocasino.org\\\/pl\\\/aplikacja\\\/#breadcrumb\",\"itemListElement\":[{\"@type\":\"ListItem\",\"position\":1,\"name\":\"Betsamuro\",\"item\":\"https:\\\/\\\/betsamurocasino.org\\\/pl\\\/\"},{\"@type\":\"ListItem\",\"position\":2,\"name\":\"Aplikacja\"}]},{\"@type\":\"WebSite\",\"@id\":\"https:\\\/\\\/betsamurocasino.org\\\/pl\\\/#website\",\"url\":\"https:\\\/\\\/betsamurocasino.org\\\/pl\\\/\",\"name\":\"Betsamuro\",\"description\":\"\",\"publisher\":{\"@id\":\"https:\\\/\\\/betsamurocasino.org\\\/pl\\\/#organization\"},\"potentialAction\":[{\"@type\":\"SearchAction\",\"target\":{\"@type\":\"EntryPoint\",\"urlTemplate\":\"https:\\\/\\\/betsamurocasino.org\\\/pl\\\/?s={search_term_string}\"},\"query-input\":{\"@type\":\"PropertyValueSpecification\",\"valueRequired\":true,\"valueName\":\"search_term_string\"}}],\"inLanguage\":\"pl-PL\"},{\"@type\":\"Organization\",\"@id\":\"https:\\\/\\\/betsamurocasino.org\\\/pl\\\/#organization\",\"name\":\"Betsamuro\",\"url\":\"https:\\\/\\\/betsamurocasino.org\\\/pl\\\/\",\"logo\":{\"@type\":\"ImageObject\",\"inLanguage\":\"pl-PL\",\"@id\":\"https:\\\/\\\/betsamurocasino.org\\\/pl\\\/#\\\/schema\\\/logo\\\/image\\\/\",\"url\":\"https:\\\/\\\/betsamurocasino.org\\\/wp-content\\\/uploads\\\/2026\\\/03\\\/betsamuro-logo.png\",\"contentUrl\":\"https:\\\/\\\/betsamurocasino.org\\\/wp-content\\\/uploads\\\/2026\\\/03\\\/betsamuro-logo.png\",\"width\":150,\"height\":29,\"caption\":\"Betsamuro\"},\"image\":{\"@id\":\"https:\\\/\\\/betsamurocasino.org\\\/pl\\\/#\\\/schema\\\/logo\\\/image\\\/\"}}]}<\/script>\n<!-- \/ Yoast SEO plugin. -->","yoast_head_json":{"title":"Pobierz Betsamuro App | iOS i Android","description":"Aplikacja Betsamuro zapewnia p\u0142ynn\u0105 rozgrywk\u0119 na platformach Android, iOS, Windows i macOS, a tak\u017ce oferuje synchronizacj\u0119 kont, regularne aktualizacje oraz wbudowan\u0105 obs\u0142ug\u0119 klienta, co znacznie u\u0142atwia korzystanie z aplikacji.","robots":{"index":"index","follow":"follow","max-snippet":"max-snippet:-1","max-image-preview":"max-image-preview:large","max-video-preview":"max-video-preview:-1"},"canonical":"https:\/\/betsamurocasino.org\/pl\/aplikacja\/","og_locale":"pl_PL","og_type":"article","og_title":"Pobierz Betsamuro App | iOS i Android","og_description":"Aplikacja Betsamuro zapewnia p\u0142ynn\u0105 rozgrywk\u0119 na platformach Android, iOS, Windows i macOS, a tak\u017ce oferuje synchronizacj\u0119 kont, regularne aktualizacje oraz wbudowan\u0105 obs\u0142ug\u0119 klienta, co znacznie u\u0142atwia korzystanie z aplikacji.","og_url":"https:\/\/betsamurocasino.org\/pl\/aplikacja\/","og_site_name":"betsamuro","article_modified_time":"2026-03-19T10:15:32+00:00","twitter_card":"summary_large_image","twitter_misc":{"Est. reading time":"2 minutes"},"schema":{"@context":"https:\/\/schema.org","@graph":[{"@type":"WebPage","@id":"https:\/\/betsamurocasino.org\/pl\/aplikacja\/","url":"https:\/\/betsamurocasino.org\/pl\/aplikacja\/","name":"Pobierz Betsamuro App | iOS i Android","isPartOf":{"@id":"https:\/\/betsamurocasino.org\/pl\/#website"},"datePublished":"2026-01-20T12:08:23+00:00","dateModified":"2026-03-19T10:15:32+00:00","description":"Aplikacja Betsamuro zapewnia p\u0142ynn\u0105 rozgrywk\u0119 na platformach Android, iOS, Windows i macOS, a tak\u017ce oferuje synchronizacj\u0119 kont, regularne aktualizacje oraz wbudowan\u0105 obs\u0142ug\u0119 klienta, co znacznie u\u0142atwia korzystanie z aplikacji.","breadcrumb":{"@id":"https:\/\/betsamurocasino.org\/pl\/aplikacja\/#breadcrumb"},"inLanguage":"pl-PL","potentialAction":[{"@type":"ReadAction","target":["https:\/\/betsamurocasino.org\/pl\/aplikacja\/"]}]},{"@type":"BreadcrumbList","@id":"https:\/\/betsamurocasino.org\/pl\/aplikacja\/#breadcrumb","itemListElement":[{"@type":"ListItem","position":1,"name":"Betsamuro","item":"https:\/\/betsamurocasino.org\/pl\/"},{"@type":"ListItem","position":2,"name":"Aplikacja"}]},{"@type":"WebSite","@id":"https:\/\/betsamurocasino.org\/pl\/#website","url":"https:\/\/betsamurocasino.org\/pl\/","name":"Betsamuro","description":"","publisher":{"@id":"https:\/\/betsamurocasino.org\/pl\/#organization"},"potentialAction":[{"@type":"SearchAction","target":{"@type":"EntryPoint","urlTemplate":"https:\/\/betsamurocasino.org\/pl\/?s={search_term_string}"},"query-input":{"@type":"PropertyValueSpecification","valueRequired":true,"valueName":"search_term_string"}}],"inLanguage":"pl-PL"},{"@type":"Organization","@id":"https:\/\/betsamurocasino.org\/pl\/#organization","name":"Betsamuro","url":"https:\/\/betsamurocasino.org\/pl\/","logo":{"@type":"ImageObject","inLanguage":"pl-PL","@id":"https:\/\/betsamurocasino.org\/pl\/#\/schema\/logo\/image\/","url":"https:\/\/betsamurocasino.org\/wp-content\/uploads\/2026\/03\/betsamuro-logo.png","contentUrl":"https:\/\/betsamurocasino.org\/wp-content\/uploads\/2026\/03\/betsamuro-logo.png","width":150,"height":29,"caption":"Betsamuro"},"image":{"@id":"https:\/\/betsamurocasino.org\/pl\/#\/schema\/logo\/image\/"}}]}},"_links":{"self":[{"href":"https:\/\/betsamurocasino.org\/pl\/wp-json\/wp\/v2\/pages\/1447","targetHints":{"allow":["GET"]}}],"collection":[{"href":"https:\/\/betsamurocasino.org\/pl\/wp-json\/wp\/v2\/pages"}],"about":[{"href":"https:\/\/betsamurocasino.org\/pl\/wp-json\/wp\/v2\/types\/page"}],"author":[{"embeddable":true,"href":"https:\/\/betsamurocasino.org\/pl\/wp-json\/wp\/v2\/users\/1"}],"replies":[{"embeddable":true,"href":"https:\/\/betsamurocasino.org\/pl\/wp-json\/wp\/v2\/comments?post=1447"}],"version-history":[{"count":3,"href":"https:\/\/betsamurocasino.org\/pl\/wp-json\/wp\/v2\/pages\/1447\/revisions"}],"predecessor-version":[{"id":2069,"href":"https:\/\/betsamurocasino.org\/pl\/wp-json\/wp\/v2\/pages\/1447\/revisions\/2069"}],"wp:attachment":[{"href":"https:\/\/betsamurocasino.org\/pl\/wp-json\/wp\/v2\/media?parent=1447"}],"curies":[{"name":"wp","href":"https:\/\/api.w.org\/{rel}","templated":true}]}}