{"id":1486,"date":"2026-01-20T12:11:11","date_gmt":"2026-01-20T12:11:11","guid":{"rendered":"https:\/\/bonuskongcasino.com\/login-and-registration\/"},"modified":"2026-03-19T10:53:11","modified_gmt":"2026-03-19T10:53:11","slug":"logowanie-i-rejestracja","status":"publish","type":"page","link":"https:\/\/betsamurocasino.org\/pl\/logowanie-i-rejestracja\/","title":{"rendered":"Logowanie i rejestracja"},"content":{"rendered":"<h1>Logowanie i rejestracja na koncie Betsamuro<\/h1>\n<p>Logowanie do serwisu Betsamuro zapewnia u\u017cytkownikom dost\u0119p do g\u0142\u00f3wnych funkcji platformy, w tym do gier, ustawie\u0144 konta i aktualnych ofert. Platforma zapewnia stabilne i bezpieczne \u015brodowisko, w kt\u00f3rym gracze mog\u0105 zarz\u0105dza\u0107 swoimi profilami i korzysta\u0107 z dost\u0119pnych funkcji bez zb\u0119dnych komplikacji.<\/p>\n<p>Proces logowania w serwisie Betsamuro jest prosty i zaprojektowany z my\u015bl\u0105 o wygodnym dost\u0119pie. Platforma stosuje r\u00f3wnie\u017c \u015brodki bezpiecze\u0144stwa w celu ochrony kont u\u017cytkownik\u00f3w, a obs\u0142uga klienta jest dost\u0119pna przez ca\u0142\u0105 dob\u0119, gdyby potrzebna by\u0142a pomoc.<\/p>\n<p><div class=\"banner-wrap\" aria-label=\"Banner\"><img src=\"https:\/\/betsamurocasino.org\/wp-content\/uploads\/2026\/03\/banner-desktop.webp\" class=\"w-100 d-none d-lg-block img-pc main-banner-img\" alt=\"betsamuro banner desktop\" fetchpriority=\"high\" decoding=\"async\"><img src=\"https:\/\/betsamurocasino.org\/wp-content\/uploads\/2026\/03\/banner-mobile.webp\" class=\"w-100 d-none d-md-block d-lg-none main-banner-img\" alt=\"betsamuro banner mobile\" fetchpriority=\"high\" decoding=\"async\"><img src=\"https:\/\/betsamurocasino.org\/wp-content\/uploads\/2026\/03\/banner-mobile.webp\" class=\"w-100 d-md-none\" alt=\"betsamuro banner mobile\" fetchpriority=\"high\" decoding=\"async\"><div class=\"banner-description\">\n<div class=\"banner-title\">Bonusy powitalne<\/div>\n<p class=\"banner-header-title\">1500 \u20ac<\/p>\n<div class=\"banner-header-AdditionalText\">+ 250 Darmowe spiny<\/div>\n<button data-item=\"homepage_banner_link\" class=\"goto m-button m-gradient-border m-button--primary m-button--large banner-button btn-orange\">\n            <div class=\"m-button-content\">\n                <span>Zarejestruj si\u0119 teraz<\/span>\n                <span><\/span>\n            <\/div>\n        <\/button>\n<\/div>\n<div class=\"WelcomePack\">\n<p><img loading=\"lazy\" decoding=\"async\" class=\"alignnone size-full wp-image-1856\" src=\"https:\/\/betsamurocasino.org\/wp-content\/uploads\/2026\/03\/welcome-crown.png\" alt=\"welcome crown\" width=\"25\" height=\"26\" \/><\/p>\n<div class=\"WelcomePack-Info\">Cotygodniowy zwrot got\u00f3wki do 25%<\/div>\n<p><img loading=\"lazy\" decoding=\"async\" class=\"alignnone size-full wp-image-1856\" src=\"https:\/\/betsamurocasino.org\/wp-content\/uploads\/2026\/03\/welcome-crown.png\" alt=\"welcome crown\" width=\"25\" height=\"26\" \/><\/p>\n<\/div>\n<\/div><div class=\"scrollable-content-wrap my-5\"><div class=\"scrollable-content-inner\"><h2>Rejestracja nowego u\u017cytkownika w serwisie Betsamuro<\/h2>\n<p>Zak\u0142adaj\u0105c konto w serwisie Betsamuro, nowi u\u017cytkownicy zyskuj\u0105 dost\u0119p do g\u0142\u00f3wnych funkcji platformy oraz dost\u0119pnych ofert. Nowi cz\u0142onkowie mog\u0105 skorzysta\u0107 z pakietu powitalnego obejmuj\u0105cego bonusy w wysoko\u015bci do 1500 \u20ac + 250 darmowych spin\u00f3w.<\/p>\n<p>Rejestracja umo\u017cliwia r\u00f3wnie\u017c dost\u0119p do obszaru konta osobistego, gdzie u\u017cytkownicy mog\u0105 sprawdza\u0107 promocje, przegl\u0105da\u0107 turnieje oraz zarz\u0105dza\u0107 swoj\u0105 aktywno\u015bci\u0105 na platformie. System rejestracji zosta\u0142 zaprojektowany tak, aby by\u0142 prosty i szybki, dlatego proces ten zajmuje zazwyczaj tylko kilka minut.<\/p>\n<h2>Za\u0142\u00f3\u017c konto w kasynie Betsamuro<\/h2>\n<p>Je\u015bli gra w trybie demo przesta\u0142a Ci wystarcza\u0107 i chcesz przej\u015b\u0107 do gry na prawdziwe pieni\u0105dze, kolejnym krokiem jest za\u0142o\u017cenie konta osobistego w kasynie Betsamuro. Po zako\u0144czeniu rejestracji u\u017cytkownicy mog\u0105 zalogowa\u0107 si\u0119 do serwisu Betsamuro i uzyska\u0107 dost\u0119p do wszystkich funkcji platformy.<\/p>\n<p>Proces zak\u0142adania konta w kasynie Betsamuro rozpoczyna si\u0119 od prostej procedury rejestracji.<\/p>\n<ol>\n<li>W prawym g\u00f3rnym rogu strony g\u0142\u00f3wnej kasyna Betsamuro znajduje si\u0119 przycisk rejestracji.<\/li>\n<li>Wprowad\u017a wymagane dane, w tym sw\u00f3j adres e-mail i bezpieczne has\u0142o.<\/li>\n<li>Potwierd\u017a wprowadzone dane, zaznaczaj\u0105c pole wyboru i wyra\u017caj\u0105c zgod\u0119 na warunki.<\/li>\n<li>Po rejestracji konto staje si\u0119 dost\u0119pne do natychmiastowego u\u017cytku, wraz z dost\u0119pem do g\u0142\u00f3wnych funkcji i opcji platformy.<\/li>\n<\/ol>\n<p>Proces rejestracji zosta\u0142 zorganizowany w taki spos\u00f3b, aby u\u017cytkownicy mogli zacz\u0105\u0107 korzysta\u0107 z platformy bez wi\u0119kszych op\u00f3\u017anie\u0144. Dost\u0119pna jest r\u00f3wnie\u017c obs\u0142uga wielu j\u0119zyk\u00f3w, co sprawia, \u017ce proces rejestracji i logowania jest wygodniejszy dla graczy z r\u00f3\u017cnych kraj\u00f3w.<\/p>\n<p><img loading=\"lazy\" decoding=\"async\" src=\"https:\/\/betsamurocasino.org\/wp-content\/uploads\/2026\/03\/Betsamuro-Login-Page.webp\" alt=\"Betsamuro Login Page\" width=\"1248\" height=\"536\" \/><\/p>\n<h2>Tworzenie i korzystanie z konta Betsamuro<\/h2>\n<p>Zalogowanie si\u0119 na konto Betsamuro jest bardzo proste. Przejd\u017a do prawego g\u00f3rnego rogu strony i kliknij przycisk \u201eZaloguj si\u0119\u201d. Nast\u0119pnie wprowad\u017a zarejestrowany adres e-mail i has\u0142o, aby uzyska\u0107 dost\u0119p do konta. Po zalogowaniu si\u0119 u\u017cytkownicy mog\u0105 dokonywa\u0107 wp\u0142at, przegl\u0105da\u0107 histori\u0119 konta oraz zarz\u0105dza\u0107 ustawieniami profilu.<\/p>\n<p>W panelu konta gracze mog\u0105 zarz\u0105dza\u0107 wp\u0142atami i wyp\u0142atami, ustawia\u0107 limity wp\u0142at, przegl\u0105da\u0107 histori\u0119 gry oraz bra\u0107 udzia\u0142 w promocjach. Interfejs jest zaprojektowany w spos\u00f3b przyjazny dla u\u017cytkownika, dzi\u0119ki czemu g\u0142\u00f3wne opcje zarz\u0105dzania kontem s\u0105 \u0142atwe do znalezienia i obs\u0142ugi.<\/p>\n<p>Dodatkowe funkcje obejmuj\u0105 zapraszanie znajomych za pomoc\u0105 link\u00f3w polecaj\u0105cych, aktualizowanie danych osobowych oraz w\u0142\u0105czanie uwierzytelniania dwusk\u0142adnikowego w celu zapewnienia dodatkowej ochrony konta. Po\u0142\u0105czenie przejrzystego interfejsu i praktycznych narz\u0119dzi do obs\u0142ugi konta sprawia, \u017ce logowanie do serwisu Betsamuro stanowi wygodny punkt dost\u0119pu do platformy.<\/p>\n<h3>Nie pami\u0119tasz has\u0142a?<\/h3>\n<p>Je\u015bli masz problemy z dost\u0119pem do swojego konta Betsamuro z powodu zapomnianego has\u0142a lub innych trudno\u015bci z logowaniem, proces odzyskiwania has\u0142a jest bardzo prosty.<\/p>\n<ol>\n<li>Kliknij przycisk logowania do serwisu Betsamuro.<\/li>\n<li>Wybierz opcj\u0119 \u201eNie pami\u0119tasz has\u0142a?\u201d.<\/li>\n<li>Wpisz sw\u00f3j zarejestrowany adres e-mail, a otrzymasz wiadomo\u015b\u0107 zawieraj\u0105c\u0105 instrukcje dotycz\u0105ce resetowania has\u0142a.<\/li>\n<li>Post\u0119puj zgodnie z instrukcjami zawartymi w wiadomo\u015bci e-mail.<\/li>\n<li>Zaloguj si\u0119 ponownie na swoje konto.<\/li>\n<\/ol>\n<p>Zesp\u00f3\u0142 pomocy technicznej jest r\u00f3wnie\u017c dost\u0119pny na czacie na \u017cywo lub przez e-mail, aby pom\u00f3c w odzyskaniu konta lub w innych kwestiach zwi\u0105zanych z logowaniem do serwisu Betsamuro. Podczas tego procesu stosowane s\u0105 \u015brodki bezpiecze\u0144stwa w celu ochrony danych u\u017cytkownik\u00f3w.<\/p>\n<h3>Weryfikacja konta i bezpiecze\u0144stwo w kasynie Betsamuro<\/h3>\n<p>Weryfikacja konta stanowi wa\u017cny element zabezpieczenia konta w serwisie Betsamuro. Proces weryfikacji zazwyczaj wymaga od u\u017cytkownik\u00f3w dostarczenia dokument\u00f3w to\u017csamo\u015bci, takich jak paszport lub prawo jazdy, a tak\u017ce potwierdzenia adresu zamieszkania, na przyk\u0142ad rachunku za media. Ten krok pomaga potwierdzi\u0107 to\u017csamo\u015b\u0107, zmniejszy\u0107 ryzyko oszustwa oraz odblokowa\u0107 mo\u017cliwo\u015b\u0107 wyp\u0142aty \u015brodk\u00f3w.<\/p>\n<table>\n<tbody>\n<tr>\n<td>Aspekt kasyna Betsamuro<\/td>\n<td>Wi\u0119cej szczeg\u00f3\u0142\u00f3w<\/td>\n<\/tr>\n<tr>\n<td>Dokumenty potwierdzaj\u0105ce<\/td>\n<td>Wa\u017cny dokument to\u017csamo\u015bci (paszport, prawo jazdy), potwierdzenie adresu zamieszkania (rachunek za media lub za nieruchomo\u015b\u0107)<\/td>\n<\/tr>\n<tr>\n<td>Termin przeprowadzenia kontroli<\/td>\n<td>Oko\u0142o 48 godzin po z\u0142o\u017ceniu<\/td>\n<\/tr>\n<tr>\n<td>Korzy\u015b\u0107 dla gracza<\/td>\n<td>Wi\u0119ksze bezpiecze\u0144stwo, brak limit\u00f3w wyp\u0142at<\/td>\n<\/tr>\n<\/tbody>\n<\/table>\n<p>Standardowy czas rozpatrywania wniosku o weryfikacj\u0119 wynosi zazwyczaj oko\u0142o 48 godzin od momentu przes\u0142ania dokument\u00f3w. Po zako\u0144czeniu weryfikacji konto zyskuje dodatkowy poziom ochrony oraz szerszy dost\u0119p do funkcji wyp\u0142at. Betsamuro stosuje r\u00f3wnie\u017c szyfrowanie SSL i obs\u0142uguje dodatkowe narz\u0119dzia zabezpieczaj\u0105ce, w tym uwierzytelnianie dwusk\u0142adnikowe, o ile jest ono dost\u0119pne.<\/p>\n<h2>FAQ<\/h2>\n<h3>Jak przeprowadzi\u0107 proces weryfikacji konta w kasynie Betsamuro?<\/h3>\n<p>Aby zako\u0144czy\u0107 weryfikacj\u0119 konta, zaloguj si\u0119 na swoje konto w serwisie Betsamuro i przejd\u017a do sekcji weryfikacji. W tym miejscu nale\u017cy przes\u0142a\u0107 wyra\u017ane kopie wa\u017cnego dokumentu to\u017csamo\u015bci oraz potwierdzenia adresu zamieszkania. Po przes\u0142aniu dokument\u00f3w zesp\u00f3\u0142 obs\u0142ugi klienta je sprawdzi i poinformuje u\u017cytkownika o zako\u0144czeniu weryfikacji, zazwyczaj w ci\u0105gu 48 godzin. Weryfikacja pomaga zwi\u0119kszy\u0107 bezpiecze\u0144stwo konta i umo\u017cliwia korzystanie z funkcji wyp\u0142at.<\/p>\n<h3>Jak zaktualizowa\u0107 has\u0142o lub adres e-mail?<\/h3>\n<p>Ustawienia konta mo\u017cna zarz\u0105dza\u0107 za po\u015brednictwem osobistego panelu u\u017cytkownika. Je\u015bli chcesz zmieni\u0107 has\u0142o, skorzystaj z opcji \u201eNie pami\u0119tasz has\u0142a?\u201d znajduj\u0105cej si\u0119 obok sekcji logowania do serwisu Betsamuro. Aby zaktualizowa\u0107 adres e-mail, przejd\u017a do sekcji informacji o koncie i post\u0119puj zgodnie z wy\u015bwietlanymi instrukcjami. Ze wzgl\u0119d\u00f3w bezpiecze\u0144stwa zaleca si\u0119 u\u017cywanie silnego has\u0142a, kt\u00f3re nie jest wykorzystywane na innych platformach. Dodaj\u0105c nowy adres e-mail, nale\u017cy go r\u00f3wnie\u017c potwierdzi\u0107, klikaj\u0105c link wys\u0142any na skrzynk\u0119 odbiorcz\u0105.<\/p>\n<h3>Co mam zrobi\u0107, je\u015bli moje konto zosta\u0142o zablokowane?<\/h3>\n<p>Je\u015bli dost\u0119p do Twojego konta jest ograniczony, najlepiej jak najszybciej skontaktowa\u0107 si\u0119 z zespo\u0142em obs\u0142ugi klienta Betsamuro. Konto mo\u017ce zosta\u0107 zablokowane po kilku nieudanych pr\u00f3bach logowania lub z powodu problem\u00f3w zwi\u0105zanych z bezpiecze\u0144stwem. W takich przypadkach zesp\u00f3\u0142 obs\u0142ugi klienta sprawdza dane konta i pomaga przywr\u00f3ci\u0107 dost\u0119p. Przed odblokowaniem konta mo\u017ce by\u0107 konieczne podanie dodatkowych informacji w celu potwierdzenia to\u017csamo\u015bci u\u017cytkownika.<\/p>\n<\/div><\/div><\/p>\n","protected":false},"excerpt":{"rendered":"<p>Logowanie i rejestracja na koncie Betsamuro Logowanie do serwisu Betsamuro zapewnia u\u017cytkownikom dost\u0119p do g\u0142\u00f3wnych funkcji platformy, w tym do gier, ustawie\u0144 konta i aktualnych ofert. Platforma zapewnia stabilne i bezpieczne \u015brodowisko, w kt\u00f3rym gracze mog\u0105 zarz\u0105dza\u0107 swoimi profilami i korzysta\u0107 z dost\u0119pnych funkcji bez zb\u0119dnych komplikacji. Proces logowania w serwisie Betsamuro jest prosty i [&hellip;]<\/p>\n","protected":false},"author":1,"featured_media":0,"parent":0,"menu_order":0,"comment_status":"closed","ping_status":"closed","template":"template-builder.php","meta":{"_acf_changed":false,"inline_featured_image":false,"footnotes":""},"class_list":["post-1486","page","type-page","status-publish","hentry"],"acf":[],"yoast_head":"<!-- This site is optimized with the Yoast SEO plugin v27.3 - https:\/\/yoast.com\/product\/yoast-seo-wordpress\/ -->\n<title>Betsamuro Login\u2013 Zarejestruj si\u0119 i zarz\u0105dzaj kontem<\/title>\n<meta name=\"description\" content=\"Z \u0142atwo\u015bci\u0105 za\u0142\u00f3\u017c konto w kasynie Betsamuro, zarz\u0105dzaj nim i weryfikuj je dzi\u0119ki szybkiej rejestracji, p\u0142ynnemu procesowi odzyskiwania konta oraz bezpiecznemu zamkni\u0119ciu konta, co zapewnia ca\u0142odobow\u0105 ochron\u0119 za po\u015brednictwem logowania do serwisu Betsamuro.\" \/>\n<meta name=\"robots\" content=\"index, follow, max-snippet:-1, max-image-preview:large, max-video-preview:-1\" \/>\n<link rel=\"canonical\" href=\"https:\/\/betsamurocasino.org\/pl\/logowanie-i-rejestracja\/\" \/>\n<meta property=\"og:locale\" content=\"pl_PL\" \/>\n<meta property=\"og:type\" content=\"article\" \/>\n<meta property=\"og:title\" content=\"Betsamuro Login\u2013 Zarejestruj si\u0119 i zarz\u0105dzaj kontem\" \/>\n<meta property=\"og:description\" content=\"Z \u0142atwo\u015bci\u0105 za\u0142\u00f3\u017c konto w kasynie Betsamuro, zarz\u0105dzaj nim i weryfikuj je dzi\u0119ki szybkiej rejestracji, p\u0142ynnemu procesowi odzyskiwania konta oraz bezpiecznemu zamkni\u0119ciu konta, co zapewnia ca\u0142odobow\u0105 ochron\u0119 za po\u015brednictwem logowania do serwisu Betsamuro.\" \/>\n<meta property=\"og:url\" content=\"https:\/\/betsamurocasino.org\/pl\/logowanie-i-rejestracja\/\" \/>\n<meta property=\"og:site_name\" content=\"betsamuro\" \/>\n<meta property=\"article:modified_time\" content=\"2026-03-19T10:53:11+00:00\" \/>\n<meta name=\"twitter:card\" content=\"summary_large_image\" \/>\n<meta name=\"twitter:label1\" content=\"Est. reading time\" \/>\n\t<meta name=\"twitter:data1\" content=\"1 minute\" \/>\n<script type=\"application\/ld+json\" class=\"yoast-schema-graph\">{\"@context\":\"https:\\\/\\\/schema.org\",\"@graph\":[{\"@type\":\"WebPage\",\"@id\":\"https:\\\/\\\/betsamurocasino.org\\\/pl\\\/logowanie-i-rejestracja\\\/\",\"url\":\"https:\\\/\\\/betsamurocasino.org\\\/pl\\\/logowanie-i-rejestracja\\\/\",\"name\":\"Betsamuro Login\u2013 Zarejestruj si\u0119 i zarz\u0105dzaj kontem\",\"isPartOf\":{\"@id\":\"https:\\\/\\\/betsamurocasino.org\\\/pl\\\/#website\"},\"datePublished\":\"2026-01-20T12:11:11+00:00\",\"dateModified\":\"2026-03-19T10:53:11+00:00\",\"description\":\"Z \u0142atwo\u015bci\u0105 za\u0142\u00f3\u017c konto w kasynie Betsamuro, zarz\u0105dzaj nim i weryfikuj je dzi\u0119ki szybkiej rejestracji, p\u0142ynnemu procesowi odzyskiwania konta oraz bezpiecznemu zamkni\u0119ciu konta, co zapewnia ca\u0142odobow\u0105 ochron\u0119 za po\u015brednictwem logowania do serwisu Betsamuro.\",\"breadcrumb\":{\"@id\":\"https:\\\/\\\/betsamurocasino.org\\\/pl\\\/logowanie-i-rejestracja\\\/#breadcrumb\"},\"inLanguage\":\"pl-PL\",\"potentialAction\":[{\"@type\":\"ReadAction\",\"target\":[\"https:\\\/\\\/betsamurocasino.org\\\/pl\\\/logowanie-i-rejestracja\\\/\"]}]},{\"@type\":\"BreadcrumbList\",\"@id\":\"https:\\\/\\\/betsamurocasino.org\\\/pl\\\/logowanie-i-rejestracja\\\/#breadcrumb\",\"itemListElement\":[{\"@type\":\"ListItem\",\"position\":1,\"name\":\"Betsamuro\",\"item\":\"https:\\\/\\\/betsamurocasino.org\\\/pl\\\/\"},{\"@type\":\"ListItem\",\"position\":2,\"name\":\"Logowanie i rejestracja\"}]},{\"@type\":\"WebSite\",\"@id\":\"https:\\\/\\\/betsamurocasino.org\\\/pl\\\/#website\",\"url\":\"https:\\\/\\\/betsamurocasino.org\\\/pl\\\/\",\"name\":\"Betsamuro\",\"description\":\"\",\"publisher\":{\"@id\":\"https:\\\/\\\/betsamurocasino.org\\\/pl\\\/#organization\"},\"potentialAction\":[{\"@type\":\"SearchAction\",\"target\":{\"@type\":\"EntryPoint\",\"urlTemplate\":\"https:\\\/\\\/betsamurocasino.org\\\/pl\\\/?s={search_term_string}\"},\"query-input\":{\"@type\":\"PropertyValueSpecification\",\"valueRequired\":true,\"valueName\":\"search_term_string\"}}],\"inLanguage\":\"pl-PL\"},{\"@type\":\"Organization\",\"@id\":\"https:\\\/\\\/betsamurocasino.org\\\/pl\\\/#organization\",\"name\":\"Betsamuro\",\"url\":\"https:\\\/\\\/betsamurocasino.org\\\/pl\\\/\",\"logo\":{\"@type\":\"ImageObject\",\"inLanguage\":\"pl-PL\",\"@id\":\"https:\\\/\\\/betsamurocasino.org\\\/pl\\\/#\\\/schema\\\/logo\\\/image\\\/\",\"url\":\"https:\\\/\\\/betsamurocasino.org\\\/wp-content\\\/uploads\\\/2026\\\/03\\\/betsamuro-logo.png\",\"contentUrl\":\"https:\\\/\\\/betsamurocasino.org\\\/wp-content\\\/uploads\\\/2026\\\/03\\\/betsamuro-logo.png\",\"width\":150,\"height\":29,\"caption\":\"Betsamuro\"},\"image\":{\"@id\":\"https:\\\/\\\/betsamurocasino.org\\\/pl\\\/#\\\/schema\\\/logo\\\/image\\\/\"}}]}<\/script>\n<!-- \/ Yoast SEO plugin. -->","yoast_head_json":{"title":"Betsamuro Login\u2013 Zarejestruj si\u0119 i zarz\u0105dzaj kontem","description":"Z \u0142atwo\u015bci\u0105 za\u0142\u00f3\u017c konto w kasynie Betsamuro, zarz\u0105dzaj nim i weryfikuj je dzi\u0119ki szybkiej rejestracji, p\u0142ynnemu procesowi odzyskiwania konta oraz bezpiecznemu zamkni\u0119ciu konta, co zapewnia ca\u0142odobow\u0105 ochron\u0119 za po\u015brednictwem logowania do serwisu Betsamuro.","robots":{"index":"index","follow":"follow","max-snippet":"max-snippet:-1","max-image-preview":"max-image-preview:large","max-video-preview":"max-video-preview:-1"},"canonical":"https:\/\/betsamurocasino.org\/pl\/logowanie-i-rejestracja\/","og_locale":"pl_PL","og_type":"article","og_title":"Betsamuro Login\u2013 Zarejestruj si\u0119 i zarz\u0105dzaj kontem","og_description":"Z \u0142atwo\u015bci\u0105 za\u0142\u00f3\u017c konto w kasynie Betsamuro, zarz\u0105dzaj nim i weryfikuj je dzi\u0119ki szybkiej rejestracji, p\u0142ynnemu procesowi odzyskiwania konta oraz bezpiecznemu zamkni\u0119ciu konta, co zapewnia ca\u0142odobow\u0105 ochron\u0119 za po\u015brednictwem logowania do serwisu Betsamuro.","og_url":"https:\/\/betsamurocasino.org\/pl\/logowanie-i-rejestracja\/","og_site_name":"betsamuro","article_modified_time":"2026-03-19T10:53:11+00:00","twitter_card":"summary_large_image","twitter_misc":{"Est. reading time":"1 minute"},"schema":{"@context":"https:\/\/schema.org","@graph":[{"@type":"WebPage","@id":"https:\/\/betsamurocasino.org\/pl\/logowanie-i-rejestracja\/","url":"https:\/\/betsamurocasino.org\/pl\/logowanie-i-rejestracja\/","name":"Betsamuro Login\u2013 Zarejestruj si\u0119 i zarz\u0105dzaj kontem","isPartOf":{"@id":"https:\/\/betsamurocasino.org\/pl\/#website"},"datePublished":"2026-01-20T12:11:11+00:00","dateModified":"2026-03-19T10:53:11+00:00","description":"Z \u0142atwo\u015bci\u0105 za\u0142\u00f3\u017c konto w kasynie Betsamuro, zarz\u0105dzaj nim i weryfikuj je dzi\u0119ki szybkiej rejestracji, p\u0142ynnemu procesowi odzyskiwania konta oraz bezpiecznemu zamkni\u0119ciu konta, co zapewnia ca\u0142odobow\u0105 ochron\u0119 za po\u015brednictwem logowania do serwisu Betsamuro.","breadcrumb":{"@id":"https:\/\/betsamurocasino.org\/pl\/logowanie-i-rejestracja\/#breadcrumb"},"inLanguage":"pl-PL","potentialAction":[{"@type":"ReadAction","target":["https:\/\/betsamurocasino.org\/pl\/logowanie-i-rejestracja\/"]}]},{"@type":"BreadcrumbList","@id":"https:\/\/betsamurocasino.org\/pl\/logowanie-i-rejestracja\/#breadcrumb","itemListElement":[{"@type":"ListItem","position":1,"name":"Betsamuro","item":"https:\/\/betsamurocasino.org\/pl\/"},{"@type":"ListItem","position":2,"name":"Logowanie i rejestracja"}]},{"@type":"WebSite","@id":"https:\/\/betsamurocasino.org\/pl\/#website","url":"https:\/\/betsamurocasino.org\/pl\/","name":"Betsamuro","description":"","publisher":{"@id":"https:\/\/betsamurocasino.org\/pl\/#organization"},"potentialAction":[{"@type":"SearchAction","target":{"@type":"EntryPoint","urlTemplate":"https:\/\/betsamurocasino.org\/pl\/?s={search_term_string}"},"query-input":{"@type":"PropertyValueSpecification","valueRequired":true,"valueName":"search_term_string"}}],"inLanguage":"pl-PL"},{"@type":"Organization","@id":"https:\/\/betsamurocasino.org\/pl\/#organization","name":"Betsamuro","url":"https:\/\/betsamurocasino.org\/pl\/","logo":{"@type":"ImageObject","inLanguage":"pl-PL","@id":"https:\/\/betsamurocasino.org\/pl\/#\/schema\/logo\/image\/","url":"https:\/\/betsamurocasino.org\/wp-content\/uploads\/2026\/03\/betsamuro-logo.png","contentUrl":"https:\/\/betsamurocasino.org\/wp-content\/uploads\/2026\/03\/betsamuro-logo.png","width":150,"height":29,"caption":"Betsamuro"},"image":{"@id":"https:\/\/betsamurocasino.org\/pl\/#\/schema\/logo\/image\/"}}]}},"_links":{"self":[{"href":"https:\/\/betsamurocasino.org\/pl\/wp-json\/wp\/v2\/pages\/1486","targetHints":{"allow":["GET"]}}],"collection":[{"href":"https:\/\/betsamurocasino.org\/pl\/wp-json\/wp\/v2\/pages"}],"about":[{"href":"https:\/\/betsamurocasino.org\/pl\/wp-json\/wp\/v2\/types\/page"}],"author":[{"embeddable":true,"href":"https:\/\/betsamurocasino.org\/pl\/wp-json\/wp\/v2\/users\/1"}],"replies":[{"embeddable":true,"href":"https:\/\/betsamurocasino.org\/pl\/wp-json\/wp\/v2\/comments?post=1486"}],"version-history":[{"count":3,"href":"https:\/\/betsamurocasino.org\/pl\/wp-json\/wp\/v2\/pages\/1486\/revisions"}],"predecessor-version":[{"id":2071,"href":"https:\/\/betsamurocasino.org\/pl\/wp-json\/wp\/v2\/pages\/1486\/revisions\/2071"}],"wp:attachment":[{"href":"https:\/\/betsamurocasino.org\/pl\/wp-json\/wp\/v2\/media?parent=1486"}],"curies":[{"name":"wp","href":"https:\/\/api.w.org\/{rel}","templated":true}]}}